{"id":111,"date":"2021-07-24T10:40:28","date_gmt":"2021-07-24T10:40:28","guid":{"rendered":"https:\/\/demo.joycathouse.com\/?page_id=111"},"modified":"2021-07-24T10:43:16","modified_gmt":"2021-07-24T10:43:16","slug":"mot-cau-chuyen-da-dien-ra-tu-nam-2001","status":"publish","type":"page","link":"https:\/\/hq-empire.com\/?page_id=111","title":{"rendered":"M\u1ed8T C\u00c2U CHUY\u1ec6N \u0110\u00c3 DI\u1ec4N RA T\u1eea N\u0102M 2001"},"content":{"rendered":"\n<p><strong>HQ-EMPIRE c\u00f2n \u0111\u01b0\u1ee3c g\u1ecdi ng\u1eafn g\u1ecdn l\u00e0 HQ l\u00e0 m\u1ed9t th\u01b0\u01a1ng hi\u1ec7u \u0111\u01b0\u1ee3c \u00f4ng Ho\u00e0ng Th\u00e0nh Quang s\u00e1ng l\u1eadp &#8211; T\u1ed1t nghi\u1ec7p \u0110\u1ea1i h\u1ecdc ng\u00e0nh Qu\u1ea3n Tr\u1ecb Th\u00f4ng Tin v\u1edbi nhi\u1ec1u d\u1ef1 \u0111\u1ecbnh, nh\u01b0ng h\u01a1n h\u1ebft \u00f4ng Ho\u00e0ng Th\u00e0nh Quang quy\u1ebft \u0111\u1ecbnh trong cu\u1ed9c \u0111\u1eddi ph\u1ea3i x\u00e2y d\u1ef1ng m\u1ed9t th\u01b0\u01a1ng hi\u1ec7u ri\u00eang mang t\u00ean m\u00ecnh. V\u00e0 HQ-EMPIRE \u0111\u00e3 ra \u0111\u1eddi v\u00e0o th\u00e1ng 8 n\u0103m 2001 t\u1ea1i H\u00e0 n\u1ed9i v\u1edbi l\u0129nh v\u1ef1c \u0111\u1ea7u ti\u00ean l\u00e0 th\u1eddi trang&#8230;<\/strong><\/p>\n\n\n\n<div class=\"wp-block-image\"><figure class=\"aligncenter size-full\"><img loading=\"lazy\" decoding=\"async\" width=\"550\" height=\"367\" src=\"https:\/\/demo.joycathouse.com\/wp-content\/uploads\/2021\/07\/tumblr_ono2i8PWse1s41qhqo1_1280.jpg\" alt=\"\" class=\"wp-image-113\" srcset=\"https:\/\/hq-empire.com\/wp-content\/uploads\/2021\/07\/tumblr_ono2i8PWse1s41qhqo1_1280.jpg 550w, https:\/\/hq-empire.com\/wp-content\/uploads\/2021\/07\/tumblr_ono2i8PWse1s41qhqo1_1280-300x200.jpg 300w\" sizes=\"auto, (max-width: 550px) 100vw, 550px\" \/><\/figure><\/div>\n\n\n\n<p><strong>Th\u1eddi k\u1ef3 \u0111\u1ea7u l\u1eadp nghi\u1ec7p, th\u01b0\u01a1ng hi\u1ec7u HQ ch\u00fa tr\u1ecdng chuy\u00ean v\u1ec1 c\u00e1c m\u1eb7t h\u00e0ng th\u1eddi trang d\u00e0nh cho ph\u00e1i n\u1eef. S\u1ef1 th\u00e0nh c\u00f4ng \u0111\u1ebfn kh\u00e1 nhanh nh\u1eefng c\u0169ng&nbsp;k\u00e8m v\u1edbi \u00e1p l\u1ef1c c\u00f4ng vi\u1ec7c qu\u00e1 t\u1ea3i do nhu c\u1ea7u may m\u1eb7c c\u1ee7a ph\u00e1i n\u1eef l\u00e0 kh\u00e1 l\u1edbn<em>&nbsp;(b\u1edfi c\u00e1c s\u1ea3n ph\u1ea9m c\u1ee7a HQ ngay t\u1eeb \u0111\u1ea7u kh\u1edfi nghi\u1ec7p \u0111\u00e3 mang t\u00ednh ch\u1ea5t th\u1ee7 c\u00f4ng, \u0111\u01a1n chi\u1ebfc)<\/em>&nbsp;bu\u1ed9c \u00f4ng Ho\u00e0ng Th\u00e0nh Quang sau 5 n\u0103m ph\u00e1t tri\u1ec3n l\u0129nh v\u1ef1c may m\u1eb7c d\u00e0nh cho ph\u00e1i n\u1eef \u0111\u00e3 d\u1ea7n ph\u1ea3i chuy\u1ec3n h\u01b0\u1edbng sang chuy\u00ean l\u00e0m \u0111\u1ed3 d\u00e0nh cho gi\u1edbi m\u00e0y r\u00e2u v\u00e0 t\u1eeb b\u1ecf m\u1ea3ng th\u1eddi trang d\u00e0nh cho ph\u00e1i n\u1eef.<\/strong><\/p>\n\n\n\n<p><strong>Hi\u1ec7n nay, v\u1edbi m\u00f4 h\u00ecnh &#8220;\u0111\u1ea3o chi\u1ec1u&#8221; t\u1ee9c l\u00e0 thu nh\u1ecf h\u1ec7 th\u1ed1ng l\u00e0m vi\u1ec7c v\u00e0 t\u0103ng \u0111\u1ed9 k\u1ef9,&nbsp;\u0111\u1ed9 cao c\u1ea5p&nbsp;cho s\u1ea3n ph\u1ea9m. Tr\u1ee5 s\u1edf ch\u00ednh c\u1ee7a HQ-EMPIRE \u0111\u1eb7t t\u1ea1i ng\u00f4i Bi\u1ec7t th\u1ef1 s\u1ed1 82 ph\u1ed1 Qu\u00e1n S\u1ee9, qu\u1eadn Ho\u00e0n Ki\u1ebfm, H\u00e0 N\u1ed9i.<\/strong><\/p>\n\n\n\n<div class=\"wp-block-image\"><figure class=\"aligncenter size-full\"><img loading=\"lazy\" decoding=\"async\" width=\"550\" height=\"365\" src=\"https:\/\/demo.joycathouse.com\/wp-content\/uploads\/2021\/07\/20264775_1578933432157995_1558020220239850386_n.jpg\" alt=\"\" class=\"wp-image-114\" srcset=\"https:\/\/hq-empire.com\/wp-content\/uploads\/2021\/07\/20264775_1578933432157995_1558020220239850386_n.jpg 550w, https:\/\/hq-empire.com\/wp-content\/uploads\/2021\/07\/20264775_1578933432157995_1558020220239850386_n-300x199.jpg 300w\" sizes=\"auto, (max-width: 550px) 100vw, 550px\" \/><\/figure><\/div>\n\n\n\n<p><strong>\u0110\u00e2y l\u00e0 con ph\u1ed1 \u1edf Trung t\u00e2m H\u00e0-n\u1ed9i v\u1edbi giao th\u00f4ng thu\u1eadn l\u1ee3i, l\u1ea1i c\u00f3 s\u00e2n trong nh\u00e0 \u0111\u1ed7 \u0111\u01b0\u1ee3c xe h\u01a1i tho\u1ea3i m\u00e1i r\u1ea5t ti\u1ec7n cho vi\u1ec7c giao d\u1ecbch &#8211; \u0110\u00e2y c\u0169ng ch\u00ednh l\u00e0 n\u01a1i ho\u1ea1t \u0111\u1ed9ng c\u1ee7a c\u00f4ng ty TNHH HQ-EMPIRE. T\u1ea1i \u0111\u1ecba ch\u1ec9 n\u00e0y, HQ ch\u1ec9 nh\u1eadn c\u00e1c \u0111\u01a1n h\u00e0ng ri\u00eang l\u1ebb cho t\u1eebng c\u00e1 nh\u00e2n th\u1eadt s\u1ef1 tin t\u01b0\u1edfng khi c\u00f3 nhu c\u1ea7u. Ch\u00ednh v\u00ec nh\u01b0 v\u1eady n\u00ean b\u1ea5t k\u1ef3 ng\u01b0\u1eddi kh\u00e1ch n\u00e0o c\u0169ng c\u00f3 th\u1ec3 g\u1eb7p g\u1ee1 tr\u1ef1c ti\u1ebfp, trao \u0111\u1ed5i v\u00e0 nh\u1eadn s\u1ef1 t\u01b0 v\u1ea5n&nbsp;t\u1eeb ch\u00ednh ng\u01b0\u1eddi s\u00e1ng l\u1eadp th\u01b0\u01a1ng hi\u1ec7u HQ.<\/strong><\/p>\n\n\n\n<div class=\"wp-block-image\"><figure class=\"aligncenter size-full\"><img loading=\"lazy\" decoding=\"async\" width=\"550\" height=\"367\" src=\"https:\/\/demo.joycathouse.com\/wp-content\/uploads\/2021\/07\/HQ82QS.jpg\" alt=\"\" class=\"wp-image-115\" srcset=\"https:\/\/hq-empire.com\/wp-content\/uploads\/2021\/07\/HQ82QS.jpg 550w, https:\/\/hq-empire.com\/wp-content\/uploads\/2021\/07\/HQ82QS-300x200.jpg 300w\" sizes=\"auto, (max-width: 550px) 100vw, 550px\" \/><\/figure><\/div>\n\n\n\n<p><strong>Ch\u00ednh quy\u1ebft \u0111\u1ecbnh n\u00e0y \u0111\u00e3 t\u1ea1o ra cho HQ m\u1ed9t s\u1ef1 ri\u00eang bi\u1ec7t &#8211; \u0110\u00f3 l\u00e0&nbsp;vi\u1ec7c tr\u1edf th\u00e0nh ng\u01b0\u1eddi th\u1ef1c hi\u1ec7n nh\u1eefng s\u1ea3n ph\u1ea9m may \u0111o cao c\u1ea5p ri\u00eang cho m\u1ed9t nh\u00f3m \u0111\u1ed1i t\u01b0\u1ee3ng kh\u00e1ch h\u00e0ng&nbsp;m\u00e0&nbsp;\u0111a ph\u1ea7n h\u1ecd&nbsp;\u0111\u1ec1u c\u00f3 gu th\u1ea9m m\u1ef9 kh\u00e1 cao, am hi\u1ec3u th\u1eddi trang, c\u00f3 \u0111\u1ecba v\u1ecb v\u00e0 t\u00e0i ch\u00ednh trong x\u00e3 h\u1ed9i.&nbsp;H\u1ea7u h\u1ebft&nbsp;kh\u00e1ch h\u00e0ng t\u00ecm \u0111\u1ebfn v\u1edbi HQ l\u00e0 nh\u1eefng ng\u01b0\u1eddi \u0111i t\u00ecm s\u1ef1 ri\u00eang bi\u1ec7t v\u00e0 s\u1ef1 chu\u1ea9n m\u1ef1c trong trang ph\u1ee5c. V\u00e0 h\u1ecd h\u1ea7u h\u1ebft \u0111\u00e3 t\u1eebng l\u00e0 kh\u00e1ch h\u00e0ng tr\u01b0\u1edbc \u0111\u00e2y c\u1ee7a c\u00e1c nh\u00e0 may l\u1edbn trong c\u1ea3 n\u01b0\u1edbc nh\u01b0ng v\u1eabn ch\u01b0a t\u00ecm th\u1ea5y s\u1ef1 kh\u00e1c bi\u1ec7t&#8230;<\/strong><\/p>\n\n\n\n<p><strong>S\u1ef1 th\u00e0nh c\u00f4ng c\u1ee7a th\u01b0\u01a1ng hi\u1ec7u HQ trong ph\u00e2n kh\u00fac th\u1eddi trang d\u00e0nh cho nam gi\u1edbi ch\u01b0a h\u1eb3n \u0111\u00e3 c\u00f3 ti\u1ebfng vang n\u1ebfu x\u00e9t v\u1ec1 m\u1eb7t x\u00e3 h\u1ed9i, nh\u01b0ng \u00f4ng Ho\u00e0ng Th\u00e0nh Quang v\u00e0 th\u01b0\u01a1ng hi\u1ec7u HQ-EMPIRE t\u1ef1 h\u00e0o&nbsp;\u0111\u00e3 t\u1ea1o ra&nbsp;nh\u1eefng s\u1ea3n ph\u1ea9m th\u1ee7 c\u00f4ng d\u00e0nh cho nh\u1eefng kh\u00e1ch h\u00e0ng&nbsp;y\u00eau s\u1ef1 tinh t\u1ebf, l\u1ecbch l\u00e3m&nbsp;trong c\u00e1c&nbsp;s\u1ea3n ph\u1ea9m \u0111\u01b0\u1ee3c may &#8220;\u0110o ni \u0111\u00f3ng t\u1ea5c&#8221; mang t\u00ednh c\u00e1 nh\u00e2n cao&nbsp;<em>(Bespoke Tailoring)<\/em>. HQ ng\u00e0y h\u00f4m nay l\u00e0 m\u1ed9t th\u01b0\u01a1ng hi\u1ec7u kh\u00f4ng c\u1ea7n ph\u1ea3i qu\u1ea3ng c\u00e1o tr\u00ean c\u00e1c ph\u01b0\u01a1ng ti\u1ec7n truy\u1ec1n th\u00f4ng, kh\u00f4ng c\u1ea7n m\u1edf c\u00e1c c\u1eeda h\u00e0ng l\u1edbn t\u1ea1i c\u00e1c m\u1eb7t ti\u1ec1n \u1edf nh\u1eefng v\u1ecb tr\u00ed \u0111\u1eaft \u0111\u1ecf trong th\u00e0nh ph\u1ed1, nh\u1eefng lu\u00f4n \u0111\u01b0\u1ee3c kh\u00e1ch h\u00e0ng &#8220;truy\u1ec1n tai&#8221; nhau m\u00e0 t\u1ef1 t\u00ecm \u0111\u1ebfn&#8230;<\/strong><\/p>\n\n\n\n<p><strong>\u0110\u00e1p l\u1ea1i s\u1ef1 tin t\u01b0\u1edfng c\u1ee7a kh\u00e1ch h\u00e0ng nh\u01b0 m\u1ed9t l\u1eddi tri \u00e2n, HQ lu\u00f4n cho ra \u0111\u1eddi c\u00e1c s\u1ea3n ph\u1ea9m mang t\u00ednh c\u00e1 nh\u00e2n c\u1ee7a b\u1ea5t k\u1ef3 m\u1ed9t ng\u01b0\u1eddi kh\u00e1ch n\u00e0o. M\u1ecdi&nbsp;m\u00f3n&nbsp;\u0111\u1ed3&nbsp;do HQ l\u00e0m ra ph\u00eda trong \u0111\u1ec1u&nbsp;\u0111\u01b0\u1ee3c&nbsp;th\u00eau b\u1eb1ng tay s\u1ed1 th\u1ee9 t\u1ef1 s\u1ea3n ph\u1ea9m c\u00f9ng v\u1edbi t\u00ean Ch\u1ee7 nh\u00e2n&nbsp;s\u1edf h\u1eefu&nbsp;s\u1ea3n ph\u1ea9m. M\u1ecdi kh\u00e1ch h\u00e0ng c\u1ee7a HQ \u0111\u1ec1u t\u1ef1 h\u00e0o r\u1eb1ng m\u00ecnh \u0111ang \u0111\u01b0\u1ee3c s\u1edf h\u1eefu nh\u1eefng b\u1ed9 suit \u0111\u01b0\u1ee3c ch\u00ednh tay \u00f4ng Ho\u00e0ng Th\u00e0nh Quang \u0111\u00edch th\u00e2n th\u1ef1c hi\u1ec7n v\u00e0 \u0111\u1ed9i ng\u0169 th\u1ee3 l\u00e0nh ngh\u1ec1 ng\u01b0\u1eddi Hu\u1ebf thao t\u00e1c c\u00e1c c\u00f4ng \u0111o\u1ea1n \u0111\u1ec3 ho\u00e0n thi\u1ec7n s\u1ea3n ph\u1ea9m.<\/strong><\/p>\n\n\n\n<div class=\"wp-block-image\"><figure class=\"aligncenter size-full\"><img loading=\"lazy\" decoding=\"async\" width=\"550\" height=\"365\" src=\"https:\/\/demo.joycathouse.com\/wp-content\/uploads\/2021\/07\/6292396910_f889bbfc18.jpg\" alt=\"\" class=\"wp-image-116\" srcset=\"https:\/\/hq-empire.com\/wp-content\/uploads\/2021\/07\/6292396910_f889bbfc18.jpg 550w, https:\/\/hq-empire.com\/wp-content\/uploads\/2021\/07\/6292396910_f889bbfc18-300x199.jpg 300w\" sizes=\"auto, (max-width: 550px) 100vw, 550px\" \/><\/figure><\/div>\n\n\n\n<div class=\"wp-block-image\"><figure class=\"aligncenter size-full\"><img loading=\"lazy\" decoding=\"async\" width=\"550\" height=\"365\" src=\"https:\/\/demo.joycathouse.com\/wp-content\/uploads\/2021\/07\/6291876581_55a550a3f2.jpg\" alt=\"\" class=\"wp-image-118\" srcset=\"https:\/\/hq-empire.com\/wp-content\/uploads\/2021\/07\/6291876581_55a550a3f2.jpg 550w, https:\/\/hq-empire.com\/wp-content\/uploads\/2021\/07\/6291876581_55a550a3f2-300x199.jpg 300w\" sizes=\"auto, (max-width: 550px) 100vw, 550px\" \/><\/figure><\/div>\n\n\n\n<p><strong>\u0110i\u1ec1u \u0111\u1eb7c bi\u1ec7t h\u01a1n c\u1ea3 l\u00e0 c\u00f4ng ty TNHH HQ-EMPIRE hi\u1ec7n t\u1ea1i l\u00e0 \u0110\u1ed9c Quy\u1ec1n Ph\u00e2n Ph\u1ed1i t\u1ea1i thi tr\u01b0\u1eddng Vi\u1ec7t-nam cho 3 th\u01b0\u01a1ng hi\u1ec7u v\u1ea3i SUITS n\u1ed5i ti\u1ebfng nh\u1ea5t n\u01b0\u1edbc Anh l\u00e0 DUGDALE BROS&nbsp;<em>(<a href=\"http:\/\/www.dugdalebros.com\/\" target=\"_blank\" rel=\"noreferrer noopener\">www.Dugdalebros.com<\/a>),<\/em>&nbsp;BARRINGTON&nbsp;<em>(<a href=\"http:\/\/www.barringtonfabrics.com\/\" target=\"_blank\" rel=\"noreferrer noopener\">www.Barringtonfabrics.com<\/a>) v\u00e0&nbsp;<\/em><em>BATEMAN OGDEN&nbsp;(<a href=\"http:\/\/www.batemanogden.co.uk\/\" target=\"_blank\" rel=\"noreferrer noopener\">www.batemanogden.co.uk<\/a>)<\/em>. \u0110i\u1ec1u n\u00e0y l\u00e0 thu\u1eadn l\u1ee3i v\u00f4 c\u00f9ng v\u1ec1 ngu\u1ed3n cung c\u1ea5p v\u1eadt t\u01b0 v\u00e0 nguy\u00ean li\u1ec7u cho ng\u00e0nh may, gi\u00fap cho kh\u00f4ng ch\u1ec9 HQ m\u00e0 c\u00f2n r\u1ea5t nhi\u1ec1u ti\u1ec7m may kh\u00e1c tr\u00ean c\u1ea3 n\u01b0\u1edbc c\u00f3 c\u01a1 h\u1ed9i s\u1eed d\u1ee5ng nh\u1eefng lo\u1ea1i v\u1ea3i h\u00e0ng \u0111\u1ea7u th\u1ebf gi\u1edbi do ng\u01b0\u1eddi Anh s\u1ea3n xu\u1ea5t v\u1edbi gi\u00e1 c\u1ea3 c\u1ef1c k\u1ef3 \u01b0u \u0111\u00e3i. T\u00ednh t\u1edbi th\u1eddi \u0111i\u1ec3m n\u00e0y th\u00ec \u0111\u00e3 c\u00f3 r\u1ea5t nhi\u1ec1u Ti\u1ec7m may l\u1edbn t\u1eeb B\u1eafc &#8211; Trung &#8211; Nam \u0111ang s\u1eed d\u1ee5ng c\u00e1c d\u00f2ng v\u1ea3i ho HQ-EMPIRE ph\u00e2n ph\u1ed1i&#8230;<\/strong><\/p>\n\n\n\n<div class=\"wp-block-image\"><figure class=\"aligncenter size-full\"><img loading=\"lazy\" decoding=\"async\" width=\"550\" height=\"204\" src=\"https:\/\/demo.joycathouse.com\/wp-content\/uploads\/2021\/07\/dugdale_bros_logo.jpg\" alt=\"\" class=\"wp-image-119\" srcset=\"https:\/\/hq-empire.com\/wp-content\/uploads\/2021\/07\/dugdale_bros_logo.jpg 550w, https:\/\/hq-empire.com\/wp-content\/uploads\/2021\/07\/dugdale_bros_logo-300x111.jpg 300w\" sizes=\"auto, (max-width: 550px) 100vw, 550px\" \/><\/figure><\/div>\n\n\n\n<div class=\"wp-block-image\"><figure class=\"aligncenter size-full\"><img loading=\"lazy\" decoding=\"async\" width=\"550\" height=\"383\" src=\"https:\/\/demo.joycathouse.com\/wp-content\/uploads\/2021\/07\/BARRINGTON-logoOK.jpg\" alt=\"\" class=\"wp-image-120\" srcset=\"https:\/\/hq-empire.com\/wp-content\/uploads\/2021\/07\/BARRINGTON-logoOK.jpg 550w, https:\/\/hq-empire.com\/wp-content\/uploads\/2021\/07\/BARRINGTON-logoOK-300x209.jpg 300w\" sizes=\"auto, (max-width: 550px) 100vw, 550px\" \/><\/figure><\/div>\n\n\n\n<div class=\"wp-block-image\"><figure class=\"aligncenter size-full\"><img loading=\"lazy\" decoding=\"async\" width=\"550\" height=\"350\" src=\"https:\/\/demo.joycathouse.com\/wp-content\/uploads\/2021\/07\/LOGO.jpg\" alt=\"\" class=\"wp-image-121\" srcset=\"https:\/\/hq-empire.com\/wp-content\/uploads\/2021\/07\/LOGO.jpg 550w, https:\/\/hq-empire.com\/wp-content\/uploads\/2021\/07\/LOGO-300x191.jpg 300w\" sizes=\"auto, (max-width: 550px) 100vw, 550px\" \/><\/figure><\/div>\n\n\n\n<p><strong>Ngo\u00e0i ra, d\u00f2ng v\u1ea3i S\u01a0-MI CAO C\u1ea4P s\u1ea3n xu\u1ea5t 100% t\u1ea1i Ch\u00e2u \u00c2u c\u1ee7a t\u1eadp \u0111o\u00e0n Euro Cloth mang th\u01b0\u01a1ng hi\u1ec7u HUBERROSS&nbsp;<em>(<a href=\"http:\/\/www.huberross.com\/\" target=\"_blank\" rel=\"noreferrer noopener\">www.huberros.com<\/a>)&nbsp;<\/em>c\u0169ng \u0111\u01b0\u1ee3c ch\u00fang t\u00f4i \u0111\u1ed9c quy\u1ec1n ph\u00e2n ph\u1ed1i t\u1ea1i th\u1ecb tr\u01b0\u1eddng Vietnam t\u1eeb gi\u1eefa n\u0103m 2018. \u0110\u00e2y l\u00e0 lo\u1ea1i v\u1ea3i s\u01a1 mi c\u1ef1c k\u1ef3 cao c\u1ea5p ch\u1ec9 \u0111\u01b0\u1ee3c d\u00f9ng cho c\u00e1c ho\u1ea1t \u0111\u1ed9ng Bespoke tr\u00ean th\u1ebf gi\u1edbi.<\/strong><\/p>\n\n\n\n<div class=\"wp-block-image\"><figure class=\"aligncenter size-full\"><img loading=\"lazy\" decoding=\"async\" width=\"550\" height=\"114\" src=\"https:\/\/demo.joycathouse.com\/wp-content\/uploads\/2021\/07\/logo_home.jpg\" alt=\"\" class=\"wp-image-122\" srcset=\"https:\/\/hq-empire.com\/wp-content\/uploads\/2021\/07\/logo_home.jpg 550w, https:\/\/hq-empire.com\/wp-content\/uploads\/2021\/07\/logo_home-300x62.jpg 300w\" sizes=\"auto, (max-width: 550px) 100vw, 550px\" \/><\/figure><\/div>\n\n\n\n<p><strong>Song song \u0111\u00f3,&nbsp;HQ lu\u00f4n l\u00e0 ti\u00ean phong khi l\u00e0m vi\u1ec7c tr\u1ef1c ti\u1ebfp v\u00e0 l\u00e0 \u0111\u1ea1i l\u00fd c\u1ee7a nh\u1eefng th\u01b0\u01a1ng hi\u1ec7u v\u1ea3i cao c\u1ea5p tr\u00ean th\u1ebf gi\u1edbi nh\u01b0 SCABAL, CERRUTI 1881, HOLAND &amp; SHERRY, BATEMAN, CANONICO, CAVANI, DOLCE &amp; TAYLOR, THOMAS MASON, ACORN, MARZONI, INIZIO, SOKTAS, DUO, FIORELLO, SNOW BERRY, MARIO CAPRA&#8230; v\u00e0 hi\u1ec7n c\u00f3 s\u1eb5n tr\u00ean 25,000 m\u1eabu v\u1ea3i c\u00e1c lo\u1ea1i c\u1ee7a c\u00e1c h\u00e3ng \u0111\u1ec3 c\u00e1c b\u1ea1n tho\u1ea3i m\u00e1i&nbsp;l\u1ef1a ch\u1ecdn \u0111\u1eb7t may ngay t\u1ea1i c\u1eeda h\u00e0ng&#8230;<\/strong><\/p>\n\n\n\n<div class=\"wp-block-image\"><figure class=\"aligncenter size-full\"><img loading=\"lazy\" decoding=\"async\" width=\"550\" height=\"367\" src=\"https:\/\/demo.joycathouse.com\/wp-content\/uploads\/2021\/07\/15000.jpg\" alt=\"\" class=\"wp-image-123\" srcset=\"https:\/\/hq-empire.com\/wp-content\/uploads\/2021\/07\/15000.jpg 550w, https:\/\/hq-empire.com\/wp-content\/uploads\/2021\/07\/15000-300x200.jpg 300w\" sizes=\"auto, (max-width: 550px) 100vw, 550px\" \/><\/figure><\/div>\n\n\n\n<p><strong>D\u00f9 th\u1ebf n\u00e0o \u0111i n\u1eefa th\u00ec HQ v\u1eabn l\u00e0 m\u1ed9t d\u1ecbch v\u1ee5 may \u0111o mang t\u00ednh ch\u1ea5t th\u1ee7 c\u00f4ng \u0111\u01a1n chi\u1ebfc. T\u1ea1o d\u1ea5u \u1ea5n c\u00e1 nh\u00e2n cho t\u1eebng \u0111\u1ed1i t\u01b0\u1ee3ng kh\u00e1ch h\u00e0ng. V\u00e0 quan tr\u1ecdng h\u01a1n n\u1eefa b\u1ea1n ph\u1ea3i l\u00e0 ng\u01b0\u1eddi hi\u1ec3u bi\u1ebft v\u00e0&nbsp;ph\u00e2n bi\u1ec7t \u0111\u01b0\u1ee3c s\u1ef1 kh\u00e1c bi\u1ec7t&nbsp;gi\u1eefa &#8220;Bespoke&#8221; v\u1edbi &#8220;Made-to-Measure&#8221; ch\u1ee9 ch\u01b0a n\u00f3i t\u1edbi&nbsp;&#8220;Ready-to-Wear&#8221;. V\u00e0 t\u1eeb \u0111\u00f3 b\u1ea1n s\u1ebd&nbsp;hi\u1ec3u&nbsp;h\u1ebft nh\u1eefng gi\u00e1 tr\u1ecb c\u1ee7a m\u1ed9t s\u1ea3n ph\u1ea9m khi m\u00e0 n\u00f3&nbsp;\u0111\u01b0\u1ee3c l\u00e0m ra ch\u1ec9 cho m\u1ed9t m\u00ecnh&nbsp;b\u1ea1n !<\/strong><\/p>\n\n\n\n<p><strong>V\u00e0 nhi\u1ec1u kho\u1ea3ng th\u1eddi gian \u0111\u00e3 tr\u00f4i qua&#8230; Nh\u1eefng b\u1ed9 suit c\u1ee7a HQ l\u00e0m ra \u0111\u00e3 \u0111\u01b0\u1ee3c r\u1ea5t nhi\u1ec1u \u0111\u00f4i l\u1ee9a tin t\u01b0\u1edfng m\u1eb7c trong ng\u00e0y L\u1ec5 tr\u1ecdng \u0111\u1ea1i c\u1ee7a s\u1ef1 \u0111\u01a1m hoa k\u1ebft tr\u00e1i t\u00ecnh y\u00eau hay \u0111\u01b0\u1ee3c r\u1ea5t nhi\u1ec1u doanh nh\u00e2n, quan ch\u1ee9c m\u1eb7c trong nh\u1eefng bu\u1ed5i g\u1eb7p g\u1ee1 quan tr\u1ecdng mang t\u00ednh quy\u1ebft \u0111\u1ecbnh.<\/strong><\/p>\n\n\n\n<p><strong>V\u1edbi ng\u01b0\u1eddi th\u01b0\u1eddng ph\u1ea3i m\u1eb7c suit, \u0111i\u1ec1u l\u00e0m cho h\u00ecnh \u1ea3nh c\u1ee7a&nbsp;ng\u01b0\u1eddi&nbsp;\u0111\u00f3&nbsp;gi\u1ea3m s\u00fat&nbsp;r\u1ea5t nhi\u1ec1u&nbsp;\u0111\u00f3 l\u00e0 : \u0110ANG S\u1ede H\u1eeeU M\u1ed8T B\u1ed8 SUIT CH\u01afA \u0110\u00daNG CHU\u1ea8N M\u1ef0C !<\/strong><\/p>\n\n\n\n<p><strong>******<\/strong><\/p>\n\n\n\n<p><strong>L\u00e0 m\u1ed9t ng\u01b0\u1eddi c\u00f3 r\u1ea5t nhi\u1ec1u \u0111am m\u00ea v\u00e0 nh\u1eefng th\u00fa ch\u01a1i, \u00f4ng Ho\u00e0ng Th\u00e0nh Quang g\u1eedi g\u1eafm tr\u1ecdn phong c\u00e1ch c\u1ee7a nh\u1eefng s\u1ef1 \u0111am m\u00ea \u1ea5y v\u00e0o c\u00e1c s\u1ea3n ph\u1ea9m c\u1ee7a m\u00ecnh g\u1ea7n nh\u01b0 \u0111\u1ec3 chia s\u1ebb c\u1ea3m x\u00fac v\u1edbi m\u1ecdi kh\u00e1ch h\u00e0ng&#8230; M\u1ed9t trong s\u1ed1 \u0111\u00f3 l\u00e0 lo\u1ea1i c\u00e0 ph\u00ea gia truy\u1ec1n v\u1edbi b\u1ec1 d\u1ea7y g\u1ea7n 40 n\u0103m c\u1ee7a gia \u0111\u00ecnh \u0111\u01b0\u1ee3c mang th\u01b0\u01a1ng hi\u1ec7u &lt; click &gt;&nbsp;<a href=\"http:\/\/www.facebook.com\/caphegiatruyen\" target=\"_blank\" rel=\"noreferrer noopener\">HANOIN<\/a>&nbsp;&#8211; Ch\u1ea5t g\u00e2y nghi\u1ec7n c\u00f3 t\u00ean Hanoi. Lo\u1ea1i c\u00e0 ph\u00ea h\u1ea3o h\u1ea1ng n\u00e0y d\u00e0nh ri\u00eang cho nh\u01b0ng ng\u01b0\u1eddi bi\u1ebft th\u01b0\u1edfng th\u1ee9c v\u00e0 nghi\u1ec7n lo\u1ea1i c\u00e0 ph\u00ea \u0111\u1eb7c tr\u01b0ng theo gu c\u1ee7a ng\u01b0\u1eddi Hanoi !<\/strong><\/p>\n\n\n\n<p><strong>V\u1edbi Slogan \u0111\u00e3 d\u00f9ng t\u1eeb khi kh\u1edfi nghi\u1ec7p, ph\u01b0\u01a1ng ch\u00e2m n\u00e0y m\u00e3i m\u00e3i l\u00e0 kim ch\u1ec9 nam cho th\u01b0\u01a1ng hi\u1ec7u HQ :<\/strong><\/p>\n\n\n\n<p><strong>&nbsp;&#8221; S o l d &nbsp; l i f e s t y l e &nbsp; ! &nbsp; N o t &nbsp; o n l y &nbsp; P r o d u c t &nbsp; ! &#8220;<\/strong><\/p>\n\n\n\n<div class=\"wp-block-image\"><figure class=\"aligncenter size-full\"><img loading=\"lazy\" decoding=\"async\" width=\"500\" height=\"500\" src=\"https:\/\/demo.joycathouse.com\/wp-content\/uploads\/2021\/07\/12964722225_935324ba47_o.jpg\" alt=\"\" class=\"wp-image-124\" srcset=\"https:\/\/hq-empire.com\/wp-content\/uploads\/2021\/07\/12964722225_935324ba47_o.jpg 500w, https:\/\/hq-empire.com\/wp-content\/uploads\/2021\/07\/12964722225_935324ba47_o-300x300.jpg 300w, https:\/\/hq-empire.com\/wp-content\/uploads\/2021\/07\/12964722225_935324ba47_o-150x150.jpg 150w, https:\/\/hq-empire.com\/wp-content\/uploads\/2021\/07\/12964722225_935324ba47_o-100x100.jpg 100w, https:\/\/hq-empire.com\/wp-content\/uploads\/2021\/07\/12964722225_935324ba47_o-60x60.jpg 60w\" sizes=\"auto, (max-width: 500px) 100vw, 500px\" \/><\/figure><\/div>\n","protected":false},"excerpt":{"rendered":"<p>HQ-EMPIRE c\u00f2n \u0111\u01b0\u1ee3c g\u1ecdi ng\u1eafn g\u1ecdn l\u00e0 HQ l\u00e0 m\u1ed9t th\u01b0\u01a1ng hi\u1ec7u \u0111\u01b0\u1ee3c \u00f4ng Ho\u00e0ng Th\u00e0nh Quang s\u00e1ng l\u1eadp &#8211; &hellip; <a href=\"https:\/\/hq-empire.com\/?page_id=111\" class=\"more-link\"><span class=\"more-button\">Read More<span class=\"screen-reader-text\">M\u1ed8T C\u00c2U CHUY\u1ec6N \u0110\u00c3 DI\u1ec4N RA T\u1eea N\u0102M 2001<\/span><\/span><\/a><\/p>\n","protected":false},"author":1,"featured_media":0,"parent":0,"menu_order":0,"comment_status":"closed","ping_status":"closed","template":"","meta":{"footnotes":""},"class_list":["post-111","page","type-page","status-publish","hentry"],"_links":{"self":[{"href":"https:\/\/hq-empire.com\/index.php?rest_route=\/wp\/v2\/pages\/111","targetHints":{"allow":["GET"]}}],"collection":[{"href":"https:\/\/hq-empire.com\/index.php?rest_route=\/wp\/v2\/pages"}],"about":[{"href":"https:\/\/hq-empire.com\/index.php?rest_route=\/wp\/v2\/types\/page"}],"author":[{"embeddable":true,"href":"https:\/\/hq-empire.com\/index.php?rest_route=\/wp\/v2\/users\/1"}],"replies":[{"embeddable":true,"href":"https:\/\/hq-empire.com\/index.php?rest_route=%2Fwp%2Fv2%2Fcomments&post=111"}],"version-history":[{"count":2,"href":"https:\/\/hq-empire.com\/index.php?rest_route=\/wp\/v2\/pages\/111\/revisions"}],"predecessor-version":[{"id":125,"href":"https:\/\/hq-empire.com\/index.php?rest_route=\/wp\/v2\/pages\/111\/revisions\/125"}],"wp:attachment":[{"href":"https:\/\/hq-empire.com\/index.php?rest_route=%2Fwp%2Fv2%2Fmedia&parent=111"}],"curies":[{"name":"wp","href":"https:\/\/api.w.org\/{rel}","templated":true}]}}