{"id":248,"date":"2021-07-25T04:39:40","date_gmt":"2021-07-25T04:39:40","guid":{"rendered":"https:\/\/demo.joycathouse.com\/?page_id=248"},"modified":"2021-07-25T04:45:07","modified_gmt":"2021-07-25T04:45:07","slug":"chung-toi-la-doc-quyen-phan-phoi-vai-barrington-yorkshire-tai-viet-nam","status":"publish","type":"page","link":"https:\/\/hq-empire.com\/?page_id=248","title":{"rendered":"CH\u00daNG T\u00d4I L\u00c0 \u0110\u1ed8C QUY\u1ec0N PH\u00c2N PH\u1ed0I V\u1ea2I BARRINGTON (YORKSHIRE) T\u1ea0I VI\u1ec6T-NAM"},"content":{"rendered":"\n<p><strong>V\u1edbi h\u00e0ng tr\u0103m m\u1eabu v\u1ea3i \u0111\u1ebfn t\u1eeb h\u1ea1t Yorkshire &#8211; Trung t\u00e2m d\u1ec7t may s\u1ed1 1 c\u1ee7a n\u01b0\u1edbc Anh s\u1ebd mang \u0111\u1ebfn cho nh\u1eefng nh\u00e0 bu\u00f4n v\u00e0 nh\u00e0 may h\u00e0ng \u0111\u1ea7u Vi\u1ec7t Nam nhi\u1ec1u tr\u1ea3i nghi\u1ec7m v\u00f4 c\u00f9ng phong ph\u00fa th\u1ecfa m\u00e3n nh\u1eefng Qu\u00fd \u00f4ng k\u1ef9 t\u00ednh nh\u1ea5t !<\/strong><\/p>\n\n\n\n<div class=\"wp-block-image\"><figure class=\"aligncenter size-full\"><img loading=\"lazy\" decoding=\"async\" width=\"550\" height=\"443\" src=\"https:\/\/demo.joycathouse.com\/wp-content\/uploads\/2021\/07\/Full.jpg\" alt=\"\" class=\"wp-image-249\" srcset=\"https:\/\/hq-empire.com\/wp-content\/uploads\/2021\/07\/Full.jpg 550w, https:\/\/hq-empire.com\/wp-content\/uploads\/2021\/07\/Full-300x242.jpg 300w\" sizes=\"auto, (max-width: 550px) 100vw, 550px\" \/><\/figure><\/div>\n\n\n\n<p><strong>T\u1eeb l\u00e2u, nh\u1eefng th\u01b0\u1edbc v\u1ea3i Anh Qu\u1ed1c lu\u00f4n l\u00e0 ni\u1ec1m kh\u00e1t khao c\u1ee7a c\u00e1c qu\u00fd \u00f4ng tr\u00ean th\u1ebf gi\u1edbi m\u1ed7i khi ngh\u0129 t\u1edbi m\u1ed9t b\u1ed9 suit. Vi\u1ec7c c\u00f3 m\u1ed9t b\u1ed9 suit\/complete \u0111\u01b0\u1ee3c Bespoke b\u1eb1ng v\u1ea3i Anh Qu\u1ed1c l\u00e0 \u0111i\u1ec1u kh\u00f4ng ph\u1ea3i ai tr\u00ean th\u1ebf gi\u1edbi c\u0169ng d\u1ec5 d\u00e0ng ch\u1ea1m t\u1edbi !<\/strong><\/p>\n\n\n\n<div class=\"wp-block-image\"><figure class=\"aligncenter size-full\"><img loading=\"lazy\" decoding=\"async\" width=\"550\" height=\"684\" src=\"https:\/\/demo.joycathouse.com\/wp-content\/uploads\/2021\/07\/ezx1471722394.jpg\" alt=\"\" class=\"wp-image-250\" srcset=\"https:\/\/hq-empire.com\/wp-content\/uploads\/2021\/07\/ezx1471722394.jpg 550w, https:\/\/hq-empire.com\/wp-content\/uploads\/2021\/07\/ezx1471722394-241x300.jpg 241w\" sizes=\"auto, (max-width: 550px) 100vw, 550px\" \/><\/figure><\/div>\n\n\n\n<p><strong>Mong mu\u1ed1n \u0111\u01b0a nh\u1eefng th\u01b0\u1edbc v\u1ea3i&nbsp;t\u1ed1t nh\u1ea5t n\u01b0\u1edbc Anh v\u1ec1 ph\u1ee5c v\u1ee5 vi\u1ec7c \u0103n m\u1eb7c cho c\u00e1c Qu\u00fd \u00f4ng ng\u01b0\u1eddi Vi\u1ec7t l\u00e0 S\u1ee9 M\u1ec7nh c\u1ee7a ch\u00fang t\u00f4i !<\/strong><strong><\/strong><\/p>\n\n\n\n<p><strong>CH\u00daNG T\u00d4I L\u00c0 NH\u00c0 PH\u00c2N PH\u1ed0I \u0110\u1ed8C QUY\u1ec0N T\u1ea0I VI\u1ec6T NAM C\u1ee6A D\u00d2NG V\u1ea2I &#8221; 3 CON S\u01af T\u1eec &#8221; BARRINGTON N\u00c0Y &#8211; Mong mu\u1ed1n \u0111\u01b0\u1ee3c h\u1ee3p t\u00e1c c\u00f9ng c\u00e1c nh\u00e0 bu\u00f4n v\u00e0 c\u00e1c ti\u1ec7m may cao c\u1ea5p tr\u00ean to\u00e0n l\u00e3nh th\u1ed5 Vi\u1ec7t Nam.<\/strong><\/p>\n\n\n\n<div class=\"wp-block-image\"><figure class=\"aligncenter size-full\"><img loading=\"lazy\" decoding=\"async\" width=\"550\" height=\"825\" src=\"https:\/\/demo.joycathouse.com\/wp-content\/uploads\/2021\/07\/17436348_765259520297972_8500204288290741472_o.jpg\" alt=\"\" class=\"wp-image-251\" srcset=\"https:\/\/hq-empire.com\/wp-content\/uploads\/2021\/07\/17436348_765259520297972_8500204288290741472_o.jpg 550w, https:\/\/hq-empire.com\/wp-content\/uploads\/2021\/07\/17436348_765259520297972_8500204288290741472_o-200x300.jpg 200w\" sizes=\"auto, (max-width: 550px) 100vw, 550px\" \/><\/figure><\/div>\n\n\n\n<p><strong>Chi ti\u1ebft kh\u00e1ch bu\u00f4n xin vui l\u00f2ng li\u00ean h\u1ec7 tr\u1ef1c ti\u1ebfp v\u1edbi\u00a0<span style=\"color:#ff0000\" class=\"has-inline-color\">Mrs. Linh &#8211; 0125 2224555<\/span>\u00a0n\u1ebfu b\u1ea1n c\u1ea7n cung c\u1ea5p c\u00e1c cu\u1ed1n m\u1eabu v\u1ea3i\u00a0<\/strong><em><strong><a rel=\"noreferrer noopener\" href=\"https:\/\/www.facebook.com\/LuxuryFabricsInVietnam\/\" target=\"_blank\">(<\/a><\/strong><\/em><strong><a rel=\"noreferrer noopener\" href=\"https:\/\/www.facebook.com\/LuxuryFabricsInVietnam\/\" target=\"_blank\"><span style=\"color:#007fff\" class=\"has-inline-color\"><em>Book Sample<\/em><\/span><\/a><\/strong><em><strong><a rel=\"noreferrer noopener\" href=\"https:\/\/www.facebook.com\/LuxuryFabricsInVietnam\/\" target=\"_blank\">)<\/a><\/strong><\/em><\/p>\n\n\n\n<div class=\"wp-block-image\"><figure class=\"aligncenter size-full\"><img loading=\"lazy\" decoding=\"async\" width=\"550\" height=\"567\" src=\"https:\/\/demo.joycathouse.com\/wp-content\/uploads\/2021\/07\/1a1a.jpg\" alt=\"\" class=\"wp-image-252\" srcset=\"https:\/\/hq-empire.com\/wp-content\/uploads\/2021\/07\/1a1a.jpg 550w, https:\/\/hq-empire.com\/wp-content\/uploads\/2021\/07\/1a1a-291x300.jpg 291w\" sizes=\"auto, (max-width: 550px) 100vw, 550px\" \/><\/figure><\/div>\n\n\n\n<p class=\"has-text-align-center\"><strong>M\u1ecdi y\u00eau c\u1ea7u c\u00e1 nh\u00e2n kh\u00e1ch l\u1ebb kh\u00e1c xin vui l\u00f2ng li\u00ean h\u1ec7 t\u1ea1i ph\u1ea7n\u00a0<a rel=\"noreferrer noopener\" href=\"https:\/\/www.facebook.com\/LuxuryFabricsInVietnam\/\" target=\"_blank\"><span style=\"color:#007fff\" class=\"has-inline-color\"><em>TIN NH\u1eaeN<\/em><\/span><\/a>\u00a0c\u1ee7a Page n\u00e0y !<\/strong><\/p>\n\n\n\n<p class=\"has-text-align-left\"><strong>C\u1ea3m \u01a1n s\u1ef1 quan t\u00e2m c\u1ee7a qu\u00fd v\u1ecb<\/strong>.<\/p>\n\n\n\n<p class=\"has-text-align-center\"><em>Agent in Vietnam :&nbsp;<a href=\"http:\/\/www.englandfabrics.com\/\" target=\"_blank\" rel=\"noreferrer noopener\">www.englandfabrics.com<\/a><\/em><\/p>\n\n\n\n<p class=\"has-text-align-center\"><strong><a href=\"http:\/\/www.barringtonfabric.com\/\" target=\"_blank\" rel=\"noreferrer noopener\">www.barringtonfabric.com<\/a><\/strong><\/p>\n","protected":false},"excerpt":{"rendered":"<p>V\u1edbi h\u00e0ng tr\u0103m m\u1eabu v\u1ea3i \u0111\u1ebfn t\u1eeb h\u1ea1t Yorkshire &#8211; Trung t\u00e2m d\u1ec7t may s\u1ed1 1 c\u1ee7a n\u01b0\u1edbc Anh s\u1ebd &hellip; <a href=\"https:\/\/hq-empire.com\/?page_id=248\" class=\"more-link\"><span class=\"more-button\">Read More<span class=\"screen-reader-text\">CH\u00daNG T\u00d4I L\u00c0 \u0110\u1ed8C QUY\u1ec0N PH\u00c2N PH\u1ed0I V\u1ea2I BARRINGTON (YORKSHIRE) T\u1ea0I VI\u1ec6T-NAM<\/span><\/span><\/a><\/p>\n","protected":false},"author":1,"featured_media":0,"parent":0,"menu_order":0,"comment_status":"closed","ping_status":"closed","template":"","meta":{"footnotes":""},"class_list":["post-248","page","type-page","status-publish","hentry"],"_links":{"self":[{"href":"https:\/\/hq-empire.com\/index.php?rest_route=\/wp\/v2\/pages\/248","targetHints":{"allow":["GET"]}}],"collection":[{"href":"https:\/\/hq-empire.com\/index.php?rest_route=\/wp\/v2\/pages"}],"about":[{"href":"https:\/\/hq-empire.com\/index.php?rest_route=\/wp\/v2\/types\/page"}],"author":[{"embeddable":true,"href":"https:\/\/hq-empire.com\/index.php?rest_route=\/wp\/v2\/users\/1"}],"replies":[{"embeddable":true,"href":"https:\/\/hq-empire.com\/index.php?rest_route=%2Fwp%2Fv2%2Fcomments&post=248"}],"version-history":[{"count":3,"href":"https:\/\/hq-empire.com\/index.php?rest_route=\/wp\/v2\/pages\/248\/revisions"}],"predecessor-version":[{"id":258,"href":"https:\/\/hq-empire.com\/index.php?rest_route=\/wp\/v2\/pages\/248\/revisions\/258"}],"wp:attachment":[{"href":"https:\/\/hq-empire.com\/index.php?rest_route=%2Fwp%2Fv2%2Fmedia&parent=248"}],"curies":[{"name":"wp","href":"https:\/\/api.w.org\/{rel}","templated":true}]}}