{"id":259,"date":"2021-07-25T04:49:24","date_gmt":"2021-07-25T04:49:24","guid":{"rendered":"https:\/\/demo.joycathouse.com\/?page_id=259"},"modified":"2021-07-25T04:49:24","modified_gmt":"2021-07-25T04:49:24","slug":"holland-sherry","status":"publish","type":"page","link":"https:\/\/hq-empire.com\/?page_id=259","title":{"rendered":"Holland &#038; Sherry"},"content":{"rendered":"\n<p><strong>\u0110\u00e2y l\u00e0 th\u01b0\u01a1ng hi\u1ec7u v\u1ea3i n\u1ed5i ti\u1ebfng c\u1ee7a Anh Qu\u1ed1c g\u1eafn li\u1ec1n v\u1edbi khu Savile Row \u1edf London. M\u1ed9t b\u1ed9 suit may b\u1eb1ng v\u1ea3i n\u00e0y s\u1ebd mang t\u1edbi cho b\u1ea1n s\u1ef1 qu\u00fd ph\u00e1i ngay t\u1eeb c\u00e1i nh\u00ecn \u0111\u1ea7u ti\u00ean. Trong th\u1eddi k\u1ef3 b\u00f9ng n\u1ed5\u00a0th\u1eddi trang hi\u1ec7n \u0111\u1ea1i \u0111\u1ea7u th\u1ebf k\u1ef7 20, c\u00e1c nh\u00e0 thi\u1ebft k\u1ebf th\u1eddi trang n\u1ed5i ti\u1ebfng nh\u01b0 Coco Chanel, Cristobal Balenciaga, Elsa Schiaparelli&#8230; th\u01b0\u1eddng xuy\u00ean l\u00e0 kh\u00e1ch l\u1ea5y\u00a0v\u1ea3i t\u1eeb\u00a0Hollad &amp; Sherry m\u1ed7i khi cho ra \u0111\u1eddi nh\u1eefng b\u1ed9 s\u01b0u t\u1eadp m\u1edbi&#8230;<\/strong><\/p>\n\n\n\n<p><iframe loading=\"lazy\" title=\"Holland &amp; Sherry Ltd.  UK\" width=\"990\" height=\"557\" src=\"https:\/\/www.youtube.com\/embed\/jWTmW0vRGrg?feature=oembed\" frameborder=\"0\" allow=\"accelerometer; autoplay; clipboard-write; encrypted-media; gyroscope; picture-in-picture\" allowfullscreen><\/iframe><\/p>\n\n\n\n<p><strong>V\u1ea3i Holland &amp; Sherry s\u1ebd&nbsp;\u0111\u01b0\u1ee3c HQ-EMPIRE \u0111\u1eb7t h\u00e0ng tr\u1ef1c ti\u1ebfp t\u1eeb h\u00e3ng t\u1ea1i s\u1ed1 9-10 Savile Row, London ngay sau khi b\u1ea1n t\u1edbi \u0111\u1eb7t may ch\u1ed7 ch\u00fang t\u00f4i. Th\u1eddi gian ch\u1edd \u0111\u1ee3i&nbsp;v\u1ea3i t\u1eeb London v\u1ec1 Hanoi s\u1ebd m\u1ea5t 7 ng\u00e0y. B\u1ea1n s\u1ebd t\u1ef1 h\u00e0o khi m\u00ecnh&nbsp;\u0111ang d\u00f9ng chung c\u00f9ng lo\u1ea1i v\u1ea3i danh ti\u1ebfng b\u1eadc nh\u1ea5t th\u1ebf gi\u1edbi v\u1edbi&nbsp;c\u00e1c v\u1ecb Vua,&nbsp;B\u00e1 t\u01b0\u1edbc, Hu\u00e2n t\u01b0\u1edbc ho\u1eb7c c\u00e1c Ch\u00ednh kh\u00e1ch, c\u00e1c nh\u00e0 T\u00e0i phi\u1ec7t m\u1ed7i khi&nbsp;gh\u00e9 qua Savile Row, London \u0111\u1ec3 \u0111\u1eb7t may lo\u1ea1i v\u1ea3i&nbsp;n\u00e0y &#8211; \u0110\u01b0\u01a1ng nhi\u00ean, gi\u00e1 c\u1ee7a lo\u1ea1i v\u1ea3i n\u00e0y t\u01b0\u01a1ng \u0111\u1ed1i cao so v\u1edbi thu nh\u1eadp c\u1ee7a ng\u01b0\u1eddi Vi\u1ec7t&#8230;<\/strong><\/p>\n\n\n\n<div class=\"wp-block-image\"><figure class=\"aligncenter size-full\"><img loading=\"lazy\" decoding=\"async\" width=\"550\" height=\"550\" src=\"https:\/\/demo.joycathouse.com\/wp-content\/uploads\/2021\/07\/HS.jpg\" alt=\"\" class=\"wp-image-260\" srcset=\"https:\/\/hq-empire.com\/wp-content\/uploads\/2021\/07\/HS.jpg 550w, https:\/\/hq-empire.com\/wp-content\/uploads\/2021\/07\/HS-300x300.jpg 300w, https:\/\/hq-empire.com\/wp-content\/uploads\/2021\/07\/HS-150x150.jpg 150w, https:\/\/hq-empire.com\/wp-content\/uploads\/2021\/07\/HS-100x100.jpg 100w, https:\/\/hq-empire.com\/wp-content\/uploads\/2021\/07\/HS-60x60.jpg 60w\" sizes=\"auto, (max-width: 550px) 100vw, 550px\" \/><\/figure><\/div>\n\n\n\n<p><strong>M\u1eddi b\u1ea1n qua \u0111\u1eb7t may tr\u1ef1c ti\u1ebfp \u0111\u1ec3 \u0111\u01b0\u1ee3c t\u01b0 v\u1ea5n v\u00e0 l\u1ea5y s\u1ed1 \u0111o t\u1ea1i 29 Nguy\u1ec5n H\u1eefu Hu\u00e2n, H\u00e0 n\u1ed9i. Hi\u1ec7n th\u01b0 vi\u1ec7n v\u1ea3i ch\u00fang t\u00f4i \u0111ang c\u00f3 1000 m\u1eabu v\u1ea3i Holland &amp; Sherry cho c\u00e1c b\u1ea1n th\u1ecfa s\u1ee9c l\u1ef1a ch\u1ecdn t\u1ea1i HQ-EMPIRE &#8211; Khi \u0111\u1eb7t v\u1ea3i, b\u1ea1n s\u1ebd \u0111\u01b0\u1ee3c ki\u1ec3m tra m\u00e3 v\u1ea3i to\u00e0n c\u1ea7u \u0111\u1ec3 bi\u1ebft t\u00ecnh tr\u1ea1ng m\u00e3 v\u1ea3i b\u1ea1n \u0111\u00e3 l\u1ef1a ch\u1ecdn.<\/strong><\/p>\n\n\n\n<p><strong>HQ-EMPIRE t\u1ef1 h\u00e0o l\u00e0 m\u1ed9t \u0110i\u1ec3m B\u00e1n H\u00e0ng \u1ee6y Quy\u1ec1n \u1edf Ch\u00e2u \u00c1 c\u1ee7a h\u00e3ng v\u1ea3i Holland &amp; Sherry.<\/strong><\/p>\n\n\n\n<div class=\"wp-block-image\"><figure class=\"aligncenter size-full\"><img loading=\"lazy\" decoding=\"async\" width=\"550\" height=\"367\" src=\"https:\/\/demo.joycathouse.com\/wp-content\/uploads\/2021\/07\/HS-1.jpg\" alt=\"\" class=\"wp-image-261\" srcset=\"https:\/\/hq-empire.com\/wp-content\/uploads\/2021\/07\/HS-1.jpg 550w, https:\/\/hq-empire.com\/wp-content\/uploads\/2021\/07\/HS-1-300x200.jpg 300w\" sizes=\"auto, (max-width: 550px) 100vw, 550px\" \/><\/figure><\/div>\n\n\n\n<p><strong><a href=\"https:\/\/www.facebook.com\/HQ.EMPIRE\">Ho\u00e0ng Quang<\/a>&nbsp;v\u00e0 nh\u1eefng ng\u01b0\u1eddi l\u00e3nh \u0111\u1ea1o cao nh\u1ea5t c\u1ee7a Holland &amp; Sherry trong chuy\u1ebfn h\u1ecd th\u0103m v\u0103n ph\u00f2ng&nbsp;<a href=\"http:\/\/hq-empire.com\/index.php?dispatch=pages.view&amp;page_id=1\">HQ-EMPIRE t\u1ea1i 29 Nguy\u1ec5n H\u1eefu Hu\u00e2n, Ho\u00e0n Ki\u1ebfm, H\u00e0 N\u1ed9i<\/a>&nbsp;cu\u1ed1i th\u00e1ng 11\/2014.<\/strong><\/p>\n\n\n\n<p><strong>B\u1ea1n n\u00ean g\u1ecdi \u0111i\u1ec7n tho\u1ea1i \u0111\u1eb7t h\u1eb9n : 091-2224555&nbsp;\/&nbsp;0125-2224555<\/strong><\/p>\n\n\n\n<div class=\"wp-block-image\"><figure class=\"aligncenter size-full\"><img loading=\"lazy\" decoding=\"async\" width=\"550\" height=\"195\" src=\"https:\/\/demo.joycathouse.com\/wp-content\/uploads\/2021\/07\/zsb.jpg\" alt=\"\" class=\"wp-image-262\" srcset=\"https:\/\/hq-empire.com\/wp-content\/uploads\/2021\/07\/zsb.jpg 550w, https:\/\/hq-empire.com\/wp-content\/uploads\/2021\/07\/zsb-300x106.jpg 300w\" sizes=\"auto, (max-width: 550px) 100vw, 550px\" \/><\/figure><\/div>\n\n\n\n<div class=\"wp-block-image\"><figure class=\"aligncenter size-full\"><img loading=\"lazy\" decoding=\"async\" width=\"550\" height=\"409\" src=\"https:\/\/demo.joycathouse.com\/wp-content\/uploads\/2021\/07\/Sherling-Overcoat-Olive-Green-Windowpane-Suit.jpg\" alt=\"\" class=\"wp-image-263\" srcset=\"https:\/\/hq-empire.com\/wp-content\/uploads\/2021\/07\/Sherling-Overcoat-Olive-Green-Windowpane-Suit.jpg 550w, https:\/\/hq-empire.com\/wp-content\/uploads\/2021\/07\/Sherling-Overcoat-Olive-Green-Windowpane-Suit-300x223.jpg 300w\" sizes=\"auto, (max-width: 550px) 100vw, 550px\" \/><\/figure><\/div>\n\n\n\n<p class=\"has-text-align-center\">Luxury&nbsp;Fabric&nbsp;made in England\/Italia<\/p>\n\n\n\n<h3 class=\"wp-block-heading\"><\/h3>\n","protected":false},"excerpt":{"rendered":"<p>\u0110\u00e2y l\u00e0 th\u01b0\u01a1ng hi\u1ec7u v\u1ea3i n\u1ed5i ti\u1ebfng c\u1ee7a Anh Qu\u1ed1c g\u1eafn li\u1ec1n v\u1edbi khu Savile Row \u1edf London. M\u1ed9t b\u1ed9 &hellip; <a href=\"https:\/\/hq-empire.com\/?page_id=259\" class=\"more-link\"><span class=\"more-button\">Read More<span class=\"screen-reader-text\">Holland &#038; Sherry<\/span><\/span><\/a><\/p>\n","protected":false},"author":1,"featured_media":0,"parent":0,"menu_order":0,"comment_status":"closed","ping_status":"closed","template":"","meta":{"footnotes":""},"class_list":["post-259","page","type-page","status-publish","hentry"],"_links":{"self":[{"href":"https:\/\/hq-empire.com\/index.php?rest_route=\/wp\/v2\/pages\/259","targetHints":{"allow":["GET"]}}],"collection":[{"href":"https:\/\/hq-empire.com\/index.php?rest_route=\/wp\/v2\/pages"}],"about":[{"href":"https:\/\/hq-empire.com\/index.php?rest_route=\/wp\/v2\/types\/page"}],"author":[{"embeddable":true,"href":"https:\/\/hq-empire.com\/index.php?rest_route=\/wp\/v2\/users\/1"}],"replies":[{"embeddable":true,"href":"https:\/\/hq-empire.com\/index.php?rest_route=%2Fwp%2Fv2%2Fcomments&post=259"}],"version-history":[{"count":1,"href":"https:\/\/hq-empire.com\/index.php?rest_route=\/wp\/v2\/pages\/259\/revisions"}],"predecessor-version":[{"id":265,"href":"https:\/\/hq-empire.com\/index.php?rest_route=\/wp\/v2\/pages\/259\/revisions\/265"}],"wp:attachment":[{"href":"https:\/\/hq-empire.com\/index.php?rest_route=%2Fwp%2Fv2%2Fmedia&parent=259"}],"curies":[{"name":"wp","href":"https:\/\/api.w.org\/{rel}","templated":true}]}}