{"id":281,"date":"2021-07-25T16:21:42","date_gmt":"2021-07-25T16:21:42","guid":{"rendered":"https:\/\/demo.joycathouse.com\/?page_id=281"},"modified":"2021-07-25T16:22:28","modified_gmt":"2021-07-25T16:22:28","slug":"scabal-2","status":"publish","type":"page","link":"https:\/\/hq-empire.com\/?page_id=281","title":{"rendered":"Scabal"},"content":{"rendered":"\n<p><strong>S\u00e1ng l\u1eadp th\u01b0\u01a1ng hi\u1ec7u l\u00e0 Ng\u00e0i Otto Hetz trong vai tr\u00f2 m\u1ed9t nh\u00e0 bu\u00f4n ng\u01b0\u1eddi B\u1ec9, \u00f4ng \u0111\u00e3 t\u1eebng \u0111\u00edch th\u00e2n \u0111\u1ea1p xe \u0111\u1ea1p giao h\u00e0ng t\u1eebng kh\u00fac v\u1ea3i cho kh\u00e1ch &#8211; Nh\u01b0ng \u00f4ng lu\u00f4n ch\u1ecdn bu\u00f4n nh\u01b0ng lo\u1ea1i v\u1ea3i t\u1ed1t nh\u1ea5t c\u1ee7a c\u00e1c h\u00e3ng h\u00e0ng \u0111\u1ea7u. V\u00e0o n\u0103m 1938, \u00f4ng t\u1ea1o d\u1ef1ng th\u01b0\u01a1ng hi\u1ec7u ri\u00eang mang t\u00ean Scabal v\u00e0 ch\u1ec9 v\u1edbi m\u1ed9t ti\u00eau ch\u00ed duy nh\u1ea5t &#8211; Lu\u00f4n h\u1ee3p t\u00e1c v\u1edbi c\u00e1c nh\u00e0 s\u1ea3n xu\u1ea5t t\u1ed1t nh\u1ea5t \u0111\u1ec3 \u0111\u01b0a ra th\u1ecb tr\u01b0\u1eddng ch\u1ec9 nh\u1eefng lo\u1ea1i v\u1ea3i ph\u1ee5c v\u1ee5 cho ho\u1ea1t \u0111\u1ed9ng Bespoke v\u00e0 t\u1ea5t c\u1ea3 ph\u1ea3i lu\u00f4n l\u00e0 nh\u1eefng lo\u1ea1i v\u1ea3i t\u1ed1t nh\u1ea5t tr\u00ean th\u1ecb tr\u01b0\u1eddng &#8211; T\u1ea5t c\u1ea3 nh\u1eefng lo\u1ea1i v\u1ea3i n\u00e0y \u0111\u1ec1u \u0111\u01b0\u1ee3c d\u1ec7t \u0111\u01b0\u1eddng bi\u00ean v\u1ea3i mang t\u00ean SCABAL.<\/strong><\/p>\n\n\n\n<figure class=\"wp-block-embed is-type-video is-provider-youtube wp-block-embed-youtube wp-embed-aspect-16-9 wp-has-aspect-ratio\"><div class=\"wp-block-embed__wrapper\">\n<iframe loading=\"lazy\" title=\"The Measure of a Man Winter 2016 Campaign Film\" width=\"990\" height=\"557\" src=\"https:\/\/www.youtube.com\/embed\/lHTJ1f8DjbY?feature=oembed\" frameborder=\"0\" allow=\"accelerometer; autoplay; clipboard-write; encrypted-media; gyroscope; picture-in-picture\" allowfullscreen><\/iframe>\n<\/div><\/figure>\n\n\n\n<p><strong>D\u1ea7n d\u1ea7n, \u00f4ng v\u00e0 c\u00e1c th\u1ebf h\u1ec7 k\u1ebf ti\u1ebfp \u0111\u00e3 li\u00ean t\u1ee5c mua l\u1ea1i c\u00e1c th\u01b0\u01a1ng hi\u1ec7u v\u1ea3i h\u00e0ng \u0111\u1ea7u th\u1ebf gi\u1edbi, \u0111\u1ec3 ng\u00e0y h\u00f4m nay SCABAL tr\u1edf th\u00e0nh m\u1ed9t t\u00ean tu\u1ed5i l\u1edbn cung c\u1ea5p nh\u1eefng d\u00f2ng v\u1ea3i cao c\u1ea5p \u0111\u1ee9ng s\u1ed1 1 tr\u00ean th\u1ebf gi\u1edbi.<\/strong><\/p>\n\n\n\n<figure class=\"wp-block-embed is-type-video is-provider-youtube wp-block-embed-youtube wp-embed-aspect-16-9 wp-has-aspect-ratio\"><div class=\"wp-block-embed__wrapper\">\n<iframe loading=\"lazy\" title=\"Casheen Collection\" width=\"990\" height=\"557\" src=\"https:\/\/www.youtube.com\/embed\/sOxuIHisV8Q?feature=oembed\" frameborder=\"0\" allow=\"accelerometer; autoplay; clipboard-write; encrypted-media; gyroscope; picture-in-picture\" allowfullscreen><\/iframe>\n<\/div><\/figure>\n\n\n\n<figure class=\"wp-block-embed is-type-video is-provider-youtube wp-block-embed-youtube wp-embed-aspect-16-9 wp-has-aspect-ratio\"><div class=\"wp-block-embed__wrapper\">\n<iframe loading=\"lazy\" title=\"Classics Collection\" width=\"990\" height=\"557\" src=\"https:\/\/www.youtube.com\/embed\/TIHv2AFPe18?feature=oembed\" frameborder=\"0\" allow=\"accelerometer; autoplay; clipboard-write; encrypted-media; gyroscope; picture-in-picture\" allowfullscreen><\/iframe>\n<\/div><\/figure>\n\n\n\n<figure class=\"wp-block-embed is-type-video is-provider-youtube wp-block-embed-youtube wp-embed-aspect-16-9 wp-has-aspect-ratio\"><div class=\"wp-block-embed__wrapper\">\n<iframe loading=\"lazy\" title=\"Corduroy Collection\" width=\"990\" height=\"557\" src=\"https:\/\/www.youtube.com\/embed\/CeYmtf1cHME?feature=oembed\" frameborder=\"0\" allow=\"accelerometer; autoplay; clipboard-write; encrypted-media; gyroscope; picture-in-picture\" allowfullscreen><\/iframe>\n<\/div><\/figure>\n\n\n\n<figure class=\"wp-block-embed is-type-video is-provider-youtube wp-block-embed-youtube wp-embed-aspect-16-9 wp-has-aspect-ratio\"><div class=\"wp-block-embed__wrapper\">\n<iframe loading=\"lazy\" title=\"Scabal. New Deluxe Super 100&#039;S - \u043a\u043e\u0441\u0442\u044e\u043c\u043d\u044b\u0435 \u0442\u043a\u0430\u043d\u0438\" width=\"990\" height=\"557\" src=\"https:\/\/www.youtube.com\/embed\/MgAqmGF3mXo?feature=oembed\" frameborder=\"0\" allow=\"accelerometer; autoplay; clipboard-write; encrypted-media; gyroscope; picture-in-picture\" allowfullscreen><\/iframe>\n<\/div><\/figure>\n\n\n\n<div class=\"wp-block-image\"><figure class=\"aligncenter size-full\"><img loading=\"lazy\" decoding=\"async\" width=\"550\" height=\"550\" src=\"https:\/\/demo.joycathouse.com\/wp-content\/uploads\/2021\/07\/HS.jpg\" alt=\"\" class=\"wp-image-260\" srcset=\"https:\/\/hq-empire.com\/wp-content\/uploads\/2021\/07\/HS.jpg 550w, https:\/\/hq-empire.com\/wp-content\/uploads\/2021\/07\/HS-300x300.jpg 300w, https:\/\/hq-empire.com\/wp-content\/uploads\/2021\/07\/HS-150x150.jpg 150w, https:\/\/hq-empire.com\/wp-content\/uploads\/2021\/07\/HS-100x100.jpg 100w, https:\/\/hq-empire.com\/wp-content\/uploads\/2021\/07\/HS-60x60.jpg 60w\" sizes=\"auto, (max-width: 550px) 100vw, 550px\" \/><\/figure><\/div>\n\n\n\n<p><strong>N\u0103m 1951, Scabal mua Barclays, m\u1ed9t nh\u00e0 kinh doanh v\u1ea3i n\u1ed5i ti\u1ebfng \u1edf London v\u00e0 nh\u01b0 v\u1eady l\u00e0m t\u0103ng s\u1ef1 hi\u1ec7n di\u1ec7n t\u1ea1i V\u01b0\u01a1ng qu\u1ed1c Anh.<\/strong><\/p>\n\n\n\n<p><strong>N\u0103m 1953, Scabal mua Wainshiell l\u00e0 th\u01b0\u01a1ng hi\u1ec7u c\u00f3 tu\u1ed5i \u0111\u1eddi&nbsp;t\u1eeb n\u0103m&nbsp;1807. Th\u01b0\u01a1ng hi\u1ec7u n\u00e0y t\u1eeb n\u0103m 1907 \u0111\u00e3&nbsp;c\u00f3 c\u1eeda ti\u1ec7m t\u1ea1i&nbsp;Savile Row.<\/strong><\/p>\n\n\n\n<p><strong>N\u0103m 1991, Scabal chuy\u1ec3n t\u1edbi 12 Savile Row, London v\u00e0 t\u1ecda l\u1ea1c t\u1ea1i \u0111\u00f3 cho t\u1edbi nay&#8230;<\/strong><\/p>\n\n\n\n<p><strong>HQ-EMPIRE lu\u00f4n \u0111\u01b0\u1ee3c h\u00e3ng v\u1ea3i \u01b0u \u00e1i g\u1eedi cho nh\u1eefng m\u1eabu m\u1edbi nh\u1ea5t c\u1ee7a t\u1eebng m\u00f9a &#8211; 06 th\u00e1ng\/l\u1ea7n. M\u1eddi Qu\u00fd kh\u00e1ch qua ch\u1ecdn v\u1edbi r\u1ea5t nhi\u1ec1u m\u1eabu m\u00e3 phong ph\u00fa t\u1ea1i 29 Nguy\u1ec5n H\u1eefu Hu\u00e2n, H\u00e0 n\u1ed9i nh\u00e9&#8230;<\/strong><\/p>\n\n\n\n<div class=\"wp-block-image\"><figure class=\"aligncenter size-full\"><img loading=\"lazy\" decoding=\"async\" width=\"550\" height=\"317\" src=\"https:\/\/demo.joycathouse.com\/wp-content\/uploads\/2021\/07\/zse.jpg\" alt=\"\" class=\"wp-image-267\" srcset=\"https:\/\/hq-empire.com\/wp-content\/uploads\/2021\/07\/zse.jpg 550w, https:\/\/hq-empire.com\/wp-content\/uploads\/2021\/07\/zse-300x173.jpg 300w\" sizes=\"auto, (max-width: 550px) 100vw, 550px\" \/><\/figure><\/div>\n\n\n\n<p><strong>Gi\u1edbi th\u01b0\u1ee3ng l\u01b0u ph\u01b0\u01a1ng t\u00e2y th\u01b0\u1eddng v\u00ed, n\u1ebfu b\u1ed9 suit may b\u1eb1ng v\u1ea3i DORMEUIL nh\u01b0 l\u00e0 chi\u1ebfc xe BENTLEY th\u00ec b\u1ed9 suit v\u1ea3i SCABAL s\u1ebd l\u00e0 chi\u1ebfc ROLLS-ROYCE !!!<\/strong><\/p>\n\n\n\n<div class=\"wp-block-image\"><figure class=\"aligncenter size-full\"><img loading=\"lazy\" decoding=\"async\" width=\"550\" height=\"379\" src=\"https:\/\/demo.joycathouse.com\/wp-content\/uploads\/2021\/07\/THE-GODFATHER.jpg\" alt=\"\" class=\"wp-image-268\" srcset=\"https:\/\/hq-empire.com\/wp-content\/uploads\/2021\/07\/THE-GODFATHER.jpg 550w, https:\/\/hq-empire.com\/wp-content\/uploads\/2021\/07\/THE-GODFATHER-300x207.jpg 300w\" sizes=\"auto, (max-width: 550px) 100vw, 550px\" \/><\/figure><\/div>\n\n\n\n<p class=\"has-text-align-center\">Scabal l\u00e0 h\u00e3ng v\u1ea3i th\u1ef1c hi\u1ec7n trang ph\u1ee5c cho si\u00eau ph\u1ea9m &#8221; The Godfather&#8221;&nbsp;<\/p>\n\n\n\n<p class=\"has-text-align-center\">Made in Belgium\/Germany\/England<\/p>\n","protected":false},"excerpt":{"rendered":"<p>S\u00e1ng l\u1eadp th\u01b0\u01a1ng hi\u1ec7u l\u00e0 Ng\u00e0i Otto Hetz trong vai tr\u00f2 m\u1ed9t nh\u00e0 bu\u00f4n ng\u01b0\u1eddi B\u1ec9, \u00f4ng \u0111\u00e3 t\u1eebng \u0111\u00edch &hellip; <a href=\"https:\/\/hq-empire.com\/?page_id=281\" class=\"more-link\"><span class=\"more-button\">Read More<span class=\"screen-reader-text\">Scabal<\/span><\/span><\/a><\/p>\n","protected":false},"author":1,"featured_media":0,"parent":0,"menu_order":0,"comment_status":"closed","ping_status":"closed","template":"","meta":{"footnotes":""},"class_list":["post-281","page","type-page","status-publish","hentry"],"_links":{"self":[{"href":"https:\/\/hq-empire.com\/index.php?rest_route=\/wp\/v2\/pages\/281","targetHints":{"allow":["GET"]}}],"collection":[{"href":"https:\/\/hq-empire.com\/index.php?rest_route=\/wp\/v2\/pages"}],"about":[{"href":"https:\/\/hq-empire.com\/index.php?rest_route=\/wp\/v2\/types\/page"}],"author":[{"embeddable":true,"href":"https:\/\/hq-empire.com\/index.php?rest_route=\/wp\/v2\/users\/1"}],"replies":[{"embeddable":true,"href":"https:\/\/hq-empire.com\/index.php?rest_route=%2Fwp%2Fv2%2Fcomments&post=281"}],"version-history":[{"count":2,"href":"https:\/\/hq-empire.com\/index.php?rest_route=\/wp\/v2\/pages\/281\/revisions"}],"predecessor-version":[{"id":284,"href":"https:\/\/hq-empire.com\/index.php?rest_route=\/wp\/v2\/pages\/281\/revisions\/284"}],"wp:attachment":[{"href":"https:\/\/hq-empire.com\/index.php?rest_route=%2Fwp%2Fv2%2Fmedia&parent=281"}],"curies":[{"name":"wp","href":"https:\/\/api.w.org\/{rel}","templated":true}]}}