{"id":285,"date":"2021-07-25T16:27:00","date_gmt":"2021-07-25T16:27:00","guid":{"rendered":"https:\/\/demo.joycathouse.com\/?page_id=285"},"modified":"2021-07-25T16:30:10","modified_gmt":"2021-07-25T16:30:10","slug":"dormeuil","status":"publish","type":"page","link":"https:\/\/hq-empire.com\/?page_id=285","title":{"rendered":"Dormeuil"},"content":{"rendered":"\n<p><strong>V\u1edbi b\u1ec1 d\u1ea7y&nbsp;h\u01a1n 170 n\u0103m tu\u1ed5i v\u00e0 lu\u00f4n lu\u00f4n d\u1eabn \u0111\u1ea7u trong vi\u1ec7c t\u1ea1o ra c\u00e1c lo\u1ea1i v\u1ea3i &#8220;V\u01b0\u1ee3t th\u1eddi gian&#8221; &#8211; Timeless. Dormeuil lu\u00f4n l\u00e0 s\u1ef1 l\u1ef1a ch\u1ecdn c\u1ee7a c\u00e1c v\u1ecb Vua, c\u00e1c Ch\u1ee7 t\u1ecbch hay T\u1ed5ng th\u1ed1ng v\u00e0 c\u1ea3 nh\u1eefng ng\u01b0\u1eddi s\u00e0nh ch\u01a1i \u1edf Hollywood. Dormeuil l\u00e0 hi\u1ec7n th\u00e2n c\u1ee7a s\u1ef1 tinh hoa c\u1ee7a th\u1ebf gi\u1edbi k\u1ebft h\u1ee3p v\u1edbi s\u1ef1 sang tr\u1ecdng v\u01b0\u1ee3t th\u1eddi gian c\u1ee7a ng\u01b0\u1eddi Anh v\u00e0 s\u1ef1 l\u00e3ng m\u1ea1n ng\u01b0\u1eddi Ph\u00e1p h\u00f2a quy\u1ec7n v\u1edbi nhau tr\u00ean t\u1eebng th\u01b0\u1edbc v\u1ea3i&#8230;<\/strong><\/p>\n\n\n\n<figure class=\"wp-block-embed is-type-rich is-provider-embed-handler wp-block-embed-embed-handler wp-embed-aspect-16-9 wp-has-aspect-ratio\"><div class=\"wp-block-embed__wrapper\">\n<iframe loading=\"lazy\" title=\"Dormeuil Corporate Movie\" width=\"990\" height=\"557\" src=\"https:\/\/www.youtube.com\/embed\/r4xXdJiDXVY?feature=oembed\" frameborder=\"0\" allow=\"accelerometer; autoplay; clipboard-write; encrypted-media; gyroscope; picture-in-picture\" allowfullscreen><\/iframe>\n<\/div><\/figure>\n\n\n\n<div class=\"wp-block-image\"><figure class=\"aligncenter size-full\"><img loading=\"lazy\" decoding=\"async\" width=\"550\" height=\"550\" src=\"https:\/\/demo.joycathouse.com\/wp-content\/uploads\/2021\/07\/DM.jpg\" alt=\"\" class=\"wp-image-287\" srcset=\"https:\/\/hq-empire.com\/wp-content\/uploads\/2021\/07\/DM.jpg 550w, https:\/\/hq-empire.com\/wp-content\/uploads\/2021\/07\/DM-300x300.jpg 300w, https:\/\/hq-empire.com\/wp-content\/uploads\/2021\/07\/DM-150x150.jpg 150w, https:\/\/hq-empire.com\/wp-content\/uploads\/2021\/07\/DM-100x100.jpg 100w, https:\/\/hq-empire.com\/wp-content\/uploads\/2021\/07\/DM-60x60.jpg 60w\" sizes=\"auto, (max-width: 550px) 100vw, 550px\" \/><\/figure><\/div>\n\n\n\n<p><strong>Ch\u00ednh s\u1ef1 b\u1ea3o th\u1ee7 c\u1ee7a ng\u01b0\u1eddi Anh \u0111\u00e3 khi\u1ebfn cho Dormeuil ch\u1ec9 \u0111\u01b0\u1ee3c s\u1ea3n xu\u1ea5t t\u1ea1i Anh m\u00e0 kh\u00f4ng thu\u00ea gia c\u00f4ng \u1edf b\u1ea5t k\u1ef3 \u0111\u00e2u kh\u00e1c. Nh\u1eefng k\u1ef9 thu\u1eadt&nbsp;d\u1ec7t truy\u1ec1n th\u1ed1ng \u0111\u01b0\u1ee3c k\u1ebft h\u1ee3p v\u1edbi c\u00e1c ph\u01b0\u01a1ng ph\u00e1p hi\u1ec7n \u0111\u1ea1i \u0111\u1ec3 t\u1ea1o ra lo\u1ea1i v\u1ea3i danh ti\u1ebfng h\u00e0ng \u0111\u1ea7u th\u1ebf gi\u1edbi r\u1ea5t \u0111\u01b0\u1ee3c Gi\u1edbi Qu\u00fd T\u1ed9c th\u1ef1c th\u1ee5 tr\u00ean th\u1ebf gi\u1edbi \u01b0a chu\u1ed9ng !<\/strong><\/p>\n\n\n\n<div class=\"wp-block-image\"><figure class=\"aligncenter size-full\"><img loading=\"lazy\" decoding=\"async\" width=\"550\" height=\"364\" src=\"https:\/\/demo.joycathouse.com\/wp-content\/uploads\/2021\/07\/1ca1.jpg\" alt=\"\" class=\"wp-image-288\" srcset=\"https:\/\/hq-empire.com\/wp-content\/uploads\/2021\/07\/1ca1.jpg 550w, https:\/\/hq-empire.com\/wp-content\/uploads\/2021\/07\/1ca1-300x199.jpg 300w\" sizes=\"auto, (max-width: 550px) 100vw, 550px\" \/><\/figure><\/div>\n\n\n\n<p><strong>T\u1ea1i HQ-EMPIRE h\u00e3ng v\u1ea3i Dormeuil lu\u00f4n lu\u00f4n \u01b0u \u00e1i g\u1eedi cho nh\u1eefng m\u1eabu m\u1edbi nh\u1ea5t c\u1ee7a h\u00e3ng \u0111\u1ec3 qu\u00fd kh\u00e1ch h\u00e0ng tho\u1ea3i m\u00e1i l\u1ef1a ch\u1ecdn. M\u1eddi c\u00e1c b\u1ea1n qua ch\u1ecdn m\u1eabu t\u1ea1i 29 Nguy\u1ec5n H\u1eefu Hu\u00e2n, H\u00e0 n\u1ed9i nh\u00e9&#8230;<\/strong><\/p>\n\n\n\n<div class=\"wp-block-image\"><figure class=\"aligncenter size-full\"><img loading=\"lazy\" decoding=\"async\" width=\"550\" height=\"367\" src=\"https:\/\/demo.joycathouse.com\/wp-content\/uploads\/2021\/07\/4ca4.jpg\" alt=\"\" class=\"wp-image-289\" srcset=\"https:\/\/hq-empire.com\/wp-content\/uploads\/2021\/07\/4ca4.jpg 550w, https:\/\/hq-empire.com\/wp-content\/uploads\/2021\/07\/4ca4-300x200.jpg 300w\" sizes=\"auto, (max-width: 550px) 100vw, 550px\" \/><\/figure><\/div>\n\n\n\n<p><strong>\u0110\u00e2y l\u00e0 d\u00f2ng v\u1ea3i cao c\u1ea5p \u0111\u01b0\u1ee3c HQ-EMPIRE l\u1ef1a ch\u1ecdn d\u00f9ng cho ph\u00e2n kh\u00fac s\u1ea3n ph\u1ea9m &#8220;AMBASSADOR&#8221; c\u1ee7a m\u00ecnh. T\u1eeb nh\u1eefng v\u00f9ng nguy\u00ean li\u1ec7u t\u1ed1t nh\u1ea5t th\u1ebf gi\u1edbi, h\u00e3ng Dormeuil mang t\u1edbi nh\u1eefng ch\u1ea5t li\u1ec7u Wool, Mohair, Alpaca hay Cashamere ho\u1eb7c Vicuna v\u00f4 c\u00f9ng h\u1ea3o h\u1ea1ng&#8230;<\/strong><\/p>\n\n\n\n<div class=\"wp-block-image\"><figure class=\"aligncenter size-full\"><img loading=\"lazy\" decoding=\"async\" width=\"550\" height=\"366\" src=\"https:\/\/demo.joycathouse.com\/wp-content\/uploads\/2021\/07\/3ca3.jpg\" alt=\"\" class=\"wp-image-290\" srcset=\"https:\/\/hq-empire.com\/wp-content\/uploads\/2021\/07\/3ca3.jpg 550w, https:\/\/hq-empire.com\/wp-content\/uploads\/2021\/07\/3ca3-300x200.jpg 300w\" sizes=\"auto, (max-width: 550px) 100vw, 550px\" \/><\/figure><\/div>\n\n\n\n<p class=\"has-text-align-center\"><strong>******<\/strong><\/p>\n\n\n\n<p><strong>T\u1eeb l\u00e2u nay, gi\u1edbi Qu\u00fd T\u1ed9c, Ch\u00ednh Kh\u00e1ch hay Doanh nh\u00e2n th\u00e0nh \u0111\u1ea1t tr\u00ean kh\u1eafp th\u1ebf gi\u1edbi, th\u01b0\u01a1ng hi\u1ec7u &#8220;Dormeuil&#8221; \u0111\u00e3 tr\u1edf n\u00ean qu\u00e1 quen thu\u1ed9c v\u1edbi h\u1ecd. V\u00e0 ch\u00ednh \u0111i\u1ec1u n\u00e0y \u1ea3nh h\u01b0\u1edfng t\u1edbi c\u1ea3 nh\u1eefng nh\u00e0 l\u00e0m phim Hollywood \u0111\u1ec3 s\u1ef1 xa x\u1ec9 c\u1ee7a lo\u1ea1i v\u1ea3i n\u00e0y tr\u1edf th\u00e0nh bi\u1ec3u t\u01b0\u1ee3ng cho nh\u1eefng nh\u00e2n v\u1eadt ch\u00ednh trong phim c\u1ee7a m\u00ecnh:<\/strong><\/p>\n\n\n\n<div class=\"wp-block-image\"><figure class=\"aligncenter size-full\"><img loading=\"lazy\" decoding=\"async\" width=\"550\" height=\"234\" src=\"https:\/\/demo.joycathouse.com\/wp-content\/uploads\/2021\/07\/gatsby.jpg\" alt=\"\" class=\"wp-image-291\" srcset=\"https:\/\/hq-empire.com\/wp-content\/uploads\/2021\/07\/gatsby.jpg 550w, https:\/\/hq-empire.com\/wp-content\/uploads\/2021\/07\/gatsby-300x128.jpg 300w\" sizes=\"auto, (max-width: 550px) 100vw, 550px\" \/><\/figure><\/div>\n\n\n\n<p class=\"has-text-align-center\"><strong>Trang ph\u1ee5c \u00a0t\u1ea5t c\u1ea3 c\u00e1c di\u1ec5n vi\u00ean ch\u00ednh c\u1ee7a b\u1ed9 phim &#8220;The Great Gatsby&#8221; \u0111\u01b0\u1ee3c may b\u1eb1ng v\u1ea3i Dormeuil<br>Made in England<\/strong><\/p>\n","protected":false},"excerpt":{"rendered":"<p>V\u1edbi b\u1ec1 d\u1ea7y&nbsp;h\u01a1n 170 n\u0103m tu\u1ed5i v\u00e0 lu\u00f4n lu\u00f4n d\u1eabn \u0111\u1ea7u trong vi\u1ec7c t\u1ea1o ra c\u00e1c lo\u1ea1i v\u1ea3i &#8220;V\u01b0\u1ee3t th\u1eddi &hellip; <a href=\"https:\/\/hq-empire.com\/?page_id=285\" class=\"more-link\"><span class=\"more-button\">Read More<span class=\"screen-reader-text\">Dormeuil<\/span><\/span><\/a><\/p>\n","protected":false},"author":1,"featured_media":0,"parent":0,"menu_order":0,"comment_status":"closed","ping_status":"closed","template":"","meta":{"footnotes":""},"class_list":["post-285","page","type-page","status-publish","hentry"],"_links":{"self":[{"href":"https:\/\/hq-empire.com\/index.php?rest_route=\/wp\/v2\/pages\/285","targetHints":{"allow":["GET"]}}],"collection":[{"href":"https:\/\/hq-empire.com\/index.php?rest_route=\/wp\/v2\/pages"}],"about":[{"href":"https:\/\/hq-empire.com\/index.php?rest_route=\/wp\/v2\/types\/page"}],"author":[{"embeddable":true,"href":"https:\/\/hq-empire.com\/index.php?rest_route=\/wp\/v2\/users\/1"}],"replies":[{"embeddable":true,"href":"https:\/\/hq-empire.com\/index.php?rest_route=%2Fwp%2Fv2%2Fcomments&post=285"}],"version-history":[{"count":5,"href":"https:\/\/hq-empire.com\/index.php?rest_route=\/wp\/v2\/pages\/285\/revisions"}],"predecessor-version":[{"id":298,"href":"https:\/\/hq-empire.com\/index.php?rest_route=\/wp\/v2\/pages\/285\/revisions\/298"}],"wp:attachment":[{"href":"https:\/\/hq-empire.com\/index.php?rest_route=%2Fwp%2Fv2%2Fmedia&parent=285"}],"curies":[{"name":"wp","href":"https:\/\/api.w.org\/{rel}","templated":true}]}}