{"id":307,"date":"2021-07-25T16:35:41","date_gmt":"2021-07-25T16:35:41","guid":{"rendered":"https:\/\/demo.joycathouse.com\/?page_id=307"},"modified":"2021-07-25T16:38:19","modified_gmt":"2021-07-25T16:38:19","slug":"vitale-barberis-canonico","status":"publish","type":"page","link":"https:\/\/hq-empire.com\/?page_id=307","title":{"rendered":"Vitale Barberis Canonico"},"content":{"rendered":"\n<p><strong>V\u1edbi h\u01a1n 350 n\u0103m kinh nghi\u1ec7m \u0111\u1ee7 \u0111\u1ec3 cho CANONICO tr\u1edf th\u00e0nh m\u1ed9t h\u00e3ng v\u1ea3i danh ti\u1ebfng v\u00e0 \u0111\u01b0\u1ee3c \u01b0a chu\u1ed9ng to\u00e0n c\u1ea7u. V\u1edbi khi h\u1eadu Nam \u00c2u, v\u1edbi n\u1eafng-gi\u00f3 \u0110\u1ecba Trung H\u1ea3i kh\u00e1 t\u01b0\u01a1ng \u0111\u1ed3ng v\u1edbi khi h\u1eadu n\u01b0\u1edbc ta, n\u00ean t\u1eeb l\u00e2u nay CANONICO \u0111\u00e3 l\u00e0 lo\u1ea1i v\u1ea3i 100% Wool \u0111\u01b0\u1ee3c \u01b0a d\u00f9ng t\u1ea1i Vietnam.&nbsp;M\u1ed9t b\u1ed9 suit may b\u1eb1ng v\u1ea3i n\u00e0y s\u1ebd mang t\u1edbi cho b\u1ea1n s\u1ef1&nbsp;bay b\u1ed5ng, tr\u1ebb trung \u0111\u1ea7y h\u1ee9ng kh\u1edfi&#8230; V\u1ea3i \u0111\u01b0\u1ee3c HQ-EMPIRE \u0111\u1eb7t h\u00e0ng tr\u1ef1c ti\u1ebfp t\u1eeb h\u00e3ng CANONICO ngay&nbsp;sau khi b\u1ea1n t\u1edbi \u0111\u1eb7t may v\u00e0 m\u1ea5t 3-5 ng\u00e0y \u0111\u1ec3 c\u00f3 v\u1ea3i t\u1ea1i Hanoi.<\/strong><\/p>\n\n\n\n<figure class=\"wp-block-embed is-type-video is-provider-youtube wp-block-embed-youtube wp-embed-aspect-16-9 wp-has-aspect-ratio\"><div class=\"wp-block-embed__wrapper\">\n<iframe loading=\"lazy\" title=\"The Fabric\" width=\"990\" height=\"557\" src=\"https:\/\/www.youtube.com\/embed\/qxZ7djstTFQ?feature=oembed\" frameborder=\"0\" allow=\"accelerometer; autoplay; clipboard-write; encrypted-media; gyroscope; picture-in-picture\" allowfullscreen><\/iframe>\n<\/div><\/figure>\n\n\n\n<p><strong>Hi\u1ec7n t\u1ea1i h\u00e3ng CANONICO \u0111ang c\u00f3 ch\u01b0\u01a1ng tr\u00ecnh t\u1eb7ng k\u00e8m b\u1ed9 v\u1ea3i l\u00f3t + b\u1ed9 khuy c\u1ee7a&nbsp;ch\u00ednh h\u00e3ng&nbsp;<em><strong>(tr\u1ecb gi\u00e1 tr\u00ean&nbsp;$60 cho b\u1ed9 ph\u1ee5 ki\u1ec7n n\u00e0y)&nbsp;<\/strong><strong>khi b\u1ea1n \u0111\u1eb7t h\u00e0ng t\u1eeb 3m\u00e9t v\u1ea3i tr\u1edf l\u00ean<\/strong><\/em>. C\u00f3 h\u00e0ng tr\u0103m m\u1eabu v\u1ea3i&nbsp;CANONICO&nbsp;cho c\u00e1c b\u1ea1n l\u1ef1a ch\u1ecdn t\u1ea1i HQ-EMPIRE, s\u1ed1 29 Nguy\u1ec5n H\u1eefu Hu\u00e2n, Ho\u00e0n Ki\u1ebfm, H\u00e0 N\u1ed9i \u0111ang ch\u1edd b\u1ea1n l\u1ef1a ch\u1ecdn&#8230;<\/strong><\/p>\n\n\n\n<div class=\"wp-block-image\"><figure class=\"aligncenter size-full\"><img loading=\"lazy\" decoding=\"async\" width=\"550\" height=\"309\" src=\"https:\/\/demo.joycathouse.com\/wp-content\/uploads\/2021\/07\/VBC.jpg\" alt=\"\" class=\"wp-image-308\" srcset=\"https:\/\/hq-empire.com\/wp-content\/uploads\/2021\/07\/VBC.jpg 550w, https:\/\/hq-empire.com\/wp-content\/uploads\/2021\/07\/VBC-300x169.jpg 300w, https:\/\/hq-empire.com\/wp-content\/uploads\/2021\/07\/VBC-480x270.jpg 480w\" sizes=\"auto, (max-width: 550px) 100vw, 550px\" \/><\/figure><\/div>\n\n\n\n<p class=\"has-text-align-left\"><strong><span style=\"color:#cde618\" class=\"has-inline-color\">\u0110\u00e2y l\u00e0 m\u1ed9t h\u00e3ng v\u1ea3i danh ti\u1ebfng c\u1ee7a th\u1ebf gi\u1edbi v\u00e0 quan tr\u1ecdng l\u00e0\u00a0gi\u00e1 r\u1ea5t h\u1ee3p l\u00fd v\u00e0 h\u1ee3p t\u00fai ti\u1ec1n c\u1ee7a ng\u01b0\u1eddi Vi\u1ec7t !<\/span><\/strong><br><strong><br>M\u1eddi b\u1ea1n qua \u0111\u1eb7t may tr\u1ef1c ti\u1ebfp \u0111\u1ec3 \u0111\u01b0\u1ee3c t\u01b0 v\u1ea5n v\u00e0 l\u1ea5y s\u1ed1 \u0111o t\u1ea1i 29 Nguy\u1ec5n H\u1eefu Hu\u00e2n, H\u00e0 N\u1ed9i.<\/strong><br><br><strong>B\u1ea1n n\u00ean g\u1ecdi \u0111i\u1ec7n tho\u1ea1i \u0111\u1eb7t h\u1eb9n : 091-2224555\u00a0<span style=\"color:#ff0307\" class=\"has-inline-color\">\/<\/span>\u00a00125-2224555\u00a0<\/strong><\/p>\n\n\n\n<div class=\"wp-block-image\"><figure class=\"aligncenter size-full\"><img loading=\"lazy\" decoding=\"async\" width=\"550\" height=\"238\" src=\"https:\/\/demo.joycathouse.com\/wp-content\/uploads\/2021\/07\/zsd.jpg\" alt=\"\" class=\"wp-image-309\" srcset=\"https:\/\/hq-empire.com\/wp-content\/uploads\/2021\/07\/zsd.jpg 550w, https:\/\/hq-empire.com\/wp-content\/uploads\/2021\/07\/zsd-300x130.jpg 300w\" sizes=\"auto, (max-width: 550px) 100vw, 550px\" \/><\/figure><\/div>\n\n\n\n<div class=\"wp-block-image\"><figure class=\"aligncenter size-full\"><img loading=\"lazy\" decoding=\"async\" width=\"550\" height=\"594\" src=\"https:\/\/demo.joycathouse.com\/wp-content\/uploads\/2021\/07\/tumblr_mbg7poGkZP1rx7n5no1_1280.jpg\" alt=\"\" class=\"wp-image-310\" srcset=\"https:\/\/hq-empire.com\/wp-content\/uploads\/2021\/07\/tumblr_mbg7poGkZP1rx7n5no1_1280.jpg 550w, https:\/\/hq-empire.com\/wp-content\/uploads\/2021\/07\/tumblr_mbg7poGkZP1rx7n5no1_1280-278x300.jpg 278w\" sizes=\"auto, (max-width: 550px) 100vw, 550px\" \/><\/figure><\/div>\n\n\n\n<p class=\"has-text-align-center\">Luxury\u00a0Fabric\u00a0made in Italia<\/p>\n","protected":false},"excerpt":{"rendered":"<p>V\u1edbi h\u01a1n 350 n\u0103m kinh nghi\u1ec7m \u0111\u1ee7 \u0111\u1ec3 cho CANONICO tr\u1edf th\u00e0nh m\u1ed9t h\u00e3ng v\u1ea3i danh ti\u1ebfng v\u00e0 \u0111\u01b0\u1ee3c \u01b0a &hellip; <a href=\"https:\/\/hq-empire.com\/?page_id=307\" class=\"more-link\"><span class=\"more-button\">Read More<span class=\"screen-reader-text\">Vitale Barberis Canonico<\/span><\/span><\/a><\/p>\n","protected":false},"author":1,"featured_media":0,"parent":0,"menu_order":0,"comment_status":"closed","ping_status":"closed","template":"","meta":{"footnotes":""},"class_list":["post-307","page","type-page","status-publish","hentry"],"_links":{"self":[{"href":"https:\/\/hq-empire.com\/index.php?rest_route=\/wp\/v2\/pages\/307","targetHints":{"allow":["GET"]}}],"collection":[{"href":"https:\/\/hq-empire.com\/index.php?rest_route=\/wp\/v2\/pages"}],"about":[{"href":"https:\/\/hq-empire.com\/index.php?rest_route=\/wp\/v2\/types\/page"}],"author":[{"embeddable":true,"href":"https:\/\/hq-empire.com\/index.php?rest_route=\/wp\/v2\/users\/1"}],"replies":[{"embeddable":true,"href":"https:\/\/hq-empire.com\/index.php?rest_route=%2Fwp%2Fv2%2Fcomments&post=307"}],"version-history":[{"count":3,"href":"https:\/\/hq-empire.com\/index.php?rest_route=\/wp\/v2\/pages\/307\/revisions"}],"predecessor-version":[{"id":315,"href":"https:\/\/hq-empire.com\/index.php?rest_route=\/wp\/v2\/pages\/307\/revisions\/315"}],"wp:attachment":[{"href":"https:\/\/hq-empire.com\/index.php?rest_route=%2Fwp%2Fv2%2Fmedia&parent=307"}],"curies":[{"name":"wp","href":"https:\/\/api.w.org\/{rel}","templated":true}]}}