{"id":344,"date":"2021-07-25T16:52:20","date_gmt":"2021-07-25T16:52:20","guid":{"rendered":"https:\/\/demo.joycathouse.com\/?page_id=344"},"modified":"2021-07-25T16:55:06","modified_gmt":"2021-07-25T16:55:06","slug":"polka-dot-lining-dieu-khieu-vu-cua-nhung-cham-bi","status":"publish","type":"page","link":"https:\/\/hq-empire.com\/?page_id=344","title":{"rendered":"Polka Dot Lining &#8211; \u0110i\u1ec7u khi\u00eau v\u0169 c\u1ee7a nh\u1eefng ch\u1ea5m bi"},"content":{"rendered":"\n<p><strong>&#8220;Polka Dot&#8221; l\u00e0 lo\u1ea1i h\u1ecda ti\u1ebft d\u00e0nh \u0111\u1ec3 l\u00f3t suits m\u00e0 gi\u1edbi th\u01b0\u1ee3ng l\u01b0u ph\u01b0\u01a1ng t\u00e2y \u01b0a chu\u1ed9ng b\u1edfi s\u1ef1 uy\u1ec3n chuy\u1ec3n c\u1ee7a nh\u01b0ng ch\u1ea5m bi tr\u00ean l\u00f3t khi m\u1eb7c th\u1ea5p tho\u00e1ng ph\u00eda trong t\u00e0 \u00e1o t\u1ef1a nh\u01b0 m\u1ed9t v\u0169 \u0111i\u1ec7u ! Kh\u00f4ng ph\u1ea3i ng\u1eabu nhi\u00ean m\u00e0 nh\u1eefng b\u1ed9 suit c\u00f3 gi\u00e1 tr\u1ecb cao th\u01b0\u1eddng \u0111\u01b0\u1ee3c s\u1eed d\u1ee5ng lo\u1ea1i l\u00f3t n\u00e0y&#8230;<\/strong><\/p>\n\n\n\n<div class=\"wp-block-image\"><figure class=\"aligncenter size-full\"><img loading=\"lazy\" decoding=\"async\" width=\"550\" height=\"367\" src=\"https:\/\/demo.joycathouse.com\/wp-content\/uploads\/2021\/07\/hq-lining2.jpg\" alt=\"\" class=\"wp-image-345\" srcset=\"https:\/\/hq-empire.com\/wp-content\/uploads\/2021\/07\/hq-lining2.jpg 550w, https:\/\/hq-empire.com\/wp-content\/uploads\/2021\/07\/hq-lining2-300x200.jpg 300w\" sizes=\"auto, (max-width: 550px) 100vw, 550px\" \/><\/figure><\/div>\n\n\n\n<p><strong>Lo\u1ea1i l\u00f3t cao c\u1ea5p n\u00e0y ch\u1ec9 c\u00f3 duy nh\u1ea5t m\u1ed9t m\u00e0u &#8220;Th\u00e9p \u00e1nh kim&#8221; v\u00f4 c\u00f9ng sang tr\u1ecdng, t\u1eeb th\u00e1ng 03\/2015 HQ-EMPIRE s\u1ebd d\u00e0nh t\u1eb7ng l\u00f3t n\u00e0y cho 50 b\u1ed9 suit c\u1ee7a c\u00e1c qu\u00fd kh\u00e1ch \u0111\u1eb7t may b\u1eb1ng v\u1ea3i Holland &amp; Sherry. &nbsp;<em>(\u0110\u00e2y l\u00e0 lo\u1ea1i l\u00f3t cao c\u1ea5p c\u00f3 c\u00f9ng ch\u1ea5t li\u1ec7u nh\u01b0 l\u00f3t Paisley nh\u01b0ng kh\u00e1c v\u1ec1 h\u1ecda ti\u1ebft)<\/em>.<\/strong><\/p>\n\n\n\n<div class=\"wp-block-image\"><figure class=\"aligncenter size-full\"><img loading=\"lazy\" decoding=\"async\" width=\"550\" height=\"367\" src=\"https:\/\/demo.joycathouse.com\/wp-content\/uploads\/2021\/07\/hq-lining1.jpg\" alt=\"\" class=\"wp-image-346\" srcset=\"https:\/\/hq-empire.com\/wp-content\/uploads\/2021\/07\/hq-lining1.jpg 550w, https:\/\/hq-empire.com\/wp-content\/uploads\/2021\/07\/hq-lining1-300x200.jpg 300w\" sizes=\"auto, (max-width: 550px) 100vw, 550px\" \/><\/figure><\/div>\n\n\n\n<p><strong>* N\u1ebfu b\u1ea1n \u0111\u1eb7t may b\u1eb1ng nh\u1eefng lo\u1ea1i v\u1ea3i kh\u00e1c m\u00e0 kh\u00f4ng ph\u1ea3i b\u1eb1ng v\u1ea3i Holland &amp; Sherry, n\u1ebfu b\u1ea1n th\u00edch lo\u1ea1i l\u00f3t n\u00e0y, b\u1ea1n c\u1ea7n m\u1ea5t th\u00eam m\u1ed9t kho\u1ea3n ph\u00ed t\u01b0\u01a1ng \u0111\u01b0\u01a1ng v\u1edbi\u00a0<a href=\"\/?page_id=332\" data-type=\"URL\" data-id=\"\/?page_id=332\"><span style=\"color:#f40428\" class=\"has-inline-color\">l\u00f3t Paisley<\/span><\/a>!\u00a0<\/strong><\/p>\n","protected":false},"excerpt":{"rendered":"<p>&#8220;Polka Dot&#8221; l\u00e0 lo\u1ea1i h\u1ecda ti\u1ebft d\u00e0nh \u0111\u1ec3 l\u00f3t suits m\u00e0 gi\u1edbi th\u01b0\u1ee3ng l\u01b0u ph\u01b0\u01a1ng t\u00e2y \u01b0a chu\u1ed9ng b\u1edfi s\u1ef1 &hellip; <a href=\"https:\/\/hq-empire.com\/?page_id=344\" class=\"more-link\"><span class=\"more-button\">Read More<span class=\"screen-reader-text\">Polka Dot Lining &#8211; \u0110i\u1ec7u khi\u00eau v\u0169 c\u1ee7a nh\u1eefng ch\u1ea5m bi<\/span><\/span><\/a><\/p>\n","protected":false},"author":1,"featured_media":0,"parent":0,"menu_order":0,"comment_status":"closed","ping_status":"closed","template":"","meta":{"footnotes":""},"class_list":["post-344","page","type-page","status-publish","hentry"],"_links":{"self":[{"href":"https:\/\/hq-empire.com\/index.php?rest_route=\/wp\/v2\/pages\/344","targetHints":{"allow":["GET"]}}],"collection":[{"href":"https:\/\/hq-empire.com\/index.php?rest_route=\/wp\/v2\/pages"}],"about":[{"href":"https:\/\/hq-empire.com\/index.php?rest_route=\/wp\/v2\/types\/page"}],"author":[{"embeddable":true,"href":"https:\/\/hq-empire.com\/index.php?rest_route=\/wp\/v2\/users\/1"}],"replies":[{"embeddable":true,"href":"https:\/\/hq-empire.com\/index.php?rest_route=%2Fwp%2Fv2%2Fcomments&post=344"}],"version-history":[{"count":3,"href":"https:\/\/hq-empire.com\/index.php?rest_route=\/wp\/v2\/pages\/344\/revisions"}],"predecessor-version":[{"id":351,"href":"https:\/\/hq-empire.com\/index.php?rest_route=\/wp\/v2\/pages\/344\/revisions\/351"}],"wp:attachment":[{"href":"https:\/\/hq-empire.com\/index.php?rest_route=%2Fwp%2Fv2%2Fmedia&parent=344"}],"curies":[{"name":"wp","href":"https:\/\/api.w.org\/{rel}","templated":true}]}}