{"id":352,"date":"2021-07-25T17:24:58","date_gmt":"2021-07-25T17:24:58","guid":{"rendered":"https:\/\/demo.joycathouse.com\/?page_id=352"},"modified":"2021-07-25T17:24:58","modified_gmt":"2021-07-25T17:24:58","slug":"dau-tien-ban-phai-hieu-ve-suit","status":"publish","type":"page","link":"https:\/\/hq-empire.com\/?page_id=352","title":{"rendered":"\u0110\u1ea6U TI\u00caN, B\u1ea0N PH\u1ea2I HI\u1ec2U V\u1ec0 SUIT !"},"content":{"rendered":"\n<p><strong>Suit l\u00e0 trang ph\u1ee5c kh\u00f4ng th\u1ec3 thi\u1ebfu v\u1edbi m\u1ed9t Qu\u00fd \u00f4ng ng\u00e0y nay, nh\u01b0ng c\u00f3 l\u1ebd ki\u1ebfn th\u1ee9c v\u1ec1 suit c\u1ee7a \u0110\u00e0n \u00f4ng Vi\u1ec7t Nam c\u00f2n qu\u00e1 thi\u1ebfu v\u00e0 y\u1ebfu. \u0110\u01a1n gi\u1ea3n nh\u01b0 vi\u1ec7c may Suit, ph\u1ea3i \u0111\u1ebfn 99% ng\u01b0\u1eddi Vi\u1ec7t l\u1ea1i g\u1ecdi l\u00e0 may Vest, ch\u1eb3ng ri\u00eang g\u00ec ng\u01b0\u1eddi d\u00f9ng m\u00e0 c\u1ea3 \u0111\u1ebfn nh\u1eefng nh\u00e0 may, h\u00e3ng th\u1eddi trang l\u1edbn t\u1ea1i Vi\u1ec7t Nam c\u0169ng v\u1eabn g\u1ecdi nh\u1ea7m ! V\u00ec v\u1eady, hy v\u1ecdng ch\u00fang t\u00f4i&nbsp;s\u1ebd cung c\u1ea5p m\u1ed9t s\u1ed1 ki\u1ebfn th\u1ee9c v\u00e0 c\u00e1c thu\u1eadt ng\u1eef c\u01a1 b\u1ea3n t\u1eeb vi\u1ec7c may suit, ch\u1ecdn phong c\u00e1ch cho t\u1edbi vi\u1ec7c \u0111\u00e1nh gi\u00e1 m\u1ed9t b\u1ed9 Suit \u0111\u1eb9p, v\u1eeba v\u1eb7n cho c\u00e1c b\u1ea1n.<\/strong><\/p>\n\n\n\n<p><strong>Tr\u01b0\u1edbc h\u1ebft, h\u00e3y c\u00f9ng ch\u00fang t\u00f4i t\u00ecm hi\u1ec3u m\u1ed9t s\u1ed1 thu\u1eadt ng\u1eef v\u00e0 ki\u1ebfn th\u1ee9c c\u01a1 b\u1ea3n v\u1ec1 suit.<\/strong><\/p>\n\n\n\n<p><strong>Suit l\u00e0\u2026Suit<\/strong><\/p>\n\n\n\n<p><strong>Suit l\u00e0 m\u1ed9t b\u1ed9 trang ph\u1ee5c ho\u00e0n ch\u1ec9nh bao g\u1ed3m&nbsp;Suit jacket&nbsp;<em>(\u00c1o kho\u00e1c)<\/em>&nbsp;v\u00e0 qu\u1ea7n &#8211; &#8220;b\u1ed9 2 m\u1ea3nh&#8221; c\u00f9ng&nbsp;chung ch\u1ea5t li\u1ec7u, h\u1ecda ti\u1ebft v\u1ea3i.&nbsp;<\/strong><strong>V\u1edbi Suit &#8220;3 m\u1ea3nh&#8221; b\u1ea1n s\u1ebd c\u00f3 th\u00eam 1 chi\u1ebfc \u00e1o&nbsp;vest\/gille\/waistcoat&nbsp;<em>(\u0111\u00e2y m\u1edbi l\u00e0 chi\u1ebfc vest)<\/em>&nbsp;m\u1eb7c b\u00ean trong suit jacket. B\u1ea1n c\u00f3 th\u1ec3 nh\u00ecn h\u00ecnh d\u01b0\u1edbi b\u00ean tr\u00e1i l\u00e0 b\u1ed9 suit 2 pieces ph\u00eda b\u00ean ph\u1ea3i b\u1ee9c h\u00ecnh l\u00e0 b\u1ed9 suit 3 piece.<\/strong><\/p>\n\n\n\n<div class=\"wp-block-image\"><figure class=\"aligncenter size-full\"><img loading=\"lazy\" decoding=\"async\" width=\"550\" height=\"490\" src=\"https:\/\/demo.joycathouse.com\/wp-content\/uploads\/2021\/07\/tumblr_loi1eteBdw1qd7a2yo1_500-1.jpg\" alt=\"\" class=\"wp-image-353\" srcset=\"https:\/\/hq-empire.com\/wp-content\/uploads\/2021\/07\/tumblr_loi1eteBdw1qd7a2yo1_500-1.jpg 550w, https:\/\/hq-empire.com\/wp-content\/uploads\/2021\/07\/tumblr_loi1eteBdw1qd7a2yo1_500-1-300x267.jpg 300w\" sizes=\"auto, (max-width: 550px) 100vw, 550px\" \/><\/figure><\/div>\n\n\n\n<p class=\"has-text-align-center\"><strong><em><span style=\"color:#ff0004\" class=\"has-inline-color\">Xin \u0111\u1eebng g\u1ecdi Suit l\u00e0 Vest n\u1eefa !?!<\/span><\/em><\/strong><\/p>\n\n\n\n<p class=\"has-text-align-center\"><strong><em>********<\/em><\/strong><\/p>\n\n\n\n<p><strong><span style=\"color:#ff0004\" class=\"has-inline-color\">\u00a0I.\u00a0Thu\u1eadt ng\u1eef v\u1ec1 c\u00e1c th\u00e0nh ph\u1ea7n c\u01a1 b\u1ea3n.<\/span><\/strong><\/p>\n\n\n\n<p><strong>1. Suit Jacket : L\u00e0 ph\u1ea7n \u00c1o c\u1ee7a b\u1ed9 Suit, Suit Jacket kh\u00e1c v\u1edbi&nbsp;Blazer&nbsp;\u1edf ch\u1ed7 Suit Jacket n\u1eb1m trong b\u1ed9 suit ho\u00e0n ch\u1ec9nh c\u00f2n Blazer l\u00e0 d\u1ea1ng \u00e1o kho\u00e1c ri\u00eang, kh\u00f4ng k\u00e8m qu\u1ea7n hay b\u1ed9 ph\u1eadn n\u00e0o kh\u00e1c. C\u00e1c b\u1ed9 ph\u1eadn, th\u00e0nh ph\u1ea7n tr\u00ean Suit jacket v\u00e0 Blazer ho\u00e0n to\u00e0n gi\u1ed1ng nhau.<\/strong><\/p>\n\n\n\n<div class=\"wp-block-image\"><figure class=\"aligncenter size-full\"><img loading=\"lazy\" decoding=\"async\" width=\"550\" height=\"746\" src=\"https:\/\/demo.joycathouse.com\/wp-content\/uploads\/2021\/07\/36tcfdf.jpg\" alt=\"\" class=\"wp-image-354\" srcset=\"https:\/\/hq-empire.com\/wp-content\/uploads\/2021\/07\/36tcfdf.jpg 550w, https:\/\/hq-empire.com\/wp-content\/uploads\/2021\/07\/36tcfdf-221x300.jpg 221w\" sizes=\"auto, (max-width: 550px) 100vw, 550px\" \/><\/figure><\/div>\n\n\n\n<p class=\"has-text-align-center\"><strong><em>&nbsp;Suit Jacket\/blazer<\/em><\/strong><\/p>\n\n\n\n<p><strong>2. Vest\/Waistcoat :&nbsp;L\u00e0 chi\u1ebfc \u00e1o ch\u00fang ta hay g\u1ecdi l\u00e0 Gille, n\u1eb1m trong b\u1ed9 3 piece suit.<\/strong><\/p>\n\n\n\n<div class=\"wp-block-image\"><figure class=\"aligncenter size-full\"><img loading=\"lazy\" decoding=\"async\" width=\"400\" height=\"501\" src=\"https:\/\/demo.joycathouse.com\/wp-content\/uploads\/2021\/07\/684325.jpg\" alt=\"\" class=\"wp-image-355\" srcset=\"https:\/\/hq-empire.com\/wp-content\/uploads\/2021\/07\/684325.jpg 400w, https:\/\/hq-empire.com\/wp-content\/uploads\/2021\/07\/684325-240x300.jpg 240w\" sizes=\"auto, (max-width: 400px) 100vw, 400px\" \/><\/figure><\/div>\n\n\n\n<p class=\"has-text-align-center\"><strong><em>\u00c1o Gille hay c\u00f2n \u0111\u01b0\u1ee3c g\u1ecdi l\u00e0&nbsp;Vest\/Waistcoat<\/em><\/strong><\/p>\n\n\n\n<p><strong>3. Lapels :&nbsp;Ve \u00e1o c\u1ee7a Suit jacket\/Blazer&nbsp;<em>(C\u00f3 th\u1ec3 g\u1ecdi l\u00e0 c\u1ed5 \u00e1o)<\/em>&nbsp;nh\u01b0 h\u00ecnh. Ve \u00e1o th\u01b0\u1eddng c\u00f3 3 lo\u1ea1i&nbsp;<em>(The Notch lapel, The Peak lapel v\u00e0 The Shawl lapel)<\/em>&nbsp;t\u00f9y \u0111\u1ed9 l\u1edbn v\u00e0 c\u00e1ch thi\u1ebft k\u1ebf c\u1ee7a ve \u00e1o sao co th\u00edch h\u1ee3p v\u1edbi c\u00e1c chi ti\u1ebft.<\/strong><\/p>\n\n\n\n<div class=\"wp-block-image\"><figure class=\"aligncenter size-full\"><img loading=\"lazy\" decoding=\"async\" width=\"550\" height=\"273\" src=\"https:\/\/demo.joycathouse.com\/wp-content\/uploads\/2021\/07\/S873309_for_2309101_47712.jpgokok.jpg\" alt=\"\" class=\"wp-image-357\" srcset=\"https:\/\/hq-empire.com\/wp-content\/uploads\/2021\/07\/S873309_for_2309101_47712.jpgokok.jpg 550w, https:\/\/hq-empire.com\/wp-content\/uploads\/2021\/07\/S873309_for_2309101_47712.jpgokok-300x149.jpg 300w\" sizes=\"auto, (max-width: 550px) 100vw, 550px\" \/><\/figure><\/div>\n\n\n\n<p class=\"has-text-align-center\"><strong><em>\u0110\u00e2y l\u00e0 3 ki\u1ec3u c\u1ed5 c\u01a1 b\u1ea3n c\u1ee7a suit<\/em><\/strong><\/p>\n\n\n\n<p><strong><em>&#8211; The Notch lapel&nbsp;(n\u00f4m na hay g\u1ecdi l\u00e0 Ve ki\u1ec3u \u00dd)<\/em>&nbsp;th\u01b0\u1eddng xu\u1ea5t hi\u1ec7n tr\u00ean c\u00e1c b\u1ed9 suit hi\u1ec7n \u0111\u1ea1i, th\u1eddi trang v\u00e0 tr\u1ebb trung.<\/strong><\/p>\n\n\n\n<p><strong><em>&#8211; The Peak lapel<\/em>&nbsp;<em>(n\u00f4m na hay g\u1ecdi l\u00e0 Ve ki\u1ec3u Anh)<\/em>&nbsp;s\u1ebd \u0111\u1ee9ng \u0111\u1eafn v\u00e0 chu\u1ea9n m\u1ef1c h\u01a1n.<\/strong><\/p>\n\n\n\n<p><strong><em>&#8211; Ri\u00eang&nbsp;<\/em><em>The Shawl lapel&nbsp;(n\u00f4m na hay g\u1ecdi l\u00e0 Ve c\u1ed5 Sam)&nbsp;<\/em><em>th\u01b0\u1eddng \u0111\u01b0\u1ee3c s\u1eed d\u1ee5ng cho c\u00e1c d\u1ea1ng \u00e1o Tuxedo.<\/em><\/strong><\/p>\n\n\n\n<p><strong>4. Jacket Pockets :&nbsp;T\u00fai \u00e1o, m\u1ed9t chi\u1ebfc suit jacket c\u00f3 th\u1ec3 c\u00f3 3 lo\u1ea1i t\u00fai &#8211; \u0111\u1ea7u ti\u00ean l\u00e0 t\u00fai ng\u1ef1c \u1edf b\u00ean ng\u1ef1c tr\u00e1i d\u00e0nh \u0111\u1ec3 \u0111\u1ef1ng kh\u0103n&nbsp;<em>(pocket square)<\/em>, t\u00fai 2 b\u00ean v\u00e0 t\u00fai ph\u1ee5 b\u00ean ph\u1ea3i&nbsp;<em>( n\u1ebfu c\u00f3, th\u01b0\u1eddng \u0111\u1ec3 \u0111\u1ed3ng h\u1ed3 c\u1ea7m tay th\u1eddi x\u01b0a)<\/em>. T\u00fai \u00e1o 2 b\u00ean c\u1ee7a suit jacket c\u00f3 th\u1ec3 c\u00f3 n\u1eafp che \u1edf ngo\u00e0i ho\u1eb7c kh\u00f4ng<em>&nbsp;(\u1edf m\u1ed9t s\u1ed1 tr\u01b0\u1eddng h\u1ee3p t\u00fai 2 b\u00ean c\u1ee7a suit \u0111\u01b0\u1ee3c may \u1ed1p ngo\u00e0i)<\/em>.<\/strong><\/p>\n\n\n\n<div class=\"wp-block-image\"><figure class=\"aligncenter size-full\"><img loading=\"lazy\" decoding=\"async\" width=\"550\" height=\"291\" src=\"https:\/\/demo.joycathouse.com\/wp-content\/uploads\/2021\/07\/55MHwVb.jpg\" alt=\"\" class=\"wp-image-358\" srcset=\"https:\/\/hq-empire.com\/wp-content\/uploads\/2021\/07\/55MHwVb.jpg 550w, https:\/\/hq-empire.com\/wp-content\/uploads\/2021\/07\/55MHwVb-300x159.jpg 300w\" sizes=\"auto, (max-width: 550px) 100vw, 550px\" \/><\/figure><\/div>\n\n\n\n<p class=\"has-text-align-center\"><strong><em>C\u00e1c ki\u1ec3u t\u00fai 2 b\u00ean c\u1ee7a suit jacket<\/em><\/strong><\/p>\n\n\n\n<p><strong>5. Darts :&nbsp;\u0110\u01b0\u1eddng cong theo th\u00e2n ng\u01b0\u1eddi c\u1ee7a Suit jacket. T\u00f9y theo y\u00eau c\u1ea7u v\u00e0 c\u00e1ch may c\u1ee7a t\u1eebng ti\u1ec7m may m\u00e0 suit jacket c\u00f3 Darts hay kh\u00f4ng c\u00f3.<\/strong><\/p>\n\n\n\n<div class=\"wp-block-image\"><figure class=\"aligncenter size-full\"><img loading=\"lazy\" decoding=\"async\" width=\"550\" height=\"419\" src=\"https:\/\/demo.joycathouse.com\/wp-content\/uploads\/2021\/07\/1eteBdw1qd7a2yo1_500.jpg\" alt=\"\" class=\"wp-image-359\" srcset=\"https:\/\/hq-empire.com\/wp-content\/uploads\/2021\/07\/1eteBdw1qd7a2yo1_500.jpg 550w, https:\/\/hq-empire.com\/wp-content\/uploads\/2021\/07\/1eteBdw1qd7a2yo1_500-300x229.jpg 300w\" sizes=\"auto, (max-width: 550px) 100vw, 550px\" \/><\/figure><\/div>\n\n\n\n<p class=\"has-text-align-center\"><strong><em>Xu th\u1ebf hi\u1ec7n nay l\u00e0 \u00e1o c\u00f3 Darts<\/em><\/strong><\/p>\n\n\n\n<p><strong>6. Buttons : C\u00fac \u00e1o c\u1ee7a Suit jacket\/Vest &#8211; &nbsp;C\u00f3 th\u1ec3 c\u00f3 1,2,3 c\u00fac \u00e1o tr\u00ean h\u00e0ng c\u00fac c\u1ee7a Suit jacket. B\u1ea1n h\u00e3y \u0111\u1ec3 \u00fd k\u1ef9 quy t\u1eafc c\u00e0i nh\u00e9 :<\/strong><\/p>\n\n\n\n<div class=\"wp-block-image\"><figure class=\"aligncenter size-full\"><img loading=\"lazy\" decoding=\"async\" width=\"550\" height=\"309\" src=\"https:\/\/demo.joycathouse.com\/wp-content\/uploads\/2021\/07\/the-basic-rules-of-buttoning-a-suit-jacket.jpg\" alt=\"\" class=\"wp-image-360\" srcset=\"https:\/\/hq-empire.com\/wp-content\/uploads\/2021\/07\/the-basic-rules-of-buttoning-a-suit-jacket.jpg 550w, https:\/\/hq-empire.com\/wp-content\/uploads\/2021\/07\/the-basic-rules-of-buttoning-a-suit-jacket-300x169.jpg 300w, https:\/\/hq-empire.com\/wp-content\/uploads\/2021\/07\/the-basic-rules-of-buttoning-a-suit-jacket-480x270.jpg 480w\" sizes=\"auto, (max-width: 550px) 100vw, 550px\" \/><\/figure><\/div>\n\n\n\n<p class=\"has-text-align-center\"><strong><em>\u00c1o 2 c\u00fac hi\u1ec7n \u0111\u01b0\u1ee3c \u01b0a chu\u1ed9ng nh\u1ea5t<\/em><\/strong><\/p>\n\n\n\n<p><strong>7. Single\/Double Breasted :&nbsp;Suit v\u1edbi 1 h\u00e0ng c\u00fac \u00e1o v\u00e0 2 h\u00e0ng c\u00fac \u00e1o.<\/strong><\/p>\n\n\n\n<div class=\"wp-block-image\"><figure class=\"aligncenter size-full\"><img loading=\"lazy\" decoding=\"async\" width=\"550\" height=\"342\" src=\"https:\/\/demo.joycathouse.com\/wp-content\/uploads\/2021\/07\/single_vs_double_breasted-1.jpg\" alt=\"\" class=\"wp-image-361\" srcset=\"https:\/\/hq-empire.com\/wp-content\/uploads\/2021\/07\/single_vs_double_breasted-1.jpg 550w, https:\/\/hq-empire.com\/wp-content\/uploads\/2021\/07\/single_vs_double_breasted-1-300x187.jpg 300w\" sizes=\"auto, (max-width: 550px) 100vw, 550px\" \/><\/figure><\/div>\n\n\n\n<p class=\"has-text-align-center\"><strong><em>\u00c1o 1 h\u00e0ng c\u00fac tr\u1ebb trung, n\u0103ng \u0111\u1ed9ng &#8211; \u00c1o 2 h\u00e0ng c\u00fac c\u1ea7u k\u1ef3, l\u1ecbch l\u00e3m<\/em><\/strong><\/p>\n\n\n\n<p><strong>8. Working Cuffs&nbsp;<em>(Surgeon\u2019s Cuffs)&nbsp;<\/em>:&nbsp;L\u00e0 h\u00e0ng c\u00fac \u0111\u01b0\u1ee3c thi\u1ebft k\u1ebf tr\u00ean tay \u00e1o c\u1ee7a Suit jacket c\u00f3 th\u1ec3 c\u00e0i ho\u1eb7c kh\u00f4ng c\u00e0i.<\/strong><\/p>\n\n\n\n<div class=\"wp-block-image\"><figure class=\"aligncenter size-full\"><img loading=\"lazy\" decoding=\"async\" width=\"550\" height=\"482\" src=\"https:\/\/demo.joycathouse.com\/wp-content\/uploads\/2021\/07\/kissing_vs_nonkissing6.jpg\" alt=\"\" class=\"wp-image-362\" srcset=\"https:\/\/hq-empire.com\/wp-content\/uploads\/2021\/07\/kissing_vs_nonkissing6.jpg 550w, https:\/\/hq-empire.com\/wp-content\/uploads\/2021\/07\/kissing_vs_nonkissing6-300x263.jpg 300w\" sizes=\"auto, (max-width: 550px) 100vw, 550px\" \/><\/figure><\/div>\n\n\n\n<p class=\"has-text-align-center\"><strong><em>Ki\u1ec3u c\u00fac li\u1ec1n k\u1ec1, m\u1edf th\u1eadt (Kissing NonStacked) \u0111\u01b0\u1ee3c HQ-EMPIRE l\u1ef1a ch\u1ecdn<\/em><\/strong><\/p>\n\n\n\n<p><strong>&#8211; Fixed Buttons\/Nonkissing buttons :&nbsp;H\u00e0ng c\u00fac tr\u00ean tay \u00e1o c\u1ee7a Suit Jacket \u0111\u01b0\u1ee3c may c\u1ed1 \u0111\u1ecbnh.<\/strong><\/p>\n\n\n\n<p><strong>&#8211; Kissing Button: H\u00e0ng c\u00fac tr\u00ean tay \u00e1o \u0111\u01b0\u1ee3c thi\u1ebft k\u1ebf x\u1ebfp \u0111\u00e8&nbsp;<em>(Kissing Stacked)<\/em>&nbsp;ho\u1eb7c c\u00e1c n\u00fat li\u1ec1n k\u1ec1&nbsp;<em>(Kissing NonStacked)<\/em>&nbsp;nhau kh\u00e1c v\u1edbi lo\u1ea1i NonKissing c\u00e1c c\u00fac kh\u00f4ng s\u00e1t nhau.<\/strong><\/p>\n\n\n\n<p><strong>9. Vent : \u0110\u01b0\u1eddng x\u1ebb t\u00e0 &#8211; l\u00e0 \u0111\u01b0\u1eddng c\u1eaft d\u1ecdc d\u01b0\u1edbi c\u00f9ng l\u01b0ng \u00e1o suit jacket. T\u00f9y phong c\u00e1ch m\u00e0 suit jackets c\u00f3 Vent hay kh\u00f4ng c\u00f3 Vent. V\u1edbi phong c\u00e1ch suit c\u1ee7a n\u01b0\u1edbc Anh truy\u1ec1n th\u1ed1ng, suit jacket s\u1ebd c\u00f3 2 \u0111\u01b0\u1eddng vents 2 b\u00ean. C\u00f2n \u1edf M\u1ef9, th\u01b0\u1eddng c\u00f3 1 \u0111\u01b0\u1eddng vent duy nh\u1ea5t \u1edf gi\u1eefa. Suit jacket c\u1ee7a ng\u01b0\u1eddi Italia x\u01b0a kh\u00f4ng c\u00f3 vents, tuy nhi\u00ean ng\u00e0y nay c\u00e1c nh\u00e0 thi\u1ebft k\u1ebf suit Italia th\u01b0\u1eddng s\u1eed d\u1ee5ng 2 \u0111\u01b0\u1eddng vents gi\u1ed1ng nh\u01b0 phong c\u00e1ch suit c\u1ee7a n\u01b0\u1edbc Anh.<\/strong><\/p>\n\n\n\n<div class=\"wp-block-image\"><figure class=\"aligncenter size-full\"><img loading=\"lazy\" decoding=\"async\" width=\"550\" height=\"298\" src=\"https:\/\/demo.joycathouse.com\/wp-content\/uploads\/2021\/07\/The-Vents.jpg\" alt=\"\" class=\"wp-image-363\" srcset=\"https:\/\/hq-empire.com\/wp-content\/uploads\/2021\/07\/The-Vents.jpg 550w, https:\/\/hq-empire.com\/wp-content\/uploads\/2021\/07\/The-Vents-300x163.jpg 300w\" sizes=\"auto, (max-width: 550px) 100vw, 550px\" \/><\/figure><\/div>\n\n\n\n<p class=\"has-text-align-center\"><strong><em>X\u1ebb 2 b\u00ean \u0111ang \u0111\u01b0\u1ee3c \u01b0a chu\u1ed9ng v\u00ec t\u00ednh ti\u1ec7n d\u1ee5ng v\u00e0 sang tr\u1ecdng c\u1ee7a n\u00f3<\/em><\/strong><\/p>\n\n\n\n<p><strong><span style=\"color:#ff0004\" class=\"has-inline-color\">II. C\u00e1c c\u00e1ch thi\u1ebft k\u1ebf\u00a0<em>(d\u1ef1ng)<\/em>\u00a0suits:<\/span><\/strong><\/p>\n\n\n\n<p><strong>1. Canvassed Suit &#8211; D\u1ef1ng canh : L\u00e0 k\u0129 thu\u1eadt d\u1ef1ng suit s\u1eed d\u1ee5ng m\u1ed9t l\u1edbp \u0111\u1ec7m canvassing material&nbsp;<em>(v\u1ea3i horsehair \u2013 l\u00e0m t\u1eeb l\u00f4ng b\u1eddm ng\u1ef1a)<\/em>&nbsp; b\u00ean trong l\u1edbp v\u1ea3i c\u1ee7a suit jacket, gi\u00fap suit jacket gi\u1eef \u0111\u01b0\u1ee3c d\u00e1ng theo th\u1eddi gian v\u00e0 c\u1ef1c k\u00ec v\u1eeba v\u1eb7n v\u1edbi ng\u01b0\u1eddi m\u1eb7c. C\u00e1c nh\u00e0 thi\u1ebft k\u1ebf Suit c\u00f3 th\u1ec3 may Full Cavassed ho\u1eb7c Half Canvassed.<\/strong><\/p>\n\n\n\n<div class=\"wp-block-image\"><figure class=\"aligncenter size-full\"><img loading=\"lazy\" decoding=\"async\" width=\"398\" height=\"592\" src=\"https:\/\/demo.joycathouse.com\/wp-content\/uploads\/2021\/07\/canvas.jpg\" alt=\"\" class=\"wp-image-364\" srcset=\"https:\/\/hq-empire.com\/wp-content\/uploads\/2021\/07\/canvas.jpg 398w, https:\/\/hq-empire.com\/wp-content\/uploads\/2021\/07\/canvas-202x300.jpg 202w\" sizes=\"auto, (max-width: 398px) 100vw, 398px\" \/><\/figure><\/div>\n\n\n\n<div class=\"wp-block-image\"><figure class=\"aligncenter size-full\"><img loading=\"lazy\" decoding=\"async\" width=\"434\" height=\"592\" src=\"https:\/\/demo.joycathouse.com\/wp-content\/uploads\/2021\/07\/half.jpg\" alt=\"\" class=\"wp-image-365\" srcset=\"https:\/\/hq-empire.com\/wp-content\/uploads\/2021\/07\/half.jpg 434w, https:\/\/hq-empire.com\/wp-content\/uploads\/2021\/07\/half-220x300.jpg 220w\" sizes=\"auto, (max-width: 434px) 100vw, 434px\" \/><\/figure><\/div>\n\n\n\n<p><strong>2. Fused Suit &#8211; \u00c9p M\u00f9ng : Ng\u01b0\u1ee3c l\u1ea1i v\u1edbi Canvassed Suit, Fused l\u00e0 c\u00e1ch d\u1ef1ng Suit kh\u00f4ng s\u1eed d\u1ee5ng l\u1edbp \u0111\u1ec7m m\u00e0 th\u01b0\u1eddng s\u1eed d\u1ee5ng keo v\u1ea3i&nbsp;<em>(m\u00f9ng)<\/em>&nbsp;\u0111\u1ec3 v\u1ea3i \u00e1o c\u1ee9ng v\u00e0 c\u00f3 \u0111\u01b0\u1eddng n\u00e9t v\u1eeba v\u1eb7n v\u1edbi c\u01a1 th\u1ec3. C\u00e1ch n\u00e0y l\u00e0m \u00e1o nh\u1eb9 nh\u00e0ng h\u01a1n v\u00e0 hay \u0111\u01b0\u1ee3c d\u00f9ng cho nh\u1eefng b\u1ed9 Suit xu h\u01b0\u1edbng hi\u1ec7n \u0111\u1ea1i ho\u1eb7c Blazer.<\/strong><\/p>\n\n\n\n<div class=\"wp-block-image\"><figure class=\"aligncenter size-full\"><img loading=\"lazy\" decoding=\"async\" width=\"405\" height=\"592\" src=\"https:\/\/demo.joycathouse.com\/wp-content\/uploads\/2021\/07\/fused.jpg\" alt=\"\" class=\"wp-image-366\" srcset=\"https:\/\/hq-empire.com\/wp-content\/uploads\/2021\/07\/fused.jpg 405w, https:\/\/hq-empire.com\/wp-content\/uploads\/2021\/07\/fused-205x300.jpg 205w\" sizes=\"auto, (max-width: 405px) 100vw, 405px\" \/><\/figure><\/div>\n\n\n\n<p><strong><span style=\"color:#ff0004\" class=\"has-inline-color\">III. C\u00e1ch may \u0111o suits:<\/span><\/strong><\/p>\n\n\n\n<p><strong>1. Bespoke Suits : Th\u01b0\u1eddng \u0111\u01b0\u1ee3c di\u1ec5n ra t\u1ea1i nh\u1eefng ti\u1ec7m may k\u00edn \u0111\u00e1o, d\u00e0nh cho nh\u1eefng \u0111\u1ed1i t\u01b0\u1ee3ng kh\u00e1ch ri\u00eang bi\u1ec7t. V\u1ea3i \u1edf \u0111\u00e2y th\u01b0\u1eddng l\u00e0 nh\u1eefng lo\u1ea1i v\u1ea3i danh ti\u1ebfng h\u00e0ng \u0111\u1ea7u th\u1ebf gi\u1edbi v\u1edbi th\u00e0nh ph\u1ea7n Wool cao&nbsp;<em>(th\u01b0\u1eddng \u01b0a chu\u1ed9ng lo\u1ea1i 100%Wool)&nbsp;<\/em>n\u00ean gi\u00e1 r\u1ea5t \u0111\u1eaft. C\u00e1c b\u1ed9 suit \u1edf \u0111\u00e2y \u0111\u01b0\u1ee3c may \u0111o ri\u00eang cho t\u1eebng c\u00e1 nh\u00e2n v\u1edbi r\u1ea5t nhi\u1ec1u c\u00e1c ph\u00e9p \u0111o tr\u00ean c\u01a1 th\u1ec3. B\u1ed9 suit \u0111\u01b0\u1ee3c c\u1eaft \u0111\u1ed9c b\u1ea3n v\u1edbi ch\u00ednh s\u1ed1 \u0111o c\u1ee7a c\u00e1 nh\u00e2n \u1ea5y &#8211; Sau \u0111\u00f3 s\u1ea3n ph\u1ea9m \u0111\u01b0\u1ee3c th\u1ef1c hi\u1ec7n v\u1edbi \u0111a ph\u1ea7n b\u1eb1ng ph\u01b0\u01a1ng ph\u00e1p th\u1ee7 c\u00f4ng v\u00e0 m\u1ed7i b\u1ed9 mang m\u1ed9t d\u1ea5u \u1ea5n c\u00e1 nh\u00e2n ri\u00eang c\u1ee7a ch\u1ee7 nh\u00e2n s\u1edf h\u1eefu&#8230;<\/strong><\/p>\n\n\n\n<div class=\"wp-block-image\"><figure class=\"aligncenter size-full\"><img loading=\"lazy\" decoding=\"async\" width=\"550\" height=\"379\" src=\"https:\/\/demo.joycathouse.com\/wp-content\/uploads\/2021\/07\/20131122_524f55682f884fe6186434356356a38e_1385135879.jpg\" alt=\"\" class=\"wp-image-367\" srcset=\"https:\/\/hq-empire.com\/wp-content\/uploads\/2021\/07\/20131122_524f55682f884fe6186434356356a38e_1385135879.jpg 550w, https:\/\/hq-empire.com\/wp-content\/uploads\/2021\/07\/20131122_524f55682f884fe6186434356356a38e_1385135879-300x207.jpg 300w\" sizes=\"auto, (max-width: 550px) 100vw, 550px\" \/><\/figure><\/div>\n\n\n\n<p><strong>&#8220;Bespoke&#8221; l\u00e0 thu\u1eadt ng\u1eef \u0111\u01b0\u1ee3c \u0111\u01b0a ra l\u1ea7n \u0111\u1ea7u ti\u00ean t\u1ea1i Savile Row, London. N\u01a1i \u0111\u00e2y t\u1eeb g\u1ea7n 200 n\u0103m tr\u01b0\u1edbc cho t\u1edbi t\u1eadn ng\u00e0y nay v\u1eabn t\u1eadp trung nh\u01b0ng th\u01b0\u01a1ng hi\u1ec7u th\u1eddi trang may \u0111o cho Qu\u00fd \u00f4ng \u0111\u1eb3ng c\u1ea5p nh\u1ea5t Th\u1ebf gi\u1edbi.<\/strong><\/p>\n\n\n\n<p><strong>2. Made-to-measure suits :&nbsp;&nbsp;L\u00e0 c\u00e1c b\u1ed9 suit \u0111\u01b0\u1ee3c may theo 1 khung s\u1ed1 \u0111o c\u00f3 s\u1eb5n trong h\u1ec7 th\u1ed1ng th\u01b0 vi\u1ec7n c\u1ee7a nh\u00e0 thi\u1ebft k\u1ebf&nbsp;<em>(g\u1ecdi l\u00e0 m\u1eabu b\u00eca<\/em>).&nbsp;<\/strong><\/p>\n\n\n\n<div class=\"wp-block-image\"><figure class=\"aligncenter size-full\"><img loading=\"lazy\" decoding=\"async\" width=\"550\" height=\"334\" src=\"https:\/\/demo.joycathouse.com\/wp-content\/uploads\/2021\/07\/34hqbespoke.jpg\" alt=\"\" class=\"wp-image-368\" srcset=\"https:\/\/hq-empire.com\/wp-content\/uploads\/2021\/07\/34hqbespoke.jpg 550w, https:\/\/hq-empire.com\/wp-content\/uploads\/2021\/07\/34hqbespoke-300x182.jpg 300w\" sizes=\"auto, (max-width: 550px) 100vw, 550px\" \/><\/figure><\/div>\n\n\n\n<p><strong>V\u1ea3i \u0111\u01b0\u1ee3c c\u1eaft theo b\u00eca m\u1eabu &#8211; c\u00f3 th\u1ec3 hi\u1ec3u m\u1eabu b\u00eca nh\u01b0 n\u1ec1n m\u00f3ng c\u1ee7a m\u1ed9t b\u1ed9 suits &#8211; \u0111i\u1ec1u n\u00e0y \u0111em l\u1ea1i t\u00ednh ch\u00ednh x\u00e1c cao tr\u00ean t\u1ea5t c\u1ea3 c\u00e1c s\u1ea3n ph\u1ea9m nh\u01b0ng ti\u1ebfc r\u1eb1ng c\u01a1 th\u1ec3 con ng\u01b0\u1eddi l\u1ea1i r\u1ea5t kh\u00e1c nhau.&nbsp;H\u00e3y t\u01b0\u1edfng t\u01b0\u1ee3ng nh\u01b0 vi\u1ec7c b\u1ea1n \u0111\u01b0a cho ng\u01b0\u1eddi th\u1ee3 may m\u1ed9t con s\u1ed1, ng\u01b0\u1eddi th\u1ee3 may s\u1ebd t\u00ecm ki\u1ebfm trong kho c\u1ee7a m\u00ecnh m\u1eabu v\u1edbi s\u1ed1 \u0111o g\u1ea7n nh\u1ea5t v\u1edbi con s\u1ed1 m\u00e0 b\u1ea1n \u0111\u01b0a ra r\u1ed3i \u0111i\u1ec1u ch\u1ec9nh m\u1eabu \u0111\u00f3 xem c\u00f3 m\u1eabu b\u00eca n\u00e0o c\u1ee7a m\u00ecnh \u0111\u1ec3 ph\u00f9 h\u1ee3p v\u00e0 s\u00e1t nh\u1ea5t v\u1edbi s\u1ed1 \u0111o c\u1ee7a b\u1ea1n v\u00e0 d\u1ef1a v\u00e0o \u0111\u00f3 c\u00e2n ch\u1ec9nh l\u1ea1i s\u1ed1 \u0111o g\u1ea7n v\u1edbi s\u1ed1 \u0111o c\u1ee7a b\u1ea1n. T\u1ea5t nhi\u00ean c\u00f3 nhi\u1ec1u ph\u1ea7n quan tr\u1ecdng m\u00e0 r\u1ea5t kh\u00f3 \u0111\u1ec3 ch\u1ec9nh s\u1eeda tr\u00ean m\u1eabu v\u00e0 c\u01a1 th\u1ec3 b\u1ea1n n\u00ean c\u00e1c b\u1ed9 suit th\u01b0\u1eddng kh\u00f4ng th\u1ec3 \u0111\u1eb9p v\u00e0 v\u1eeba v\u1eb7n nh\u01b0 Bespoke Suits &#8211; nh\u01b0ng \u0111\u01b0\u1ee3c l\u1ee3i th\u1ebf v\u1ec1 th\u1eddi gian may s\u1ebd nhanh h\u01a1n so v\u1edbi Bespoke Suits<em>&nbsp;(Ph\u00e2n kh\u00fac may m\u1eb7c n\u00e0y \u00edt khi s\u1eed d\u1ee5ng v\u1ea3i 100%Wool \u0111\u1ec3 tr\u00e1nh gi\u00e1 th\u00e0nh cao)<\/em>.<\/strong><\/p>\n\n\n\n<p><strong>3. Ready-to-Wear suit :&nbsp;L\u00e0 c\u00e1c b\u1ed9 suit may s\u1eb5n theo c\u00e1c s\u1ed1 \u0111o ti\u00eau chu\u1ea9n, gi\u00e1 r\u1ebb, ch\u1ea5t v\u1ea3i nhi\u1ec1u&nbsp;Polyester&nbsp;t\u01b0\u01a1ng \u0111\u01b0\u01a1ng v\u1edbi Wool \u0111\u01b0\u1ee3c \u01b0a chu\u1ed9ng cho d\u00f2ng h\u00e0ng n\u00e0y&nbsp;<em>(50P\/50W<\/em>). B\u1ea1n c\u00f3 th\u1ec3 t\u00ecm th\u1ea5y c\u00e1c b\u1ed9 suit n\u00e0y \u1edf r\u1ea5t nhi\u1ec1u c\u00e1c c\u1eeda hi\u1ec7u c\u00f3 b\u00e0y b\u00e1n suits ngo\u00e0i ph\u1ed1.<\/strong><\/p>\n\n\n\n<div class=\"wp-block-image\"><figure class=\"aligncenter size-full\"><img loading=\"lazy\" decoding=\"async\" width=\"550\" height=\"111\" src=\"https:\/\/demo.joycathouse.com\/wp-content\/uploads\/2021\/07\/35suit3.jpg\" alt=\"\" class=\"wp-image-369\" srcset=\"https:\/\/hq-empire.com\/wp-content\/uploads\/2021\/07\/35suit3.jpg 550w, https:\/\/hq-empire.com\/wp-content\/uploads\/2021\/07\/35suit3-300x61.jpg 300w\" sizes=\"auto, (max-width: 550px) 100vw, 550px\" \/><\/figure><\/div>\n\n\n\n<p><strong><a href=\"http:\/\/gents.com.vn\/wp-content\/uploads\/2014\/02\/bespoke-made-to-measure-suits.jpg\"><\/a>\u0110\u1ebfn \u0111\u00e2y, c\u00f3 l\u1ebd c\u00e1c b\u1ea1n s\u1ebd c\u1ea3m th\u1ea5y nh\u01b0 l\u1ea1c v\u00e0o ma tr\u1eadn v\u1edbi \u0111\u1ee7 c\u00e1c thu\u1eadt ng\u1eef kh\u00f3 hi\u1ec3u, b\u1ea3n th\u00e2n t\u00f4i c\u0169ng \u0111\u00e3 c\u1ed1 g\u1eafng h\u1ebft s\u1ee9c \u0111\u1ec3 gi\u1ea3i th\u00edch r\u00f5 r\u00e0ng v\u00e0 d\u1ec5 hi\u1ec3u nh\u1ea5t, tuy nhi\u00ean c\u00f4ng cu\u1ed9c \u0103n m\u1eb7c \u0111\u1eb9p \u0111\u00e2u ph\u1ea3i l\u00e0 m\u1ed9t s\u1edbm m\u1ed9t chi\u1ec1u. Theo t\u00f4i c\u00e1c b\u1ea1n ti\u1ebfp t\u1ee5c quay l\u1ea1i\u00a0<span style=\"color:#ff0408\" class=\"has-inline-color\">OUR MISSION<\/span>\u00a0\u1edf thanh c\u00f4ng c\u1ee5 tr\u00ean Top v\u00e0 ti\u1ebfp t\u1ee5c b\u1ea5m v\u00e0o\u00a0<span style=\"color:#ff0004\" class=\"has-inline-color\">H\u01af\u1edaNG D\u1eaaN<\/span>\u00a0\u0111\u1ec3 ti\u1ebfp t\u1ee5c t\u00ecm hi\u1ec3u n\u1ebfu v\u1eabn th\u1ea5y c\u1ea7n th\u00eam th\u00f4ng tin&#8230;<\/strong><\/p>\n\n\n\n<p class=\"has-text-align-right\">&#8211; Ngu\u1ed3n do Ho\u00e0ng Quang bi\u00ean t\u1eadp, t\u1ed5ng h\u1ee3p v\u00e0 hi\u1ec7u ch\u1ec9nh t\u1eeb t\u00e0i li\u1ec7u n\u01b0\u1edbc ngo\u00e0i &#8211;<\/p>\n","protected":false},"excerpt":{"rendered":"<p>Suit l\u00e0 trang ph\u1ee5c kh\u00f4ng th\u1ec3 thi\u1ebfu v\u1edbi m\u1ed9t Qu\u00fd \u00f4ng ng\u00e0y nay, nh\u01b0ng c\u00f3 l\u1ebd ki\u1ebfn th\u1ee9c v\u1ec1 suit &hellip; <a href=\"https:\/\/hq-empire.com\/?page_id=352\" class=\"more-link\"><span class=\"more-button\">Read More<span class=\"screen-reader-text\">\u0110\u1ea6U TI\u00caN, B\u1ea0N PH\u1ea2I HI\u1ec2U V\u1ec0 SUIT !<\/span><\/span><\/a><\/p>\n","protected":false},"author":1,"featured_media":0,"parent":0,"menu_order":0,"comment_status":"closed","ping_status":"closed","template":"","meta":{"footnotes":""},"class_list":["post-352","page","type-page","status-publish","hentry"],"_links":{"self":[{"href":"https:\/\/hq-empire.com\/index.php?rest_route=\/wp\/v2\/pages\/352","targetHints":{"allow":["GET"]}}],"collection":[{"href":"https:\/\/hq-empire.com\/index.php?rest_route=\/wp\/v2\/pages"}],"about":[{"href":"https:\/\/hq-empire.com\/index.php?rest_route=\/wp\/v2\/types\/page"}],"author":[{"embeddable":true,"href":"https:\/\/hq-empire.com\/index.php?rest_route=\/wp\/v2\/users\/1"}],"replies":[{"embeddable":true,"href":"https:\/\/hq-empire.com\/index.php?rest_route=%2Fwp%2Fv2%2Fcomments&post=352"}],"version-history":[{"count":1,"href":"https:\/\/hq-empire.com\/index.php?rest_route=\/wp\/v2\/pages\/352\/revisions"}],"predecessor-version":[{"id":371,"href":"https:\/\/hq-empire.com\/index.php?rest_route=\/wp\/v2\/pages\/352\/revisions\/371"}],"wp:attachment":[{"href":"https:\/\/hq-empire.com\/index.php?rest_route=%2Fwp%2Fv2%2Fmedia&parent=352"}],"curies":[{"name":"wp","href":"https:\/\/api.w.org\/{rel}","templated":true}]}}