{"id":395,"date":"2021-07-26T04:31:01","date_gmt":"2021-07-26T04:31:01","guid":{"rendered":"https:\/\/demo.joycathouse.com\/?page_id=395"},"modified":"2021-07-26T04:31:01","modified_gmt":"2021-07-26T04:31:01","slug":"khi-coi-ao-ra-ban-cam-the-nao","status":"publish","type":"page","link":"https:\/\/hq-empire.com\/?page_id=395","title":{"rendered":"KHI C\u1edeI \u00c1O RA, B\u1ea0N C\u1ea6M TH\u1ebe N\u00c0O ?"},"content":{"rendered":"\n<p><strong>\u0110\u1ed1i v\u1edbi \u0111a s\u1ed1 ng\u01b0\u1eddi m\u1eb7c suit m\u00e0 t\u00f4i th\u1ea5y, \u0111\u01a1n gi\u1ea3n, khi c\u1ea7n c\u1edfi chi\u1ebfc \u00e1o ra, m\u1ecdi ng\u01b0\u1eddi th\u01b0\u1eddng g\u1eadp \u00fap 2 t\u00e0&nbsp;\u00e1o v\u00e0o nhau v\u00e0 v\u1eaft l\u00ean tay ?<br><br>Th\u1eadt ra, \u0111\u00e2y l\u00e0 m\u1ed9t c\u00e1ch g\u1ea5p \u00e1o ch\u01b0a \u0111\u01b0\u1ee3c \u0111\u00fang !<br><br>\u0110\u1ec3 gi\u00fap m\u1ecdi ng\u01b0\u1eddi c\u00f3 c\u00e1ch g\u1ea5p \u00e1o \u0111\u00fang v\u00e0 chu\u1ea9n h\u01a1n khi c\u1edfi ra, t\u00f4i s\u1ebd d\u00f9ng h\u00ecnh \u1ea3nh \u0111\u1ec3 minh h\u1ecda. Nh\u01b0 ch\u00fang ta \u0111\u00e3 bi\u1ebft, nh\u1eefng b\u1ed9 suit &#8220;Bespoke&#8221; th\u01b0\u1eddng \u0111\u01b0\u1ee3c l\u00e0m chau chu\u1ed1t &#8220;S\u1ea1ch trong-B\u00f3ng ngo\u00e0i&#8221; n\u00ean l\u1edbp l\u00f3t v\u00e0 c\u00e1c chi ti\u1ebft b\u00ean trong r\u1ea5t quan tr\u1ecdng. Ng\u01b0\u1eddi ta s\u1ebd nh\u00ecn v\u00e0o l\u1edbp v\u1ea3i l\u00f3t v\u00e0 c\u00e1ch may c\u1ee7a b\u1ea1n \u0111\u1ec3 bi\u1ebft chi\u1ebfc \u00e1o c\u1ee7a b\u1ea1n \u1edf \u0111\u1eb3ng c\u1ea5p n\u00e0o ?<\/strong><\/p>\n\n\n\n<p><strong>Ch\u00ednh v\u00ec th\u1ebf, khi c\u1edfi \u00e1o ra, \u0111\u1ea7u ti\u00ean l\u00e0 b\u1ea1n g\u1eadp chi\u1ebfc \u00e1o ng\u01b0\u1ee3c l\u1ea1i so v\u1edbi quan ni\u1ec7m th\u00f4ng th\u01b0\u1eddng c\u1ee7a b\u1ea1n&nbsp;<em>(tr\u01b0\u1edbc \u0111\u00e2y b\u1ea1n th\u01b0\u1eddng g\u1eadp \u00fap v\u00e0o trong, quay m\u1eb7t v\u1ea3i \u00e1o ra ngo\u00e0i)<\/em>&nbsp;v\u00e0 quay m\u1eb7t l\u00f3t \u00e1o ra ngo\u00e0i r\u1ed3i kh\u1ebd kh\u00e0ng l\u1ed3ng 2 vai \u00e1o v\u00e0o nhau&#8230;<\/strong><\/p>\n\n\n\n<div class=\"wp-block-image\"><figure class=\"aligncenter size-full\"><img loading=\"lazy\" decoding=\"async\" width=\"550\" height=\"413\" src=\"https:\/\/demo.joycathouse.com\/wp-content\/uploads\/2021\/07\/Aa.jpg\" alt=\"\" class=\"wp-image-396\" srcset=\"https:\/\/hq-empire.com\/wp-content\/uploads\/2021\/07\/Aa.jpg 550w, https:\/\/hq-empire.com\/wp-content\/uploads\/2021\/07\/Aa-300x225.jpg 300w\" sizes=\"auto, (max-width: 550px) 100vw, 550px\" \/><\/figure><\/div>\n\n\n\n<p><strong><br><br>Ti\u1ebfp theo, b\u1ea1n gi\u1eef ch\u1eafc 1 b\u00ean tay v\u00e0 l\u1ed3ng vai \u00e1o l\u1eabn th\u00e2n \u00e1o b\u00ean kia x\u1ebfp th\u1eadt g\u1ecdn g\u00e0ng v\u00e0o nhau&#8230;<\/strong><\/p>\n\n\n\n<div class=\"wp-block-image\"><figure class=\"aligncenter size-full\"><img loading=\"lazy\" decoding=\"async\" width=\"550\" height=\"413\" src=\"https:\/\/demo.joycathouse.com\/wp-content\/uploads\/2021\/07\/Ab.jpg\" alt=\"\" class=\"wp-image-397\" srcset=\"https:\/\/hq-empire.com\/wp-content\/uploads\/2021\/07\/Ab.jpg 550w, https:\/\/hq-empire.com\/wp-content\/uploads\/2021\/07\/Ab-300x225.jpg 300w\" sizes=\"auto, (max-width: 550px) 100vw, 550px\" \/><\/figure><\/div>\n\n\n\n<p><strong><br><br>V\u00e0 b\u00e2y gi\u1edd l\u00e0 l\u00fac m\u00e0 b\u1ea1n v\u1eaft chi\u1ebfc \u00e1o l\u00ean tay v\u00e0 t\u1ef1 tin c\u1ea7m n\u00f3 &#8211; \u0111\u01a1n gi\u1ea3n v\u00ec b\u1ea1n \u0111ang c\u1ea7m \u00e1o theo c\u00e1ch m\u1ed9t Qu\u00fd \u00f4ng ng\u01b0\u1eddi Anh \u0111ang c\u1ea7m trong nh\u1eefng b\u1eefa ti\u1ec7c l\u1edbn !<\/strong><\/p>\n\n\n\n<div class=\"wp-block-image\"><figure class=\"aligncenter size-full\"><img loading=\"lazy\" decoding=\"async\" width=\"550\" height=\"527\" src=\"https:\/\/demo.joycathouse.com\/wp-content\/uploads\/2021\/07\/Ac.jpg\" alt=\"\" class=\"wp-image-398\" srcset=\"https:\/\/hq-empire.com\/wp-content\/uploads\/2021\/07\/Ac.jpg 550w, https:\/\/hq-empire.com\/wp-content\/uploads\/2021\/07\/Ac-300x287.jpg 300w\" sizes=\"auto, (max-width: 550px) 100vw, 550px\" \/><\/figure><\/div>\n\n\n\n<p><strong><br><br>Ch\u00fac c\u00e1c b\u1ea1n chu\u1ea9n m\u1ef1c trong trang ph\u1ee5c suit ! C\u00e1c b\u1ea1n c\u00f3 th\u1ec3 v\u00e0o&nbsp;<a href=\"http:\/\/www.facebook.com\/HQ.empire\">Fanpage<\/a>&nbsp;\u0111\u1ec3 c\u00f3 th\u00eam nhi\u1ec1u th\u00f4ng tin b\u1ed5 \u00edch t\u1eeb HQ-EMPIRE !<\/strong><\/p>\n\n\n\n<p class=\"has-text-align-center\"><strong><br><br>Hoang Quang\u00a0<\/strong><\/p>\n","protected":false},"excerpt":{"rendered":"<p>\u0110\u1ed1i v\u1edbi \u0111a s\u1ed1 ng\u01b0\u1eddi m\u1eb7c suit m\u00e0 t\u00f4i th\u1ea5y, \u0111\u01a1n gi\u1ea3n, khi c\u1ea7n c\u1edfi chi\u1ebfc \u00e1o ra, m\u1ecdi ng\u01b0\u1eddi &hellip; <a href=\"https:\/\/hq-empire.com\/?page_id=395\" class=\"more-link\"><span class=\"more-button\">Read More<span class=\"screen-reader-text\">KHI C\u1edeI \u00c1O RA, B\u1ea0N C\u1ea6M TH\u1ebe N\u00c0O ?<\/span><\/span><\/a><\/p>\n","protected":false},"author":1,"featured_media":0,"parent":0,"menu_order":0,"comment_status":"closed","ping_status":"closed","template":"","meta":{"footnotes":""},"class_list":["post-395","page","type-page","status-publish","hentry"],"_links":{"self":[{"href":"https:\/\/hq-empire.com\/index.php?rest_route=\/wp\/v2\/pages\/395","targetHints":{"allow":["GET"]}}],"collection":[{"href":"https:\/\/hq-empire.com\/index.php?rest_route=\/wp\/v2\/pages"}],"about":[{"href":"https:\/\/hq-empire.com\/index.php?rest_route=\/wp\/v2\/types\/page"}],"author":[{"embeddable":true,"href":"https:\/\/hq-empire.com\/index.php?rest_route=\/wp\/v2\/users\/1"}],"replies":[{"embeddable":true,"href":"https:\/\/hq-empire.com\/index.php?rest_route=%2Fwp%2Fv2%2Fcomments&post=395"}],"version-history":[{"count":1,"href":"https:\/\/hq-empire.com\/index.php?rest_route=\/wp\/v2\/pages\/395\/revisions"}],"predecessor-version":[{"id":400,"href":"https:\/\/hq-empire.com\/index.php?rest_route=\/wp\/v2\/pages\/395\/revisions\/400"}],"wp:attachment":[{"href":"https:\/\/hq-empire.com\/index.php?rest_route=%2Fwp%2Fv2%2Fmedia&parent=395"}],"curies":[{"name":"wp","href":"https:\/\/api.w.org\/{rel}","templated":true}]}}