{"id":401,"date":"2021-07-26T04:31:56","date_gmt":"2021-07-26T04:31:56","guid":{"rendered":"https:\/\/demo.joycathouse.com\/?page_id=401"},"modified":"2021-07-26T04:31:56","modified_gmt":"2021-07-26T04:31:56","slug":"ban-se-ket-hop-ao-blazer-voi-quan-au-nhu-the-nao","status":"publish","type":"page","link":"https:\/\/hq-empire.com\/?page_id=401","title":{"rendered":"B\u1ea0N S\u1ebc K\u1ebeT H\u1ee2P \u00c1O BLAZER V\u1edaI QU\u1ea6N \u00c2U NH\u01af TH\u1ebe N\u00c0O ?"},"content":{"rendered":"\n<p><strong>Nh\u01b0 ch\u00fang ta \u0111\u00e3 bi\u1ebft, \u0111\u00f4i khi kh\u00f4ng c\u1ea7n thi\u1ebft ch\u00fang ta ph\u1ea3i &#8220;\u0111\u00f3ng c\u1ea3 b\u1ed9&#8221;, trong m\u1ed9t s\u1ed1 ho\u00e0n c\u1ea3nh c\u1ea7n l\u1ecbch l\u00e3m, nh\u01b0ng v\u1eabn ph\u1ea3i tho\u1ea3i m\u00e1i v\u00e0 tr\u1ebb trung. Ch\u00ednh v\u00ec th\u1ebf b\u1ea1n c\u1ea7n bi\u1ebft ph\u1ed1i m\u00e0u cho chi\u1ebfc Blazer c\u1ee7a m\u00ecnh v\u1edbi nh\u1eefng qu\u1ea7n \u00e2u \u0111ang c\u00f3.<\/strong><\/p>\n\n\n\n<p><strong>B\u1ea1n s\u1ebd th\u1ea5y h\u00ecnh \u1ea3nh c\u1ee7a m\u00ecnh ho\u00e0n to\u00e0n m\u1edbi &#8211; kh\u00f4ng qu\u00e1 nghi\u00eam t\u00fac nh\u01b0ng v\u00f4 c\u00f9ng n\u0103ng \u0111\u1ed9ng. N\u1ebfu trong t\u1ee7 c\u1ee7a qu\u1ea7n \u00e1o c\u1ee7a b\u1ea1n \u0111\u00e3 c\u00f3 s\u1eb5n nh\u1eefng chi\u1ebfc Blazer v\u1edbi nh\u1eefng m\u00e0u s\u1eafc c\u01a1 b\u1ea3n n\u00e0y. B\u1ea1n h\u00e3y \u0111i may th\u00eam qu\u1ea7n h\u1ee3p v\u1edbi ch\u00fang &#8211; V\u00e0 ng\u01b0\u1ee3c l\u1ea1i !<\/strong><\/p>\n\n\n\n<p><strong>T\u00f4i \u0111ang khuy\u00ean b\u1ea1n t\u1ed1n k\u00e9m cho chi ph\u00ed n\u00e0y \u0111\u00fang kh\u00f4ng ? Kh\u00f4ng h\u1ec1, th\u1ef1c ra t\u00f4i \u0111ang khuy\u00ean b\u1ea1n quan t\u00e2m h\u01a1n t\u1edbi m\u1ed9t s\u1ed1 \u0111i\u1ec1u m\u00e0 s\u1eafp t\u1edbi n\u00f3 s\u1ebd mang v\u1ec1 cho b\u1ea1n r\u1ea5t nhi\u1ec1u l\u1ee3i \u00edch \u0111\u00f3. Khong tin, b\u1ea1n h\u00e3y th\u1eed m\u00e0 xem :<\/strong><\/p>\n\n\n\n<div class=\"wp-block-image\"><figure class=\"aligncenter size-full\"><img loading=\"lazy\" decoding=\"async\" width=\"550\" height=\"786\" src=\"https:\/\/demo.joycathouse.com\/wp-content\/uploads\/2021\/07\/HQ-kethopmausac.jpg\" alt=\"\" class=\"wp-image-402\" srcset=\"https:\/\/hq-empire.com\/wp-content\/uploads\/2021\/07\/HQ-kethopmausac.jpg 550w, https:\/\/hq-empire.com\/wp-content\/uploads\/2021\/07\/HQ-kethopmausac-210x300.jpg 210w\" sizes=\"auto, (max-width: 550px) 100vw, 550px\" \/><\/figure><\/div>\n\n\n\n<p class=\"has-text-align-center\"><strong>By HQ-EMPIRE<\/strong><\/p>\n","protected":false},"excerpt":{"rendered":"<p>Nh\u01b0 ch\u00fang ta \u0111\u00e3 bi\u1ebft, \u0111\u00f4i khi kh\u00f4ng c\u1ea7n thi\u1ebft ch\u00fang ta ph\u1ea3i &#8220;\u0111\u00f3ng c\u1ea3 b\u1ed9&#8221;, trong m\u1ed9t s\u1ed1 ho\u00e0n &hellip; <a href=\"https:\/\/hq-empire.com\/?page_id=401\" class=\"more-link\"><span class=\"more-button\">Read More<span class=\"screen-reader-text\">B\u1ea0N S\u1ebc K\u1ebeT H\u1ee2P \u00c1O BLAZER V\u1edaI QU\u1ea6N \u00c2U NH\u01af TH\u1ebe N\u00c0O ?<\/span><\/span><\/a><\/p>\n","protected":false},"author":1,"featured_media":0,"parent":0,"menu_order":0,"comment_status":"closed","ping_status":"closed","template":"","meta":{"footnotes":""},"class_list":["post-401","page","type-page","status-publish","hentry"],"_links":{"self":[{"href":"https:\/\/hq-empire.com\/index.php?rest_route=\/wp\/v2\/pages\/401","targetHints":{"allow":["GET"]}}],"collection":[{"href":"https:\/\/hq-empire.com\/index.php?rest_route=\/wp\/v2\/pages"}],"about":[{"href":"https:\/\/hq-empire.com\/index.php?rest_route=\/wp\/v2\/types\/page"}],"author":[{"embeddable":true,"href":"https:\/\/hq-empire.com\/index.php?rest_route=\/wp\/v2\/users\/1"}],"replies":[{"embeddable":true,"href":"https:\/\/hq-empire.com\/index.php?rest_route=%2Fwp%2Fv2%2Fcomments&post=401"}],"version-history":[{"count":1,"href":"https:\/\/hq-empire.com\/index.php?rest_route=\/wp\/v2\/pages\/401\/revisions"}],"predecessor-version":[{"id":404,"href":"https:\/\/hq-empire.com\/index.php?rest_route=\/wp\/v2\/pages\/401\/revisions\/404"}],"wp:attachment":[{"href":"https:\/\/hq-empire.com\/index.php?rest_route=%2Fwp%2Fv2%2Fmedia&parent=401"}],"curies":[{"name":"wp","href":"https:\/\/api.w.org\/{rel}","templated":true}]}}