{"id":405,"date":"2021-07-26T04:33:31","date_gmt":"2021-07-26T04:33:31","guid":{"rendered":"https:\/\/demo.joycathouse.com\/?page_id=405"},"modified":"2021-07-26T04:33:32","modified_gmt":"2021-07-26T04:33:32","slug":"chuan-muc-hoan-hao","status":"publish","type":"page","link":"https:\/\/hq-empire.com\/?page_id=405","title":{"rendered":"CHU\u1ea8N M\u1ef0C &#038; HO\u00c0N H\u1ea2O"},"content":{"rendered":"\n<p><strong>T\u00f4i mu\u1ed1n<\/strong><strong>chia s\u1ebb ti\u1ebfp v\u1edbi c\u00e1c b\u1ea1n m\u1ed9t v\u00e0i th\u00f4ng tin, \u0111\u1ea7u ti\u00ean l\u00e0 v\u1ea5n \u0111\u1ec1<\/strong><strong>&#8220;CHU\u1ea8N M\u1ef0C&#8221;<\/strong><strong>&#8211; khi b\u1ea1n m\u1eb7c \u00e2u ph\u1ee5c nh\u00e9 :<\/strong><strong>Nh\u01b0 c\u00e1c b\u1ea1n bi\u1ebft \u0111\u1ea5y, qu\u1ea7n \u00e1o r\u1ea5t quan tr\u1ecdng \u0111\u1ed1i v\u1edbi ch\u00fang ta, nh\u1ea5t l\u00e0 nh\u1eefng ng\u01b0\u1eddi c\u1ea7n ph\u1ea3i giao ti\u1ebfp nhi\u1ec1u h\u00e0ng ng\u00e0y. M\u1ed9t khi b\u1ea1n m\u1eb7c 1 b\u1ed9 qu\u1ea7n \u00e1o m\u00e0 n\u00f3 kh\u00f4ng c\u00f3 \u0111\u01b0\u1ee3c &#8220;S\u1ef0 CHU\u1ea8N M\u1ef0C&#8221;, b\u1ea1n s\u1ebd tr\u1edf n\u00ean k\u1ec7ch c\u1ee1m.<br><br>Vi\u1ec7c \u0111\u1ea7u ti\u00ean b\u1ea1n c\u1ea7n bi\u1ebft nh\u1eefng quy t\u1eafc c\u1ee7a n\u00f3 khi m\u1eb7c \u0111\u1ed3 \u00e2u, khi b\u1ea1n n\u1eafm \u0111\u01b0\u1ee3c n\u00f3 r\u1ed3i, b\u1ea1n m\u1edbi hi\u1ec3u th\u1ebf n\u00e0o l\u00e0 \u0110\u1eb8P :<br><br>1. VAI \u00c1O \u0110\u00daNG CHU\u1ea8N S\u1ebc PH\u1eb2NG PHIU, \u0110I\u1ec2M TO NH\u1ea4T C\u1ee6A B\u1eaeP TAY GIAO V\u1edaI \u0110\u1ea6U VAI T\u1ea0O TH\u00c0NH M\u1ed8T G\u00d3C T\u00d9.<br><br>2. \u0110\u00c1Y QU\u1ea6N<\/strong><strong><em>(M\u00d4NG QU\u1ea6N)<\/em><\/strong><strong>V\u1eeaA V\u1eb6N KH\u00d4NG QU\u00c1 C\u0102NG HO\u1eb6C QU\u00c1 R\u1ed8NG.<br><br>3. R\u1ed8NG \u00c1O V\u1eeaA V\u1eb6N, \u00c1O C\u00d3 \u0110\u1ed8 TH\u1ede T\u01af\u01a0NG \u0110\u1ed0I CH\u1ee8 KH\u00d4NG B\u00d3 S\u00c1T HAY R\u1ed8NG TH\u00d9NG TH\u00ccNH&#8230;<br><\/strong><\/p>\n\n\n\n<div class=\"wp-block-image\"><figure class=\"aligncenter size-full\"><img loading=\"lazy\" decoding=\"async\" width=\"550\" height=\"749\" src=\"https:\/\/demo.joycathouse.com\/wp-content\/uploads\/2021\/07\/10255360_743918878992792_4870315901851364826_n.jpg\" alt=\"\" class=\"wp-image-406\" srcset=\"https:\/\/hq-empire.com\/wp-content\/uploads\/2021\/07\/10255360_743918878992792_4870315901851364826_n.jpg 550w, https:\/\/hq-empire.com\/wp-content\/uploads\/2021\/07\/10255360_743918878992792_4870315901851364826_n-220x300.jpg 220w\" sizes=\"auto, (max-width: 550px) 100vw, 550px\" \/><\/figure><\/div>\n\n\n\n<p><strong>Khi ch\u00fang ta \u0111\u00e3 c\u00f3 &#8220;S\u1ef0 CHU\u1ea8N M\u1ef0C&#8221; r\u1ed3i, th\u00ec th\u1ebf n\u00e0o l\u00e0<\/strong><strong>&#8220;S\u1ef0 HO\u00c0N H\u1ea2O&#8221;<\/strong><strong>?<br><br>\u0110\u1ec3 gi\u00fap \u0111\u1ee1 c\u00e1c b\u1ea1n ch\u01b0a quan t\u00e2m v\u1ec1 \u00e2u ph\u1ee5c, t\u00f4i xin c\u00f3 m\u1ea5y l\u1eddi sau :<\/strong><\/p>\n\n\n\n<p><strong>Hi\u1ec7n t\u1ea1i, c\u00f3 th\u1ec3 do \u0111\u1eb7c th\u00f9 c\u00f4ng vi\u1ec7c, do m\u00f4i tr\u01b0\u1eddng l\u00e0m vi\u1ec7c ch\u01b0a th\u00edch h\u1ee3p&#8230; n\u00ean m\u1ed9t s\u1ed1 ch\u00fang ta ch\u01b0a quan t\u00e2m t\u1edbi \u00c2u ph\u1ee5c. Tuy nhi\u00ean, c\u00e1c b\u1ea1n n\u00ean nh\u1edb c\u1ea5u th\u00e0nh c\u1ee7a m\u1ed9t b\u1ed9 \u00e2u ph\u1ee5c g\u1ed3<\/strong><strong>m \u00c1o cho\u00e0ng<\/strong><strong><em>(m\u0103<\/em><\/strong><strong><em>ng-t\u00f4)<\/em><\/strong><strong>kho\u00e1c ngo\u00e0i v\u00e0 B\u1ed9<\/strong><strong>suit g\u1ed3<\/strong><strong>m : \u00e1o vest\/blazer, \u00e1o ji-l\u00ea, s<\/strong><strong>\u01a1<\/strong><strong>-mi\/qu<\/strong><strong>\u1ea7<\/strong><strong>n \u00e2u&#8230; l\u00e0 nh<\/strong><strong>\u1eef<\/strong><strong>ng trang ph<\/strong><strong>\u1ee5<\/strong><strong>c thu<\/strong><strong>\u1ed9<\/strong><strong>c d\u00f2ng &#8220;L<\/strong><strong>\u1eca<\/strong><strong>CH L\u00c3M &amp; SANG TR<\/strong><strong>\u1ecc<\/strong><strong>NG&#8221;. D\u00f9 b<\/strong><strong>\u1ea1<\/strong><strong>n kh\u00f4ng mu<\/strong><strong>\u1ed1<\/strong><strong>n, nh<\/strong><strong>\u01b0<\/strong><strong>ng c\u00f3 l\u00fac b<\/strong><strong>\u1ea1<\/strong><strong>n s<\/strong><strong>\u1ebd<\/strong><strong>&nbsp;ph<\/strong><strong>\u1ea3<\/strong><strong>i m<\/strong><strong>\u1eb7<\/strong><strong>c n\u00f3 trong&nbsp;<\/strong><strong>\u0111\u1edd<\/strong><strong>i, nh<\/strong><strong>\u01b0<\/strong><strong>&nbsp;ng\u00e0y c<\/strong><strong>\u01b0\u1edb<\/strong><strong>i c<\/strong><strong>\u1ee7<\/strong><strong>a b<\/strong><strong>\u1ea1<\/strong><strong>n ch<\/strong><strong>\u1eb3<\/strong><strong>ng h<\/strong><strong>\u1ea1<\/strong><strong>n. V<\/strong><strong>\u1ead<\/strong><strong>y n\u00ean, ta n\u00ean quan t\u00e2m v<\/strong><strong>\u1ec1<\/strong><strong>&nbsp;n\u00f3 ch<\/strong><strong>\u1eaf<\/strong><strong>c ch<\/strong><strong>\u1eaf<\/strong><strong>n s<\/strong><strong>\u1ebd<\/strong><strong>&nbsp;kh\u00f4ng t<\/strong><strong>h\u1eeb<\/strong><strong>a&#8230;<\/strong><strong><br><br>\u0110\u1ec3<\/strong><strong>\u0111\u1ea1t \u0111\u01b0\u1ee3c t\u1edbi &#8220;S\u1ef0<\/strong><strong>&nbsp;HO<\/strong><strong>\u00c0<\/strong><strong>N H<\/strong><strong>\u1ea2<\/strong><strong>O&#8221; trong c\u00e1ch&nbsp;<\/strong><strong>\u0103<\/strong><strong>n m<\/strong><strong>\u1eb7<\/strong><strong>c nam gi<\/strong><strong>\u1edb<\/strong><strong>i v<\/strong><strong>\u1edb<\/strong><strong>i&nbsp;<\/strong><strong>\u0111\u1ed3<\/strong><strong>&nbsp;t\u00e2y c<\/strong><strong>\u1ea7<\/strong><strong>n ph<\/strong><strong>\u1ea3<\/strong><strong>i c\u00f3 s<\/strong><strong>\u1ef1<\/strong><strong>&nbsp;tinh t<\/strong><strong>\u1ebf<\/strong><strong>, s<\/strong><strong>\u1ef1<\/strong><strong>&nbsp;kh\u00e9o l\u00e9o v<\/strong><strong>\u00e0<\/strong><strong>&nbsp;s<\/strong><strong>\u1ef1<\/strong><strong>&nbsp;hi<\/strong><strong>\u1ec3<\/strong><strong>u bi<\/strong><strong>\u1ebf<\/strong><strong>t. N<\/strong><strong>\u1ebf<\/strong><strong>u nh<\/strong><strong>\u1eef<\/strong><strong>ng y<\/strong><strong>\u1ebf<\/strong><strong>u t<\/strong><strong>\u1ed1<\/strong><strong>&nbsp;n<\/strong><strong>\u00e0<\/strong><strong>y ch<\/strong><strong>\u01b0<\/strong><strong>a c\u00f3 s<\/strong><strong>\u1eb5<\/strong><strong>n trong b<\/strong><strong>\u1ea1<\/strong><strong>n, b<\/strong><strong>\u1ea1<\/strong><strong>n c<\/strong><strong>\u1ea7<\/strong><strong>n ph<\/strong><strong>\u1ea3<\/strong><strong>i h<\/strong><strong>\u1ecd<\/strong><strong>c v<\/strong><strong>\u00e0<\/strong><strong>&nbsp;\u00e1p d<\/strong><strong>\u1ee5<\/strong><strong>ng n\u00f3 h<\/strong><strong>\u00e0<\/strong><strong>ng ng<\/strong><strong>\u00e0<\/strong><strong>y&#8230;<\/strong><strong><br><br>V\u00ed d\u1ee5<\/strong><strong>&nbsp;nh<\/strong><strong>\u01b0<\/strong><strong>&nbsp;khi b<\/strong><strong>\u1ea1<\/strong><strong>n m<\/strong><strong>\u1eb7<\/strong><strong>c suit ch<\/strong><strong>\u1eb3<\/strong><strong>ng h<\/strong><strong>\u1ea1<\/strong><strong>n, th\u00ec b<\/strong><strong>\u01b0\u1edb<\/strong><strong>c&nbsp;<\/strong><strong>\u0111<\/strong><strong>i v<\/strong><strong>\u00e0<\/strong><strong>&nbsp;d\u00e1ng&nbsp;<\/strong><strong>\u0111\u1ee9<\/strong><strong>ng c<\/strong><strong>\u1ee7<\/strong><strong>a b<\/strong><strong>\u1ea1<\/strong><strong>n s<\/strong><strong>\u1ebd<\/strong><strong>&nbsp;quy<\/strong><strong>\u1ebf<\/strong><strong>t&nbsp;<\/strong><strong>\u0111\u1ecb<\/strong><strong>nh b<\/strong><strong>\u1ea1<\/strong><strong>n m<\/strong><strong>\u1eb7<\/strong><strong>c b<\/strong><strong>\u1ed9<\/strong><strong>&nbsp;suit&nbsp;<\/strong><strong>\u1ea5<\/strong><strong>y nh\u00ecn SANG hay H\u00c8N.&nbsp;<\/strong><strong>\u0110\u01b0\u01a1<\/strong><strong>ng nhi\u00ean, b<\/strong><strong>\u1ed9<\/strong><strong>&nbsp;suit s<\/strong><strong>\u1ebd<\/strong><strong>\u0111\u01b0\u1ee3<\/strong><strong>c may&nbsp;<\/strong><strong>\u0111<\/strong><strong>o ho<\/strong><strong>\u00e0<\/strong><strong>n h<\/strong><strong>\u1ea3<\/strong><strong>o v<\/strong><strong>\u1edb<\/strong><strong>i c<\/strong><strong>\u01a1<\/strong><strong>&nbsp;th<\/strong><strong>\u1ec3<\/strong><strong>&nbsp;b<\/strong><strong>\u1ea1<\/strong><strong>n, nh<\/strong><strong>\u01b0<\/strong><strong>ng t<\/strong><strong>\u01b0<\/strong><strong>&nbsp;th<\/strong><strong>\u1ebf<\/strong><strong>&nbsp;c<\/strong><strong>\u1ee7<\/strong><strong>a b<\/strong><strong>\u1ea1<\/strong><strong>n s<\/strong><strong>\u1ebd<\/strong><strong>&nbsp;quy<\/strong><strong>\u1ebf<\/strong><strong>t&nbsp;<\/strong><strong>\u0111\u1ecb<\/strong><strong>nh v<\/strong><strong>\u1ecb<\/strong><strong>&nbsp;th<\/strong><strong>\u1ebf<\/strong><strong>&nbsp;c<\/strong><strong>\u1ee7<\/strong><strong>a b<\/strong><strong>\u1ea1<\/strong><strong>n trong b<\/strong><strong>\u1ed9<\/strong><strong>&nbsp;suit. N<\/strong><strong>\u1ebf<\/strong><strong>u b<\/strong><strong>\u1ea1<\/strong><strong>n<\/strong><strong>&nbsp;ch\u01b0<\/strong><strong>a tin&nbsp;<\/strong><strong>\u0111<\/strong><strong>i<\/strong><strong>\u1ec1<\/strong><strong>u n<\/strong><strong>\u00e0<\/strong><strong>y, h\u00e3y nh\u00ecn ra xung quanh v<\/strong><strong>\u00e0<\/strong><strong>&nbsp;th<\/strong><strong>\u1ea5<\/strong><strong>y ngay r<\/strong><strong>\u1ea5<\/strong><strong>t nhi<\/strong><strong>\u1ec1<\/strong><strong>u ng<\/strong><strong>\u01b0\u1edd<\/strong><strong>i quen c<\/strong><strong>\u1ee7<\/strong><strong>a b<\/strong><strong>\u1ea1<\/strong><strong>n khi m<\/strong><strong>\u1eb7<\/strong><strong>c qu<\/strong><strong>\u1ea7<\/strong><strong>n jeans \u00e1o pull nh\u00ecn n<\/strong><strong>\u0103<\/strong><strong>ng&nbsp;<\/strong><strong>\u0111\u1ed9<\/strong><strong>ng bao nhi\u00eau, nh<\/strong><strong>\u01b0<\/strong><strong>ng khi m<\/strong><strong>\u1eb7<\/strong><strong>c suit v<\/strong><strong>\u00e0<\/strong><strong>o nh\u00ecn &#8220;m<\/strong><strong>\u1ea5<\/strong><strong>t ch<\/strong><strong>\u1ea5<\/strong><strong>t&#8221; ngay<\/strong><strong>\u0110<\/strong><strong>i<\/strong><strong>\u1ec1<\/strong><strong>u n<\/strong><strong>\u00e0<\/strong><strong>y l<\/strong><strong>\u00e0<\/strong><strong>&nbsp;ho<\/strong><strong>\u00e0<\/strong><strong>n to<\/strong><strong>\u00e0<\/strong><strong>n&nbsp;<\/strong><strong>\u0111<\/strong><strong>\u00fang b<\/strong><strong>\u1edf<\/strong><strong>i c\u00e1c b<\/strong><strong>\u1ea1<\/strong><strong>n c<\/strong><strong>\u1ea7<\/strong><strong>n nh<\/strong><strong>\u1edb<\/strong><strong>&nbsp;r<\/strong><strong>\u1eb1<\/strong><strong>ng b<\/strong><strong>\u1ed9<\/strong><strong>&nbsp;suit b<\/strong><strong>\u1ea3<\/strong><strong>n th\u00e2n n\u00f3&nbsp;<\/strong><strong>sinh ra l<\/strong><strong>\u00e0<\/strong><strong>&nbsp;d<\/strong><strong>\u00e0<\/strong><strong>nh cho gi<\/strong><strong>\u1edb<\/strong><strong>i Qu\u00fd t<\/strong><strong>\u1ed9<\/strong><strong>c c<\/strong><strong>\u1ee7<\/strong><strong>a n<\/strong><strong>\u01b0\u1edb<\/strong><strong>c Anh. N<\/strong><strong>\u01a1<\/strong><strong>i m<\/strong><strong>\u00e0<\/strong><strong>&nbsp;nh<\/strong><strong>\u1eef<\/strong><strong>ng &#8220;Sir&#8221; v<\/strong><strong>\u1edb<\/strong><strong>i b<\/strong><strong>\u01b0\u1edb<\/strong><strong>c&nbsp;<\/strong><strong>\u0111<\/strong><strong>i khoan thai v<\/strong><strong>\u00e0<\/strong><strong>&nbsp;th<\/strong><strong>\u01b0<\/strong><strong>&nbsp;th\u00e1i, n<\/strong><strong>\u01a1<\/strong><strong>i m<\/strong><strong>\u00e0<\/strong><strong>&nbsp;khi qu\u00fd \u00f4ng d<\/strong><strong>\u1eeb<\/strong><strong>ng l<\/strong><strong>\u1ea1<\/strong><strong>i ti<\/strong><strong>\u1ebf<\/strong><strong>p chuy<\/strong><strong>\u1ec7<\/strong><strong>n ai&nbsp;<\/strong><strong>\u0111<\/strong><strong>\u00f3 th\u00ec hai ch\u00e2n lu\u00f4n&nbsp;<\/strong><strong>\u0111\u1ee9<\/strong><strong>ng r<\/strong><strong>\u1ed9<\/strong><strong>ng b<\/strong><strong>\u1eb1<\/strong><strong>ng vai. N<\/strong><strong>\u01a1<\/strong><strong>i m<\/strong><strong>\u00e0<\/strong><strong>&nbsp;khi qu\u00fd \u00f4ng b<\/strong><strong>\u01b0\u1edb<\/strong><strong>c&nbsp;<\/strong><strong>\u0111<\/strong><strong>i v<\/strong><strong>\u1edb<\/strong><strong>i nh<\/strong><strong>\u01b0<\/strong><strong>ng b<\/strong><strong>\u01b0\u1edb<\/strong><strong>c v<\/strong><strong>\u1eef<\/strong><strong>ng ch\u00e3i v<\/strong><strong>\u00e0<\/strong><strong>&nbsp;gi<\/strong><strong>\u1ea7<\/strong><strong>y nh<\/strong><strong>\u01b0<\/strong><strong>&nbsp;l<\/strong><strong>\u01b0\u1edb<\/strong><strong>t t<\/strong><strong>r\u00ean m\u1eb7<\/strong><strong>t s<\/strong><strong>\u00e0<\/strong><strong>n kh\u00f4ng m<\/strong><strong>\u1ed9<\/strong><strong>t ti<\/strong><strong>\u1ebf<\/strong><strong>ng&nbsp;<\/strong><strong>\u0111\u1ed9<\/strong><strong>ng ch<\/strong><strong>\u1ee9<\/strong><strong>&nbsp;kh\u00f4ng ph<\/strong><strong>\u1ea3<\/strong><strong>i&nbsp;<\/strong><strong>\u0111<\/strong><strong>i lo<\/strong><strong>\u1eb9<\/strong><strong>t qu<\/strong><strong>\u1eb9<\/strong><strong>t. D\u00e1ng&nbsp;<\/strong><strong>\u0111\u1ee9<\/strong><strong>ng lu\u00f4n th<\/strong><strong>\u1eb3<\/strong><strong>ng th<\/strong><strong>\u1eaf<\/strong><strong>n, hai vai h<\/strong><strong>\u01a1<\/strong><strong>i nh<\/strong><strong>\u01b0\u1edb<\/strong><strong>n v<\/strong><strong>\u1ec1<\/strong><strong>&nbsp;sau khi&nbsp;<\/strong><strong>\u0111\u1ee9<\/strong><strong>ng th<\/strong><strong>\u1eb3<\/strong><strong>ng&nbsp;<\/strong><strong>\u0111\u1ea7<\/strong><strong>y ki\u00eau h\u00e3nh &#8211;&nbsp;<\/strong><strong>\u0110<\/strong><strong>\u00e2y kh\u00f4ng ph<\/strong><strong>\u1ea3<\/strong><strong>i l<\/strong><strong>\u00e0<\/strong><strong>&nbsp;h<\/strong><strong>\u00e0<\/strong><strong>nh&nbsp;<\/strong><strong>\u0111\u1ed9<\/strong><strong>ng &#8220;<\/strong><strong>\u01b0\u1ee1<\/strong><strong>n ng<\/strong><strong>\u1ef1<\/strong><strong>c ta&nbsp;<\/strong><strong>\u0111<\/strong><strong>\u00e2y&#8221; m<\/strong><strong>\u00e0<\/strong><strong>&nbsp;l<\/strong><strong>\u00e0<\/strong><strong>&nbsp;kh<\/strong><strong>\u1eb3<\/strong><strong>ng&nbsp;<\/strong><strong>\u0111\u1ecb<\/strong><strong>nh v<\/strong><strong>\u1ecb<\/strong><strong>&nbsp;th<\/strong><strong>\u1ebf<\/strong><strong>&nbsp;c<\/strong><strong>\u1ee7<\/strong><strong>a ng<\/strong><strong>\u01b0\u1edd<\/strong><strong>i m<\/strong><strong>\u1eb7<\/strong><strong>c suit. V<\/strong><strong>\u00e0<\/strong><strong>&nbsp;khi qu\u00fd \u00f4ng ng<\/strong><strong>\u1ed3<\/strong><strong>i x<\/strong><strong>u\u1ed1<\/strong><strong>ng bao gi<\/strong><strong>\u1edd<\/strong><strong>&nbsp;ng<\/strong><strong>\u01b0\u1edd<\/strong><strong>i ta c<\/strong><strong>\u0169<\/strong><strong>ng c\u00f3 1 th\u00f3i quen b<\/strong><strong>\u1ea5<\/strong><strong>t di b<\/strong><strong>\u1ea5<\/strong><strong>t d<\/strong><strong>\u1ecb<\/strong><strong>ch l<\/strong><strong>\u00e0<\/strong><strong>&nbsp;c<\/strong><strong>\u1edf<\/strong><strong>i khuy \u00e1o<\/strong><strong><em>(n\u00fat \u00e1o)<\/em><\/strong><strong>kho\u00e1c ngo<\/strong><strong>\u00e0<\/strong><strong>i ra, r<\/strong><strong>\u1ed3<\/strong><strong>i khi&nbsp;<\/strong><strong>\u0111\u1ee9<\/strong><strong>ng l\u00ean l<\/strong><strong>\u1ea1<\/strong><strong>i c<\/strong><strong>\u00e0<\/strong><strong>i v<\/strong><strong>\u00e0<\/strong><strong>o&#8230;<\/strong><\/p>\n\n\n\n<div class=\"wp-block-image\"><figure class=\"aligncenter size-full\"><img loading=\"lazy\" decoding=\"async\" width=\"550\" height=\"950\" src=\"https:\/\/demo.joycathouse.com\/wp-content\/uploads\/2021\/07\/SCM.jpg\" alt=\"\" class=\"wp-image-407\" srcset=\"https:\/\/hq-empire.com\/wp-content\/uploads\/2021\/07\/SCM.jpg 550w, https:\/\/hq-empire.com\/wp-content\/uploads\/2021\/07\/SCM-174x300.jpg 174w\" sizes=\"auto, (max-width: 550px) 100vw, 550px\" \/><\/figure><\/div>\n\n\n\n<p class=\"has-text-align-center\"><strong>&#8230; S\u1ebd<\/strong><strong>&nbsp;c\u00f2n r<\/strong><strong>\u1ea5<\/strong><strong>t nhi<\/strong><strong>\u1ec1<\/strong><strong>u nh<\/strong><strong>\u1eef<\/strong><strong>ng quy t<\/strong><strong>\u1eaf<\/strong><strong>c t<\/strong><strong>\u1ea1<\/strong><strong>o n\u00ean phong th\u00e1i c<\/strong><strong>\u1ee7<\/strong><strong>a m<\/strong><strong>\u1ed9<\/strong><strong>t ng<\/strong><strong>\u01b0\u1edd<\/strong><strong>i&nbsp;<\/strong><strong>\u0111<\/strong><strong>\u00e0<\/strong><strong>n \u00f4ng trong b<\/strong><strong>\u1ed9<\/strong><strong>&nbsp;trang ph<\/strong><strong>\u1ee5<\/strong><strong>c quy<\/strong><strong>\u1ec1<\/strong><strong>n l<\/strong><strong>\u1ef1<\/strong><strong>c nh<\/strong><strong>\u1ea5<\/strong><strong>t c<\/strong><strong>\u1ee7<\/strong><strong>a nam gi<\/strong><strong>\u1edb<\/strong><strong>i n<\/strong><strong>\u00e0<\/strong><strong>y. Nh<\/strong><strong>\u01b0<\/strong><strong>ng t\u00f4i ngh<\/strong><strong>\u0129<\/strong><strong>,&nbsp;<\/strong><strong>\u0111<\/strong><strong>i<\/strong><strong>\u1ec1<\/strong><strong>u n<\/strong><strong>\u00e0<\/strong><strong>y ch\u00fang ta n\u00ean c\u00f3 c<\/strong><strong>\u01a1<\/strong><strong>&nbsp;h<\/strong><strong>\u1ed9<\/strong><strong>i t<\/strong><strong>\u1edb<\/strong><strong>i giao l<\/strong><strong>\u01b0<\/strong><strong>u v<\/strong><strong>\u1edb<\/strong><strong>i nhau th<\/strong><strong>\u1ef1<\/strong><strong>c t<\/strong><strong>\u1ebf<\/strong><strong>&nbsp;s<\/strong><strong>\u1ebd<\/strong><strong>&nbsp;vui h<\/strong><strong>\u01a1<\/strong><strong>n.&nbsp;<\/strong><strong>T\u00f4i m\u1edd<\/strong><strong>i c\u00e1c b<\/strong><strong>\u1ea1<\/strong><strong>n c\u00f3 th<\/strong><strong>\u1edd<\/strong><strong>i gian h\u00e3y gh\u00e9 qua giao l<\/strong><strong>\u01b0<\/strong><strong>u v<\/strong><strong>\u1edb<\/strong><strong>i t\u00f4i t<\/strong><strong>\u1ea1<\/strong><strong>i s<\/strong><strong>\u1ed1<\/strong><strong>&nbsp;29 Nguy<\/strong><strong>\u1ec5<\/strong><strong>n H<\/strong><strong>\u1eef<\/strong><strong>u Hu\u00e2n, Ho<\/strong><strong>\u00e0<\/strong><strong>n Ki<\/strong><strong>\u1ebf<\/strong><strong>m, H<\/strong><strong>\u00e0<\/strong><strong>&nbsp;N<\/strong><strong>\u1ed9<\/strong><strong>i. T<\/strong><strong>\u1ea1<\/strong><strong>i&nbsp;<\/strong><strong>\u0111<\/strong><strong>\u00e2y, g<\/strong><strong>\u1ea1<\/strong><strong>t may m<\/strong><strong>\u1eb7<\/strong><strong>c sang m\u00f4t b\u00ean c\u00f3 khi l<\/strong><strong>\u1ea1<\/strong><strong>i l<\/strong><strong>\u00e0<\/strong><strong>&nbsp;kh<\/strong><strong>\u1edf<\/strong><strong>i&nbsp;<\/strong><strong>\u0111\u1ea7<\/strong><strong>u c<\/strong><strong>\u1ee7<\/strong><strong>a m<\/strong><strong>\u1ed9<\/strong><strong>t m<\/strong><strong>\u1ed1<\/strong><strong>i quan h<\/strong><strong>\u1ec7<\/strong><strong>&#8230;<\/strong><strong><br><br>Th\u00e2n \u00e1i !<br><br>Ho<\/strong><strong>\u00e0<\/strong><strong>ng Quang<\/strong><\/p>\n","protected":false},"excerpt":{"rendered":"<p>T\u00f4i mu\u1ed1nchia s\u1ebb ti\u1ebfp v\u1edbi c\u00e1c b\u1ea1n m\u1ed9t v\u00e0i th\u00f4ng tin, \u0111\u1ea7u ti\u00ean l\u00e0 v\u1ea5n \u0111\u1ec1&#8220;CHU\u1ea8N M\u1ef0C&#8221;&#8211; khi b\u1ea1n m\u1eb7c &hellip; <a href=\"https:\/\/hq-empire.com\/?page_id=405\" class=\"more-link\"><span class=\"more-button\">Read More<span class=\"screen-reader-text\">CHU\u1ea8N M\u1ef0C &#038; HO\u00c0N H\u1ea2O<\/span><\/span><\/a><\/p>\n","protected":false},"author":1,"featured_media":0,"parent":0,"menu_order":0,"comment_status":"closed","ping_status":"closed","template":"","meta":{"footnotes":""},"class_list":["post-405","page","type-page","status-publish","hentry"],"_links":{"self":[{"href":"https:\/\/hq-empire.com\/index.php?rest_route=\/wp\/v2\/pages\/405","targetHints":{"allow":["GET"]}}],"collection":[{"href":"https:\/\/hq-empire.com\/index.php?rest_route=\/wp\/v2\/pages"}],"about":[{"href":"https:\/\/hq-empire.com\/index.php?rest_route=\/wp\/v2\/types\/page"}],"author":[{"embeddable":true,"href":"https:\/\/hq-empire.com\/index.php?rest_route=\/wp\/v2\/users\/1"}],"replies":[{"embeddable":true,"href":"https:\/\/hq-empire.com\/index.php?rest_route=%2Fwp%2Fv2%2Fcomments&post=405"}],"version-history":[{"count":1,"href":"https:\/\/hq-empire.com\/index.php?rest_route=\/wp\/v2\/pages\/405\/revisions"}],"predecessor-version":[{"id":409,"href":"https:\/\/hq-empire.com\/index.php?rest_route=\/wp\/v2\/pages\/405\/revisions\/409"}],"wp:attachment":[{"href":"https:\/\/hq-empire.com\/index.php?rest_route=%2Fwp%2Fv2%2Fmedia&parent=405"}],"curies":[{"name":"wp","href":"https:\/\/api.w.org\/{rel}","templated":true}]}}