{"id":410,"date":"2021-07-26T04:35:28","date_gmt":"2021-07-26T04:35:28","guid":{"rendered":"https:\/\/demo.joycathouse.com\/?page_id=410"},"modified":"2021-07-26T04:35:29","modified_gmt":"2021-07-26T04:35:29","slug":"may-do-quan-trong-dieu-gi","status":"publish","type":"page","link":"https:\/\/hq-empire.com\/?page_id=410","title":{"rendered":"MAY \u0110O &#8211; QUAN TR\u1eccNG \u0110I\u1ec0U G\u00cc ?"},"content":{"rendered":"\n<p><strong>T\u1ea1i sao ch\u00fang ta ph\u1ea3i \u0111i may \u0111o khi m\u00e0 c\u00f3 r\u1ea5t nhi\u1ec1u \u0111\u1ed3 b\u00e1n s\u1eb5n \u0111ang b\u00e0y b\u00e1n r\u1ea5t nhi\u1ec1u ngo\u00e0i kia ?<br><br>\u0110\u1ed3 may s\u1eb5n kh\u00f4ng ph\u1ea3i ch\u1edd \u0111\u1ee3i nh\u01b0 may \u0111o, v\u1eeba l\u00e0 m\u1eb7c lu\u00f4n. V\u1eady t\u1ea1i sao ch\u00fang ta v\u1eabn t\u00ecm t\u1edbi may \u0111o ?<\/strong><\/p>\n\n\n\n<p><strong>M\u1ed9t \u0111i\u1ec1u \u0111\u01a1n gi\u1ea3n m\u00e0 d\u1ec5 hi\u1ec3u r\u1eb1ng n\u1ebfu b\u1ea1n v\u00e0o m\u1ed9t ti\u1ec7m may \u0111\u00fang ngh\u0129a v\u00e0 chuy\u00ean nghi\u1ec7p. T\u1ea5t c\u1ea3 v\u1ea3i t\u1ea1i\u00a0\u0111\u00f3\u00a0lu\u00f4n l\u00e0 nh\u1eefng lo\u1ea1i cao c\u1ea5p h\u01a1n b\u1ea5t k\u1ef3 v\u1ea3i d\u00f9ng \u0111\u1ec3 may\u00a0m\u1ed9t s\u1ea3n ph\u1ea9m b\u00e1n s\u1eb5n n\u00e0o. \u0111\u01a1n gi\u1ea3n b\u1edfi ch\u1ee7 tr\u01b0\u01a1ng c\u1ee7a nh\u1eefng nh\u00e0 s\u1ea3n xu\u1ea5t v\u1ea3i h\u00e0ng \u0111\u1ea7u l\u00e0 v\u1eady.\u00a0<span style=\"color:#ff0015\" class=\"has-inline-color\">Nh\u1eefng lo\u1ea1i v\u1ea3i d\u00e0nh cho May \u0110o lu\u00f4n kh\u00e1c h\u1eb3n nh\u1eefng lo\u1ea1i v\u1ea3i d\u00f9ng \u0111\u1ec3 s\u1ea3n xu\u1ea5t \u0111\u1ed3 May S\u1eb5n.<\/span><\/strong><\/p>\n\n\n\n<div class=\"wp-block-image\"><figure class=\"aligncenter size-full\"><img loading=\"lazy\" decoding=\"async\" width=\"550\" height=\"236\" src=\"https:\/\/demo.joycathouse.com\/wp-content\/uploads\/2021\/07\/1924323_783084508409562_1825348835477400240_n.jpg\" alt=\"\" class=\"wp-image-411\" srcset=\"https:\/\/hq-empire.com\/wp-content\/uploads\/2021\/07\/1924323_783084508409562_1825348835477400240_n.jpg 550w, https:\/\/hq-empire.com\/wp-content\/uploads\/2021\/07\/1924323_783084508409562_1825348835477400240_n-300x129.jpg 300w\" sizes=\"auto, (max-width: 550px) 100vw, 550px\" \/><\/figure><\/div>\n\n\n\n<p><strong><br><br>T\u00f4i c\u00f3 th\u1ec3 v\u00ed d\u1ee5 m\u1ed9t ch\u00fat li\u00ean qua t\u1edbi ng\u00e0nh c\u00f4ng nghi\u1ec7p xe h\u01a1i, ch\u1eb3ng h\u1ea1n khi b\u1ea1n mua m\u1ed9t chi\u1ebfc xe Civic c\u1ee7a Honda, b\u1ea1n th\u1ea5y v\u00e0i \u0111i\u1ec3m r\u1ea5t ch\u01b0a \u01b0ng \u00fd. B\u1ea3n th\u1ea7m ngh\u0129, sao n\u00f3 kh\u00f4ng ch\u1ec9nh \u0111i ch\u1ec9&nbsp;m\u1ed9t t\u1eb9o nh\u1eefng chi ti\u1ebft \u1ea5y l\u00e0&nbsp;g\u1ea7n gi\u1ed1ng v\u1edbi xe Accord c\u0169ng c\u1ee7a Honda s\u1ebd&nbsp;\u0111\u1eb9p, h\u1ee3p l\u00fd&nbsp;h\u01a1n nhi\u1ec1u&nbsp;?<br>V\u1eady \u0111\u00f3, h\u00e3ng xe ch\u1ee7 tr\u01b0\u01a1ng l\u00e0m v\u1eady v\u00ec 2 lo\u1ea1i xe n\u00e0y \u0111\u1ec3 d\u00e0nh cho 2 nh\u00f3m kh\u00e1ch h\u00e0ng kh\u00e1c nhau. Gi\u1ea3 d\u1ee5 Civic \u0111\u1eb9p nh\u01b0 Accord m\u00e0 gi\u00e1 v\u1eabn l\u00e0 Civic th\u00ec li\u1ec7u c\u00f3 ai mua Accord n\u1eefa kh\u00f4ng ?<br><br>V\u1eady n\u00ean v\u1ea3i v\u00f3c c\u0169ng v\u1eady, hi\u1ebfm khi c\u00f3 nh\u1eefng b\u1ed9 suit b\u00e1n s\u1eb5n v\u1edbi nh\u1eefng lo\u1ea1i v\u1ea3i tinh t\u1ebf 100%wool. Trong khi v\u1ea3i \u0111\u1ec3 may \u0111o th\u00ec 100%wool l\u1ea1i l\u00e0 ph\u1ed5 bi\u1ebfn. Th\u00eam n\u1eefa, nh\u1eefng h\u00e3ng s\u1ea3n xu\u1ea5t v\u1ea3i t\u00ean tu\u1ed5i lu\u00f4n gi\u1eef th\u01b0\u01a1ng hi\u1ec7u c\u1ee7a m\u00ecnh b\u1eb1ng c\u00e1ch ch\u1ec9 l\u00e0 \u0111\u1ed1i t\u00e1c v\u1edbi nh\u1eefng nh\u00e0 may danh ti\u1ebfng v\u00e0 b\u00e1n cho h\u1ecd nh\u1eefng lo\u1ea1i v\u1ea3i danh ti\u1ebfng !<br><br>V\u1eady theo t\u00f4i, vi\u1ec7c \u0111\u1ea7u ti\u00ean c\u1ee7a b\u1ea5t k\u1ef3 m\u1ed9t ai \u0111\u00f3 \u0111i may \u0111o l\u00e0 x\u00e1c \u0111\u1ecbnh m\u00ecnh s\u1ebd may b\u1eb1ng lo\u1ea1i v\u1ea3i g\u00ec, c\u1ee7a h\u00e3ng n\u00e0o v\u00e0 s\u1ea3n xu\u1ea5t t\u1ea1i \u0111\u00e2u ?<\/strong><\/p>\n\n\n\n<p><strong><em><span style=\"color:#ff0015\" class=\"has-inline-color\">&#8221; \u0110a s\u1ed1 c\u00e1c nh\u00e0 may tr\u00ean th\u1ebf gi\u1edbi\u00a0kh\u00f4ng th\u1ec3 t\u1ef1 s\u1ea3n xu\u1ea5t v\u1ea3i &#8211; H\u1ecd ch\u1ec9 l\u00e0 \u0111\u1ed1i t\u00e1c\u00a0v\u1edbi nh\u1eefng h\u00e3ng v\u1ea3i danh ti\u1ebfng v\u00e0 d\u00f9ng ngu\u1ed3n nguy\u00ean li\u1ec7u t\u1eeb nh\u1eefng\u00a0\u0111\u1ed1i t\u00e1c \u1ea5y\u00a0\u0111\u1ec3 cho ra \u0111\u1eddi nh\u1eefng s\u1ea3n ph\u1ea9m may \u0111o ho\u00e0n h\u1ea3o mang th\u01b0\u01a1ng hi\u1ec7u c\u1ee7a m\u00ecnh\u00a0! &#8220;<\/span><\/em><br><br>M\u1ed9t \u0111i\u1ec1u m\u00e0 t\u00f4i th\u01b0\u1eddng th\u1ea5y nh\u1ea5t v\u1edbi \u0111a s\u1ed1 ng\u01b0\u1eddi Vi\u1ec7t khi \u0111i may \u0111o \u0111\u00f3 l\u00e0 nh\u00ecn theo &#8220;c\u1ea3m quan&#8221; v\u00e0\u00a0&#8220;nh\u00e3n quang&#8221;. H\u1ecd th\u1ea5y kh\u00fac v\u1ea3i n\u00e0y \u0111\u1eb9p, d\u00e1ng \u00e1o n\u00e0y \u01b0a m\u1eaft l\u00e0 \u0111\u1eb7t may ch\u1ee9 ch\u01b0a m\u1ea5y quan t\u00e2m t\u1edbi ngu\u1ed3n g\u1ed1c, xu\u1ea5t x\u1ee9 v\u00e0 danh ti\u1ebfng c\u1ee7a kh\u00fac v\u1ea3i \u0111\u00f3. \u0110\u00e2y l\u00e0 m\u1ed9t sai l\u1ea7m l\u1edbn c\u1ee7a b\u1ea1n v\u00e0 b\u1ea1n s\u1ebd lu\u00f4n nh\u1eadn \u0111\u01b0\u1ee3c nh\u1eefng s\u1ea3n ph\u1ea9m may \u0111\u1eb9p m\u1eaft ch\u1ee9 ch\u01b0a \u0111\u1ea1t \u0111\u1ed9 &#8220;Tinh&#8221; v\u00e0 \u0111\u1ed9 &#8220;Sang&#8221;. Khi b\u1ea1n l\u00e0 ng\u01b0\u1eddi quan t\u00e2m t\u1edbi ch\u1ea5t li\u1ec7u khi \u0111i may \u0111\u1ed3, b\u1ea1n m\u1edbi th\u1ef1c s\u1ef1 tr\u1edf th\u00e0nh ng\u01b0\u1eddi &#8220;Gi\u00e0u c\u00f3&#8221; ch\u1ee9 kh\u00f4ng c\u00f2n\u00a0l\u00e0 ng\u01b0\u1eddi &#8220;C\u00f3 ti\u1ec1n&#8221; nh\u01b0 tr\u01b0\u1edbc \u0111\u00e2y&#8230;<\/strong><\/p>\n\n\n\n<p><strong>Ch\u1ea5t li\u1ec7u r\u1ea5t quan tr\u1ecdng, nh\u01b0 t\u00f4i th\u01b0\u1eddng hay v\u00ed von, n\u00f3 nh\u01b0 ch\u1ea5t k\u1ebft d\u00ednh li\u00ean k\u1ebft trong c\u00f4ng tr\u00ecnh x\u00e2y d\u1ef1ng v\u1eady&#8230; C\u00e1c b\u1ea1n h\u00e3y th\u1eed l\u00e0m theo b\u1ee9c h\u00ecnh d\u01b0\u1edbi \u0111\u00e2y c\u1ee7a t\u00f4i m\u1ed7i khi quy\u1ebft \u0111\u1ecbnh \u0111i may \u0111o nh\u00e9 :<\/strong><\/p>\n\n\n\n<div class=\"wp-block-image\"><figure class=\"aligncenter size-full\"><img loading=\"lazy\" decoding=\"async\" width=\"550\" height=\"550\" src=\"https:\/\/demo.joycathouse.com\/wp-content\/uploads\/2021\/07\/the-godfather-movie-trailer.jpg\" alt=\"\" class=\"wp-image-412\" srcset=\"https:\/\/hq-empire.com\/wp-content\/uploads\/2021\/07\/the-godfather-movie-trailer.jpg 550w, https:\/\/hq-empire.com\/wp-content\/uploads\/2021\/07\/the-godfather-movie-trailer-300x300.jpg 300w, https:\/\/hq-empire.com\/wp-content\/uploads\/2021\/07\/the-godfather-movie-trailer-150x150.jpg 150w, https:\/\/hq-empire.com\/wp-content\/uploads\/2021\/07\/the-godfather-movie-trailer-100x100.jpg 100w, https:\/\/hq-empire.com\/wp-content\/uploads\/2021\/07\/the-godfather-movie-trailer-60x60.jpg 60w\" sizes=\"auto, (max-width: 550px) 100vw, 550px\" \/><\/figure><\/div>\n\n\n\n<p class=\"has-text-align-center\"><strong><br><br>Th\u00e2n \u00e1i, Ho\u00e0ng Quang\u00a0<\/strong><\/p>\n","protected":false},"excerpt":{"rendered":"<p>T\u1ea1i sao ch\u00fang ta ph\u1ea3i \u0111i may \u0111o khi m\u00e0 c\u00f3 r\u1ea5t nhi\u1ec1u \u0111\u1ed3 b\u00e1n s\u1eb5n \u0111ang b\u00e0y b\u00e1n r\u1ea5t &hellip; <a href=\"https:\/\/hq-empire.com\/?page_id=410\" class=\"more-link\"><span class=\"more-button\">Read More<span class=\"screen-reader-text\">MAY \u0110O &#8211; QUAN TR\u1eccNG \u0110I\u1ec0U G\u00cc ?<\/span><\/span><\/a><\/p>\n","protected":false},"author":1,"featured_media":0,"parent":0,"menu_order":0,"comment_status":"closed","ping_status":"closed","template":"","meta":{"footnotes":""},"class_list":["post-410","page","type-page","status-publish","hentry"],"_links":{"self":[{"href":"https:\/\/hq-empire.com\/index.php?rest_route=\/wp\/v2\/pages\/410","targetHints":{"allow":["GET"]}}],"collection":[{"href":"https:\/\/hq-empire.com\/index.php?rest_route=\/wp\/v2\/pages"}],"about":[{"href":"https:\/\/hq-empire.com\/index.php?rest_route=\/wp\/v2\/types\/page"}],"author":[{"embeddable":true,"href":"https:\/\/hq-empire.com\/index.php?rest_route=\/wp\/v2\/users\/1"}],"replies":[{"embeddable":true,"href":"https:\/\/hq-empire.com\/index.php?rest_route=%2Fwp%2Fv2%2Fcomments&post=410"}],"version-history":[{"count":1,"href":"https:\/\/hq-empire.com\/index.php?rest_route=\/wp\/v2\/pages\/410\/revisions"}],"predecessor-version":[{"id":414,"href":"https:\/\/hq-empire.com\/index.php?rest_route=\/wp\/v2\/pages\/410\/revisions\/414"}],"wp:attachment":[{"href":"https:\/\/hq-empire.com\/index.php?rest_route=%2Fwp%2Fv2%2Fmedia&parent=410"}],"curies":[{"name":"wp","href":"https:\/\/api.w.org\/{rel}","templated":true}]}}