{"id":419,"date":"2021-07-26T04:44:31","date_gmt":"2021-07-26T04:44:31","guid":{"rendered":"https:\/\/demo.joycathouse.com\/?page_id=419"},"modified":"2021-07-26T04:44:31","modified_gmt":"2021-07-26T04:44:31","slug":"quyen-loi-cua-khach-hang","status":"publish","type":"page","link":"https:\/\/hq-empire.com\/?page_id=419","title":{"rendered":"QUY\u1ec0N L\u1ee2I C\u1ee6A KH\u00c1CH H\u00c0NG"},"content":{"rendered":"\n<p><em>Trong x\u00e3 h\u1ed9i ng\u00e0y nay, s\u1eed d\u1ee5ng nh\u1eefng d\u1ecbch v\u1ee5 th\u00f4ng minh c\u0169ng nh\u01b0 l\u00e0 m\u1ed9t h\u00ecnh th\u1ee9c ti\u1ebft ki\u1ec7m t\u00e0i ch\u00ednh cho ch\u00ednh b\u1ea3n th\u00e2n b\u1ea1n.<\/em><\/p>\n\n\n\n<p><strong>HQ-empire t\u1ecda l\u1ea1c t\u1ea1i s\u1ed1 29 ph\u1ed1 Nguy\u1ec5n H\u1eefu Hu\u00e2n, Ho\u00e0n Ki\u1ebfm &#8211; H\u00e0 N\u1ed9i&nbsp;<em>(tr\u00ean&nbsp;<strong>&nbsp;l\u1ea7u 2, c\u00f3 l\u1ed1i \u0111i ri\u00eang v\u00e0 balcony nh\u00ecn xu\u1ed1ng ph\u1ed1)<\/strong><\/em>.<\/strong><\/p>\n\n\n\n<div class=\"wp-block-image\"><figure class=\"aligncenter size-full\"><img loading=\"lazy\" decoding=\"async\" width=\"550\" height=\"379\" src=\"https:\/\/demo.joycathouse.com\/wp-content\/uploads\/2021\/07\/20131122_524f55682f884fe6186434356356a38e_1385135879-1.jpg\" alt=\"\" class=\"wp-image-420\" srcset=\"https:\/\/hq-empire.com\/wp-content\/uploads\/2021\/07\/20131122_524f55682f884fe6186434356356a38e_1385135879-1.jpg 550w, https:\/\/hq-empire.com\/wp-content\/uploads\/2021\/07\/20131122_524f55682f884fe6186434356356a38e_1385135879-1-300x207.jpg 300w\" sizes=\"auto, (max-width: 550px) 100vw, 550px\" \/><\/figure><\/div>\n\n\n\n<p><strong>Ch\u00ednh v\u00ec v\u1eady, m\u1ecdi chi ph\u00ed t\u00ednh v\u00e0o s\u1ea3n ph\u1ea9m m\u00e0 \u0111\u00e1ng ra kh\u00e1ch h\u00e0ng ph\u1ea3i tr\u1ea3 nh\u01b0 ti\u1ec1n thu\u00ea m\u1eb7t ti\u1ec1n ph\u1ed1 l\u1edbn, ti\u1ec1n thu\u00ea ng\u01b0\u1eddi b\u00e1n h\u00e0ng v\u00e0 c\u00e1c lo\u1ea1i chi ph\u00ed kh\u00e1c&#8230; s\u1ebd \u0111\u01b0\u1ee3c gi\u1ea3n l\u01b0\u1ee3c t\u1ed1i thi\u1ec3u. Chi ph\u00ed n\u00e0y s\u1ebd \u0111\u01b0\u1ee3c ho\u00e0n tr\u1ea3 m\u1ed9t c\u00e1ch th\u00f4ng minh cho ch\u00ednh nh\u1eefng ng\u01b0\u1eddi s\u1eed d\u1ee5ng d\u1ecbch v\u1ee5 c\u1ee7a HQ b\u1eb1ng c\u00e1ch :<\/strong><\/p>\n\n\n\n<p><strong><br>B\u1ea5t k\u1ef3 ai khi \u0111\u1eb7t may m\u1ed9t b\u1ed9 suit c\u1ee7a HQ s\u1ebd \u0111\u01b0\u1ee3c l\u1ea5y th\u00f4ng tin g\u1ed3m : T\u00ean h\u1ecd \u0111\u1ea7y \u0111\u1ee7, s\u1ed1 \u0111i\u1ec7n tho\u1ea1i c\u00e1 nh\u00e2n. M\u1ecdi th\u00f4ng tin n\u00e0y s\u1ebd l\u01b0u tr\u1eef theo m\u00e3 s\u1ed1 kh\u00e1ch h\u00e0ng b\u1edfi b\u1ea5t k\u1ef3 b\u1ed9 suit n\u00e0o may ra c\u0169ng \u0111\u1ec1u ghi d\u1ea5u \u1ea5n c\u1ea3 nh\u00e2n c\u1ee7a t\u1eebng ng\u01b0\u1eddi s\u1edf h\u1eefu n\u00f3. \u0110\u00e2y l\u00e0 m\u1ed9t \u0111i\u1ec1u \u0111\u1eb7c bi\u1ec7t \u0111\u1ed1i v\u1edbi nh\u1eefng kh\u00e1ch h\u00e0ng c\u1ee7a HQ v\u00ec c\u00f3 th\u1ec3 \u0111\u00e2y l\u00e0 l\u1ea7n \u0111\u1ea7u ti\u00ean h\u1ecd s\u1edf h\u1eefu m\u1ed9t s\u1ea3n ph\u1ea9m mang ch\u00ednh t\u00ean c\u1ee7a m\u00ecnh \u0111\u01b0\u1ee3c th\u00eau tay tr\u00ean nh\u1eefng chi\u1ebfc tem v\u00e0 g\u1eafn v\u00e0o b\u00ean trong \u00e1o &#8211; Ch\u1ec9 khi b\u1ea1n may b\u1ed9 suit, b\u1ea1n m\u1edbi c\u00f3 m\u00e3 s\u1ed1 kh\u00e1ch h\u00e0ng n\u00e0y :<\/strong><\/p>\n\n\n\n<div class=\"wp-block-image\"><figure class=\"aligncenter size-full\"><img loading=\"lazy\" decoding=\"async\" width=\"550\" height=\"825\" src=\"https:\/\/demo.joycathouse.com\/wp-content\/uploads\/2021\/07\/550b1-1.jpg\" alt=\"\" class=\"wp-image-421\" srcset=\"https:\/\/hq-empire.com\/wp-content\/uploads\/2021\/07\/550b1-1.jpg 550w, https:\/\/hq-empire.com\/wp-content\/uploads\/2021\/07\/550b1-1-200x300.jpg 200w\" sizes=\"auto, (max-width: 550px) 100vw, 550px\" \/><\/figure><\/div>\n\n\n\n<p><strong>Ch\u00ednh \u0111i\u1ec1u n\u00e0y t\u1ea1o cho b\u1ea1n m\u1ed9t s\u1ef1 kh\u00e1c bi\u1ec7t l\u1edbn khi m\u1eb7c nh\u1eefng chi\u1ebfc \u00e1o c\u00f3 th\u00eau t\u00ean :<br><\/strong><\/p>\n\n\n\n<p><strong>\u00a0&#8211; Khi \u0111i v\u00e0o kh\u00e1ch s\u1ea1n hay khi s\u1eed d\u1ee5ng d\u1ecbch v\u1ee5 gi\u1eb7t kh\u00f4, nh\u00e2n vi\u00ean s\u1ebd kh\u00f4ng bao gi\u1edd c\u1ea7n h\u1ecfi t\u00ean b\u1ea1n. V\u00e0 \u0111\u01b0\u01a1ng nhi\u00ean, kh\u00f4ng bao gi\u1edd c\u00f3 s\u1ef1 nh\u1ea7m l\u1eabn !<br>&#8211; Khi \u0111\u1ec3 qu\u00ean chi\u1ebfc \u00e1o t\u1ea1i c\u00f4ng s\u1edf, ai c\u0169ng nh\u1eadn ra n\u00f3 v\u00e0 c\u1ea5t \u0111i gi\u00f9m b\u1ea1n.<br>&#8211; Khi ti\u1ebfp x\u00fac v\u1edbi c\u00e1c \u0111\u1ed1i t\u00e1c n\u01b0\u1edbc ngo\u00e0i, \u0111\u00e2y l\u00e0 \u0111i\u1ec1u khi\u1ebfn cho h\u1ecd n\u1ec3 ph\u1ee5c b\u1ea1n v\u00ec b\u1ea1n l\u00e0 ng\u01b0\u1eddi \u0111ang m\u1eb7c m\u1ed9t chi\u1ebfc \u00e1o &#8220;c\u00f3 t\u00ean ri\u00eang v\u00e0 c\u00f3 \u0111\u00e1nh s\u1ed1 th\u1ee9 t\u1ef1&#8221; !<br><br>R\u1ea5t nhi\u1ec1u ti\u1ec7n \u00edch kh\u00e1c n\u1eefa \u0111\u1ec3 kh\u1eb3ng \u0111\u1ecbnh c\u00e1i T\u00d4I c\u1ee7a b\u1ea1n&#8230;<br>Ngo\u00e0i ra c\u00f2n m\u1ed9t \u0111i\u1ec1u v\u00f4 c\u00f9ng quan tr\u1ecdng n\u1eefa gi\u00fap b\u1ea1n v\u00e0 c\u0169ng gi\u00fap ch\u00ednh HQ ti\u1ebfn h\u00e0nh s\u1ef1 nh\u00e2n b\u1ea3n \u0111\u00f3 l\u00e0 nh\u1eefng \u00edch l\u1ee3i th\u1ef1c t\u1ebf d\u00e0nh cho b\u1ea1n nh\u01b0 \u0111\u00e3 n\u00f3i \u1edf ph\u1ea7n tr\u00ean &#8211;\u00a0Ho\u00e0n tr\u1ea3 m\u1ed9t c\u00e1ch th\u00f4ng minh cho ch\u00ednh nh\u1eefng ng\u01b0\u1eddi s\u1eed d\u1ee5ng d\u1ecbch v\u1ee5 c\u1ee7a HQ :<br><br><span style=\"color:#fa0004\" class=\"has-inline-color\">N\u1ebeU B\u1ea0N \u0110\u00c3 L\u00c0 KH\u00c1CH C\u1ee6A HQ V\u00c0 \u0110\u00c3 C\u00d3 M\u00c3 S\u1ed0 KH\u00c1CH H\u00c0NG. KHI B\u1ea0N M\u1eb6C S\u1ea2N PH\u1ea8M C\u1ee6A HQ V\u00c0 AI \u0110\u00d3 KHEN V\u00c0 XIN \u0110\u1ecaA CH\u1ec8 \u0110\u1ec2 MAY, B\u1ea0N CH\u1ec8 VI\u1ec6C GI\u1edaI THI\u1ec6U H\u1ecc TI\u1ebeP T\u1ee4C T\u1edaI L\u00c0M KH\u00c1CH C\u1ee6A HQ. HQ S\u1ebc TRI \u00c2N B\u1ea0N B\u1eb0NG C\u00c1CH T\u1eb6NG B\u1ea0N\u00a0MI\u1ec4N PH\u00cd TI\u1ec0N C\u00d4NG MAY M\u1ed8T QU\u1ea6N \u00c2U\u00a0HO\u1eb6C TI\u1ec0N C\u00d4NG MAY M\u1ed8T \u00c1O S\u01a0-MI. T\u00d9Y THEO B\u1ea0N L\u1ef0A CH\u1eccN<\/span><span style=\"color:#a30028\" class=\"has-inline-color\">\u00a0<\/span>&#8211; V\u00e0 \u0111i\u1ec1u n\u00e0y s\u1ebd kh\u00f4ng quy \u0111\u1ed5i ra th\u00e0nh ti\u1ec1n m\u1eb7t, b\u1ea1n ch\u1ec9 nh\u1eadn \u0111\u01b0\u1ee3c n\u00f3 khi ti\u1ebfp t\u1ee5c \u0111\u1eb7t may c\u1ee7a HQ.<br><br>Hay r\u00f5 h\u01a1n : Khi ai \u0111\u00f3 th\u1ea5y b\u1ea1n m\u1eb7c \u0111\u1eb9p\u00a0<em>(b\u1ea1n ch\u00fa \u00fd l\u00e0 kh\u00f4ng c\u1ea7n gi\u1edbi thi\u1ec7u g\u00ec v\u1ec1 ch\u00fang t\u00f4i c\u1ea3 n\u1ebfu ch\u01b0a c\u00f3 ai khen b\u1ea1n m\u1eb7c \u0111\u1eb9p nh\u00e9)<\/em>\u00a0v\u00e0 h\u1ecfi b\u1ea1n \u0111\u1ecba ch\u1ec9 may b\u1ed9 suit b\u1ea1n \u0111ang m\u1eb7c. B\u1ea1n ch\u1ec9 vi\u1ec7c cho h\u1ecd th\u00f4ng tin \u0111\u1ecba ch\u1ec9, s\u1ed1 \u0111i\u1ec7n tho\u1ea1i c\u1ee7a\u00a0<a href=\"http:\/\/hq-empire.com\/index.php?dispatch=pages.view&amp;page_id=1\">HQ-emp\u1ec9e<\/a>. Khi h\u1ecd ch\u1ee7 \u0111\u1ed9ng g\u1ecdi \u0111i\u1ec7n n\u00f3i h\u1ecd s\u1ebd qua HQ may v\u00e0 \u0111\u01b0\u1ee3c b\u1ea1n gi\u1edbi thi\u1ec7u. HQ s\u1ebd ngay l\u1eadp t\u1ee9c li\u00ean l\u1ea1c v\u1edbi b\u1ea1n \u0111\u1ec3 t\u1eb7ng b\u1ea1n nh\u01b0ng m\u00f3n qu\u00e0 tr\u00ean. Ch\u00fa \u00fd, qu\u00e0 t\u1eb7ng s\u1ebd ch\u1ec9 di\u1ec5n ra c\u00f9ng th\u1eddi \u0111i\u1ec3m ng\u01b0\u1eddi b\u1ea1n c\u1ee7a b\u1ea1n \u0111ang s\u1eed d\u1ee5ng d\u1ecbch v\u1ee5 c\u1ee7a HQ.<\/strong><\/p>\n\n\n\n<p><strong><span style=\"color:#fa0004\" class=\"has-inline-color\">T\u1ea1i m\u1ee5c d\u00e0nh \u0111\u1ec3 comment b\u00ean d\u01b0\u1edbi \u0111\u00e2y, b\u1ea1n c\u00f3 th\u1ec3 trao \u0111\u1ed5i tr\u1ef1c ti\u1ebfp m\u1ecdi th\u1eafc m\u1eafc v\u1edbi HQ-empire. M\u1ecdi c\u00e2u h\u1ecfi c\u1ee7a c\u00e1c b\u1ea1n s\u1ebd \u0111\u01b0\u1ee3c t\u00f4i ph\u1ea3n h\u1ed3i trong th\u1eddi gian s\u1edbm nh\u1ea5t.<\/span><\/strong><\/p>\n\n\n\n<p class=\"has-text-align-right\"><strong>Xin c\u1ea3m \u01a1n !<\/strong><\/p>\n\n\n\n<p class=\"has-text-align-right\"><strong>&#8211; Ho\u00e0ng Th\u00e0nh Quang &#8211;<\/strong><\/p>\n","protected":false},"excerpt":{"rendered":"<p>Trong x\u00e3 h\u1ed9i ng\u00e0y nay, s\u1eed d\u1ee5ng nh\u1eefng d\u1ecbch v\u1ee5 th\u00f4ng minh c\u0169ng nh\u01b0 l\u00e0 m\u1ed9t h\u00ecnh th\u1ee9c ti\u1ebft ki\u1ec7m &hellip; <a href=\"https:\/\/hq-empire.com\/?page_id=419\" class=\"more-link\"><span class=\"more-button\">Read More<span class=\"screen-reader-text\">QUY\u1ec0N L\u1ee2I C\u1ee6A KH\u00c1CH H\u00c0NG<\/span><\/span><\/a><\/p>\n","protected":false},"author":1,"featured_media":0,"parent":0,"menu_order":0,"comment_status":"closed","ping_status":"closed","template":"","meta":{"footnotes":""},"class_list":["post-419","page","type-page","status-publish","hentry"],"_links":{"self":[{"href":"https:\/\/hq-empire.com\/index.php?rest_route=\/wp\/v2\/pages\/419","targetHints":{"allow":["GET"]}}],"collection":[{"href":"https:\/\/hq-empire.com\/index.php?rest_route=\/wp\/v2\/pages"}],"about":[{"href":"https:\/\/hq-empire.com\/index.php?rest_route=\/wp\/v2\/types\/page"}],"author":[{"embeddable":true,"href":"https:\/\/hq-empire.com\/index.php?rest_route=\/wp\/v2\/users\/1"}],"replies":[{"embeddable":true,"href":"https:\/\/hq-empire.com\/index.php?rest_route=%2Fwp%2Fv2%2Fcomments&post=419"}],"version-history":[{"count":1,"href":"https:\/\/hq-empire.com\/index.php?rest_route=\/wp\/v2\/pages\/419\/revisions"}],"predecessor-version":[{"id":423,"href":"https:\/\/hq-empire.com\/index.php?rest_route=\/wp\/v2\/pages\/419\/revisions\/423"}],"wp:attachment":[{"href":"https:\/\/hq-empire.com\/index.php?rest_route=%2Fwp%2Fv2%2Fmedia&parent=419"}],"curies":[{"name":"wp","href":"https:\/\/api.w.org\/{rel}","templated":true}]}}