{"id":489,"date":"2021-07-26T06:31:24","date_gmt":"2021-07-26T06:31:24","guid":{"rendered":"https:\/\/demo.joycathouse.com\/?page_id=489"},"modified":"2021-07-26T06:31:25","modified_gmt":"2021-07-26T06:31:25","slug":"cap-doi-ngoc-thang-quynh-trang","status":"publish","type":"page","link":"https:\/\/hq-empire.com\/?page_id=489","title":{"rendered":"C\u1eb6P \u0110\u00d4I NG\u1eccC TH\u1eaeNG &#8211; QU\u1ef2NH TRANG"},"content":{"rendered":"\n<p><strong>C\u00e1c b\u1ea1n h\u00e3y d\u00e0nh \u00edt ph\u00fat xem Clip \u0111\u01b0\u1ee3c th\u1ef1c hi\u1ec7n r\u1ea5t c\u00f4ng phu v\u00e0 \u0111\u1eb9p c\u1ee7a ch\u00fa r\u1ec3 Ng\u1ecdc Th\u1eafng v\u00e0 c\u00f4 d\u00e2u Qu\u1ef3nh Trang trong l\u1ec5 c\u01b0\u1edbi v\u00e0o ng\u00e0y 04\/09\/2014 v\u1eeba r\u1ed3i. V\u00e0 HQ-EMPIRE ch\u00ednh l\u00e0 ng\u01b0\u1eddi th\u1ef1c hi\u1ec7n cho ch\u00fa r\u1ec3 2 b\u1ed9 ho\u00e0n ch\u1ec9nh m\u1eb7c trong h\u00f4n l\u1ec5&nbsp;<em>( g\u1ed3m s\u01a1-mi tr\u1eafng c\u00f9ng 1 b\u1ed9 Royal Blue v\u00e0 1 b\u1ed9 Navy Blue &#8211; t\u1ea5t c\u1ea3 \u0111\u1ec1u v\u1ea3i Italia )<\/em>. V\u00e0 th\u00eam m\u1ed9t b\u1ed9 n\u1eefa l\u00e0 cho b\u1ed1 c\u1ee7a ch\u00fa r\u1ec3 &#8211; B\u00e1c Ng\u1ecdc Gi\u00e1o, c\u0169ng do HQ-EMPIRE th\u1ef1c hi\u1ec7n. HQ r\u1ea5t vui v\u00ec t\u1ea1o ra nh\u1eefng b\u1ed9 suit \u01b0ng \u00fd trong ng\u00e0y h\u1ea1nh ph\u00fac c\u1ee7a c\u00e1c b\u1ea1n. Ch\u00fac 2 b\u1ea1n lu\u00f4n h\u1ea1nh ph\u00fac, \u0111\u1ea7u b\u1ea1c r\u0103ng long lu\u00f4n b\u00ean nhau&#8230;<\/strong><\/p>\n\n\n\n<div class=\"wp-block-image\"><figure class=\"aligncenter size-full\"><img loading=\"lazy\" decoding=\"async\" width=\"550\" height=\"418\" src=\"https:\/\/demo.joycathouse.com\/wp-content\/uploads\/2021\/07\/000027.jpg\" alt=\"\" class=\"wp-image-490\" srcset=\"https:\/\/hq-empire.com\/wp-content\/uploads\/2021\/07\/000027.jpg 550w, https:\/\/hq-empire.com\/wp-content\/uploads\/2021\/07\/000027-300x228.jpg 300w\" sizes=\"auto, (max-width: 550px) 100vw, 550px\" \/><\/figure><\/div>\n\n\n\n<p><strong>Ngay hi\u1ec7n t\u1ea1i hay 10 n\u0103m sau th\u1eadm ch\u00ed 40-50 n\u0103m sau con c\u00e1i c\u1ee7a c\u00e1c b\u1ea1n khi xem l\u1ea1i Video Clip n\u00e0y v\u1eabn s\u1ebd th\u1ea5y &#8220;\u00d4ng-Cha&#8221; c\u1ee7a m\u00ecnh m\u1eb7c th\u1eadt \u0111\u1eb9p. \u0110\u01a1n gi\u1ea3n b\u1edfi \u0111\u00f3 l\u00e0 nh\u1eefng b\u1ed9 suit Timeless, b\u1ed9 suit \u0111i c\u00f9ng v\u1edbi th\u1eddi gian v\u00e0 n\u00f3 kh\u00f4ng ch\u1ec9 \u0111\u1ec3 m\u1eb7c duy nh\u1ea5t m\u1ed9t l\u1ea7n trong ng\u00e0y c\u01b0\u1edbi&#8230;<\/strong>http:\/\/www.youtube.com\/embed\/-tEt1YwpAoQ<\/p>\n\n\n\n<div class=\"wp-block-image\"><figure class=\"aligncenter size-full\"><img loading=\"lazy\" decoding=\"async\" width=\"550\" height=\"367\" src=\"https:\/\/demo.joycathouse.com\/wp-content\/uploads\/2021\/07\/1497683_779802202069887_4890739196898189314_n.jpg\" alt=\"\" class=\"wp-image-491\" srcset=\"https:\/\/hq-empire.com\/wp-content\/uploads\/2021\/07\/1497683_779802202069887_4890739196898189314_n.jpg 550w, https:\/\/hq-empire.com\/wp-content\/uploads\/2021\/07\/1497683_779802202069887_4890739196898189314_n-300x200.jpg 300w\" sizes=\"auto, (max-width: 550px) 100vw, 550px\" \/><\/figure><\/div>\n\n\n\n<div class=\"wp-block-image\"><figure class=\"aligncenter size-full\"><img loading=\"lazy\" decoding=\"async\" width=\"550\" height=\"367\" src=\"https:\/\/demo.joycathouse.com\/wp-content\/uploads\/2021\/07\/10606057_779802645403176_339930035337766724_n.jpg\" alt=\"\" class=\"wp-image-492\" srcset=\"https:\/\/hq-empire.com\/wp-content\/uploads\/2021\/07\/10606057_779802645403176_339930035337766724_n.jpg 550w, https:\/\/hq-empire.com\/wp-content\/uploads\/2021\/07\/10606057_779802645403176_339930035337766724_n-300x200.jpg 300w\" sizes=\"auto, (max-width: 550px) 100vw, 550px\" \/><\/figure><\/div>\n\n\n\n<div class=\"wp-block-image\"><figure class=\"aligncenter size-full\"><img loading=\"lazy\" decoding=\"async\" width=\"550\" height=\"367\" src=\"https:\/\/demo.joycathouse.com\/wp-content\/uploads\/2021\/07\/10646804_779806745402766_7515795755317168670_n.jpg\" alt=\"\" class=\"wp-image-493\" srcset=\"https:\/\/hq-empire.com\/wp-content\/uploads\/2021\/07\/10646804_779806745402766_7515795755317168670_n.jpg 550w, https:\/\/hq-empire.com\/wp-content\/uploads\/2021\/07\/10646804_779806745402766_7515795755317168670_n-300x200.jpg 300w\" sizes=\"auto, (max-width: 550px) 100vw, 550px\" \/><\/figure><\/div>\n\n\n\n<div class=\"wp-block-image\"><figure class=\"aligncenter size-full\"><img loading=\"lazy\" decoding=\"async\" width=\"550\" height=\"367\" src=\"https:\/\/demo.joycathouse.com\/wp-content\/uploads\/2021\/07\/10665376_779802028736571_4572102763390354524_n.jpg\" alt=\"\" class=\"wp-image-494\" srcset=\"https:\/\/hq-empire.com\/wp-content\/uploads\/2021\/07\/10665376_779802028736571_4572102763390354524_n.jpg 550w, https:\/\/hq-empire.com\/wp-content\/uploads\/2021\/07\/10665376_779802028736571_4572102763390354524_n-300x200.jpg 300w\" sizes=\"auto, (max-width: 550px) 100vw, 550px\" \/><\/figure><\/div>\n","protected":false},"excerpt":{"rendered":"<p>C\u00e1c b\u1ea1n h\u00e3y d\u00e0nh \u00edt ph\u00fat xem Clip \u0111\u01b0\u1ee3c th\u1ef1c hi\u1ec7n r\u1ea5t c\u00f4ng phu v\u00e0 \u0111\u1eb9p c\u1ee7a ch\u00fa r\u1ec3 Ng\u1ecdc &hellip; <a href=\"https:\/\/hq-empire.com\/?page_id=489\" class=\"more-link\"><span class=\"more-button\">Read More<span class=\"screen-reader-text\">C\u1eb6P \u0110\u00d4I NG\u1eccC TH\u1eaeNG &#8211; QU\u1ef2NH TRANG<\/span><\/span><\/a><\/p>\n","protected":false},"author":1,"featured_media":0,"parent":0,"menu_order":0,"comment_status":"closed","ping_status":"closed","template":"","meta":{"footnotes":""},"class_list":["post-489","page","type-page","status-publish","hentry"],"_links":{"self":[{"href":"https:\/\/hq-empire.com\/index.php?rest_route=\/wp\/v2\/pages\/489","targetHints":{"allow":["GET"]}}],"collection":[{"href":"https:\/\/hq-empire.com\/index.php?rest_route=\/wp\/v2\/pages"}],"about":[{"href":"https:\/\/hq-empire.com\/index.php?rest_route=\/wp\/v2\/types\/page"}],"author":[{"embeddable":true,"href":"https:\/\/hq-empire.com\/index.php?rest_route=\/wp\/v2\/users\/1"}],"replies":[{"embeddable":true,"href":"https:\/\/hq-empire.com\/index.php?rest_route=%2Fwp%2Fv2%2Fcomments&post=489"}],"version-history":[{"count":1,"href":"https:\/\/hq-empire.com\/index.php?rest_route=\/wp\/v2\/pages\/489\/revisions"}],"predecessor-version":[{"id":496,"href":"https:\/\/hq-empire.com\/index.php?rest_route=\/wp\/v2\/pages\/489\/revisions\/496"}],"wp:attachment":[{"href":"https:\/\/hq-empire.com\/index.php?rest_route=%2Fwp%2Fv2%2Fmedia&parent=489"}],"curies":[{"name":"wp","href":"https:\/\/api.w.org\/{rel}","templated":true}]}}