{"id":497,"date":"2021-07-26T06:32:55","date_gmt":"2021-07-26T06:32:55","guid":{"rendered":"https:\/\/demo.joycathouse.com\/?page_id=497"},"modified":"2021-07-26T06:32:56","modified_gmt":"2021-07-26T06:32:56","slug":"cap-doi-nhat-truong-thanh-ha","status":"publish","type":"page","link":"https:\/\/hq-empire.com\/?page_id=497","title":{"rendered":"C\u1eb6P \u0110\u00d4I NH\u1eacT TR\u01af\u1edcNG &#8211; THANH H\u00c0"},"content":{"rendered":"\n<p><strong>HQ-EMPIRE t\u1ef1 h\u00e0o may suit cho r\u1ea5t nhi\u1ec1u ch\u00fa r\u1ec3 trong &#8220;Ng\u00e0y H\u1ea1nh Ph\u00fac&#8221;. Nh\u1eefng b\u1ee9c \u1ea3nh c\u01b0\u1edbi lu\u00f4n mang nh\u1eefng gi\u00e1 tr\u1ecb v\u01b0\u1ee3t th\u1eddi gian \u0111\u1ec3 20-30 th\u1eadm ch\u00ed 50-60 n\u0103m n\u1eefa khi m\u00e1i \u0111\u1ea7u c\u00f4 d\u00e2u ch\u00fa r\u1ec3 \u0111\u00e3 b\u1ea1c r\u1eafng v\u00e0 c\u00e1c th\u1ebf h\u1ec7 con ch\u00e1u c\u1ee7a h\u1ecd mang nh\u1eefng t\u1ea5m h\u00ecnh c\u01b0\u1edbi \u00f4ng b\u00e0, b\u1ed1 m\u1eb9 m\u00ecnh ra v\u00e0 xem l\u1ea1i. H\u1ecd s\u1ebd th\u1ea5y l\u1ea1i h\u00ecnh \u1ea3nh c\u1ee7a ta t\u1eeb nh\u1eefng ng\u00e0y \u1ea5y&#8230; Ng\u00e0y \u1ea5y ch\u00fang ta l\u00e0 nh\u1eefng c\u00f4 d\u00e2u v\u00e0 ch\u00fa r\u1ec3 th\u1eadt \u0111\u1eb9p, r\u1ea1ng ng\u1eddi, ng\u1eadp tr\u00e0n h\u00e0nh ph\u00fac tu\u1ed5i thanh xu\u00e2n&#8230;<\/strong><\/p>\n\n\n\n<p><strong>Hai b\u1ea1n tr\u1ebb Nh\u1eadt Tr\u01b0\u1eddng v\u00e0 Thanh H\u00e0 \u0111\u00e3 t\u1ed5 ch\u1ee9c \u0111\u00e1m c\u01b0\u1edbi v\u00e0o ng\u00e0y 20\/10\/2014 v\u1eeba r\u1ed3i, tr\u01b0\u1edbc \u0111\u00f3 2 b\u1ea1n tr\u1ebb \u0111\u00e3 tin t\u01b0\u1edfng \u0111\u1eb7t HQ-EMPIRE to\u00e0n b\u1ed9 trang ph\u1ee5c c\u01b0\u1edbi c\u01b0\u1edbi cho ch\u00fa r\u1ec3 v\u1edbi s\u01a1-mi tr\u1eafng d\u1eadp v\u00e2n n\u1ed5i k\u1ebft h\u1ee3p v\u1edbi suit m\u00e0u \u0111en truy\u1ec1n th\u1ed1ng \u0111\u1ea7y nam t\u00ednh&#8230;<\/strong><\/p>\n\n\n\n<div class=\"wp-block-image\"><figure class=\"aligncenter size-full\"><img loading=\"lazy\" decoding=\"async\" width=\"550\" height=\"550\" src=\"https:\/\/demo.joycathouse.com\/wp-content\/uploads\/2021\/07\/000028.jpg\" alt=\"\" class=\"wp-image-498\" srcset=\"https:\/\/hq-empire.com\/wp-content\/uploads\/2021\/07\/000028.jpg 550w, https:\/\/hq-empire.com\/wp-content\/uploads\/2021\/07\/000028-300x300.jpg 300w, https:\/\/hq-empire.com\/wp-content\/uploads\/2021\/07\/000028-150x150.jpg 150w, https:\/\/hq-empire.com\/wp-content\/uploads\/2021\/07\/000028-100x100.jpg 100w, https:\/\/hq-empire.com\/wp-content\/uploads\/2021\/07\/000028-60x60.jpg 60w\" sizes=\"auto, (max-width: 550px) 100vw, 550px\" \/><\/figure><\/div>\n\n\n\n<p><strong>H\u00e3y c\u00f9ng v\u1edbi HQ-EMPIRE ch\u00fang t\u00f4i ng\u1eafm \u1ea3nh c\u01b0\u1edbi c\u1ee7a 2 b\u1ea1n tr\u1ebb n\u00e0y nh\u00e9 :<\/strong><\/p>\n\n\n\n<div class=\"wp-block-image\"><figure class=\"aligncenter size-full\"><img loading=\"lazy\" decoding=\"async\" width=\"550\" height=\"825\" src=\"https:\/\/demo.joycathouse.com\/wp-content\/uploads\/2021\/07\/IMG_0626.jpg\" alt=\"\" class=\"wp-image-499\" srcset=\"https:\/\/hq-empire.com\/wp-content\/uploads\/2021\/07\/IMG_0626.jpg 550w, https:\/\/hq-empire.com\/wp-content\/uploads\/2021\/07\/IMG_0626-200x300.jpg 200w\" sizes=\"auto, (max-width: 550px) 100vw, 550px\" \/><\/figure><\/div>\n\n\n\n<div class=\"wp-block-image\"><figure class=\"aligncenter size-full\"><img loading=\"lazy\" decoding=\"async\" width=\"550\" height=\"367\" src=\"https:\/\/demo.joycathouse.com\/wp-content\/uploads\/2021\/07\/IMG_0635.jpg1_.jpg\" alt=\"\" class=\"wp-image-500\" srcset=\"https:\/\/hq-empire.com\/wp-content\/uploads\/2021\/07\/IMG_0635.jpg1_.jpg 550w, https:\/\/hq-empire.com\/wp-content\/uploads\/2021\/07\/IMG_0635.jpg1_-300x200.jpg 300w\" sizes=\"auto, (max-width: 550px) 100vw, 550px\" \/><\/figure><\/div>\n\n\n\n<div class=\"wp-block-image\"><figure class=\"aligncenter size-full\"><img loading=\"lazy\" decoding=\"async\" width=\"550\" height=\"825\" src=\"https:\/\/demo.joycathouse.com\/wp-content\/uploads\/2021\/07\/Graphic1.jpgok_.jpg\" alt=\"\" class=\"wp-image-501\" srcset=\"https:\/\/hq-empire.com\/wp-content\/uploads\/2021\/07\/Graphic1.jpgok_.jpg 550w, https:\/\/hq-empire.com\/wp-content\/uploads\/2021\/07\/Graphic1.jpgok_-200x300.jpg 200w\" sizes=\"auto, (max-width: 550px) 100vw, 550px\" \/><\/figure><\/div>\n\n\n\n<div class=\"wp-block-image\"><figure class=\"aligncenter size-full\"><img loading=\"lazy\" decoding=\"async\" width=\"550\" height=\"367\" src=\"https:\/\/demo.joycathouse.com\/wp-content\/uploads\/2021\/07\/Graphic1.jpgok_.jpgyess.jpg\" alt=\"\" class=\"wp-image-502\" srcset=\"https:\/\/hq-empire.com\/wp-content\/uploads\/2021\/07\/Graphic1.jpgok_.jpgyess.jpg 550w, https:\/\/hq-empire.com\/wp-content\/uploads\/2021\/07\/Graphic1.jpgok_.jpgyess-300x200.jpg 300w\" sizes=\"auto, (max-width: 550px) 100vw, 550px\" \/><\/figure><\/div>\n","protected":false},"excerpt":{"rendered":"<p>HQ-EMPIRE t\u1ef1 h\u00e0o may suit cho r\u1ea5t nhi\u1ec1u ch\u00fa r\u1ec3 trong &#8220;Ng\u00e0y H\u1ea1nh Ph\u00fac&#8221;. Nh\u1eefng b\u1ee9c \u1ea3nh c\u01b0\u1edbi lu\u00f4n mang &hellip; <a href=\"https:\/\/hq-empire.com\/?page_id=497\" class=\"more-link\"><span class=\"more-button\">Read More<span class=\"screen-reader-text\">C\u1eb6P \u0110\u00d4I NH\u1eacT TR\u01af\u1edcNG &#8211; THANH H\u00c0<\/span><\/span><\/a><\/p>\n","protected":false},"author":1,"featured_media":0,"parent":0,"menu_order":0,"comment_status":"closed","ping_status":"closed","template":"","meta":{"footnotes":""},"class_list":["post-497","page","type-page","status-publish","hentry"],"_links":{"self":[{"href":"https:\/\/hq-empire.com\/index.php?rest_route=\/wp\/v2\/pages\/497","targetHints":{"allow":["GET"]}}],"collection":[{"href":"https:\/\/hq-empire.com\/index.php?rest_route=\/wp\/v2\/pages"}],"about":[{"href":"https:\/\/hq-empire.com\/index.php?rest_route=\/wp\/v2\/types\/page"}],"author":[{"embeddable":true,"href":"https:\/\/hq-empire.com\/index.php?rest_route=\/wp\/v2\/users\/1"}],"replies":[{"embeddable":true,"href":"https:\/\/hq-empire.com\/index.php?rest_route=%2Fwp%2Fv2%2Fcomments&post=497"}],"version-history":[{"count":1,"href":"https:\/\/hq-empire.com\/index.php?rest_route=\/wp\/v2\/pages\/497\/revisions"}],"predecessor-version":[{"id":504,"href":"https:\/\/hq-empire.com\/index.php?rest_route=\/wp\/v2\/pages\/497\/revisions\/504"}],"wp:attachment":[{"href":"https:\/\/hq-empire.com\/index.php?rest_route=%2Fwp%2Fv2%2Fmedia&parent=497"}],"curies":[{"name":"wp","href":"https:\/\/api.w.org\/{rel}","templated":true}]}}