{"id":212,"date":"2021-07-25T01:47:42","date_gmt":"2021-07-25T01:47:42","guid":{"rendered":"https:\/\/demo.joycathouse.com\/?post_type=product&#038;p=212"},"modified":"2021-07-25T01:57:44","modified_gmt":"2021-07-25T01:57:44","slug":"212","status":"publish","type":"product","link":"https:\/\/hq-empire.com\/?product=212","title":{"rendered":"SUIT c\u1ed5 ve x\u1ebfch &#8211; 1 khuy"},"content":{"rendered":"<div class=\"central-column\">\n<div class=\"central-content\">\n<div class=\"mainbox-container details-page\">\n<div class=\"mainbox-body\">\n<div class=\"product-main-info\">\n<div id=\"tabs_content\" class=\"cm-tabs-content clear\">\n<div id=\"content_block_description\" class=\"wysiwyg-content\">\n<p><strong>Xu th\u1ebf cho nh\u1eefng b\u1ed9 Bespoke suit c\u1ee7a n\u0103m 2014 l\u00e0 b\u1ea3n ve \u0111\u00e3 to h\u01a1n nh\u1eefng n\u0103m tr\u01b0\u1edbc, d\u00e1ng \u00e1o \u00f4m v\u1eeba v\u1edbi c\u01a1 th\u1ec3 v\u00e0 \u1ed1ng tay nh\u1ecf. T\u00f9y v\u00e0o l\u1ee9a tu\u1ed5i v\u00e0 \u0111\u1ecba v\u1ecb c\u1ee7a b\u1ea1n, b\u1ea1n c\u00f3 th\u1ec3 may qu\u1ea7n kh\u00f4ng ly ho\u1eb7c 1 hay 2 ly&#8230;<\/strong><\/p>\n<p><strong>\u0110\u00e2y l\u00e0 b\u1ed9 suit \u0111\u01b0\u1ee3c may b\u1eb1ng v\u1ea3i VITALE BARBERIS CANONICO made in Italia &#8211;\u00a0L\u00e0 lo\u1ea1i v\u1ea3i c\u00f3 th\u00e0nh ph\u1ea7n 100% wool. Khi b\u1ed9 suit \u0111\u01b0\u1ee3c may b\u1eb1ng lo\u1ea1i v\u1ea3i n\u00e0y \u0111\u1ed3ng ngh\u0129a v\u1edbi vi\u1ec7c ch\u00fang ta ph\u1ea3i ch\u1ea5p nh\u1eadn mang ra ti\u1ec7m gi\u1eb7t kh\u00f4 to\u00e0n b\u1ed9 c\u1ea3 \u00e1o v\u00e0 qu\u1ea7n\u00a0sau m\u1ed7i l\u1ea7n\u00a0s\u1eed d\u1ee5ng.<\/strong><\/p>\n<p><strong>Khi b\u1ea1n \u0111\u1eb7t may b\u1eb1ng v\u1ea3i\u00a0VITALE BARBERIS CANONICO\u00a0n\u00e0y, h\u00e3ng v\u1ea3i c\u1ee7a Italia n\u00e0y s\u1ebd cung c\u1ea5p k\u00e8m tem nh\u00e3n c\u1ee7a ch\u1ee7ng lo\u1ea1i v\u1ea3i \u0111\u1ec3 b\u1ea1n c\u00f3 th\u1ec3 g\u1eafn v\u00e0o chi\u1ebfc \u00e1o m\u00e0 m\u00ecnh s\u1edf h\u1eefu. Do \u0111\u00f3, b\u1ea1n c\u00f3 th\u1ec3 t\u1ef1 h\u00e0o l\u00e0 m\u00ecnh \u0111ang s\u1edf h\u1eefu m\u1ed9t b\u1ed9 suit b\u1eb1ng m\u1ed9t trong nh\u1eefng lo\u1ea1i v\u1ea3i danh ti\u1ebfng c\u1ee7a th\u1ebf gi\u1edbi \u0111\u00e3 c\u00f3 kinh nghi\u1ec7m s\u1ea3n xu\u1ea5t tr\u00ean 350 n\u0103m.<\/strong><\/p>\n<p><strong>B\u1ed9 suit 1 khuy, c\u1ed5 ve x\u1ebfch n\u00e0y mang phong c\u00e1ch tr\u1ebb trung v\u1edbi nh\u1eefng s\u1ee3i v\u1ea3i \u0111\u01b0\u1ee3c d\u1ec7t gai n\u1ed5i, t\u1ea1o \u0111\u1ed9 ganh v\u00e0 sang trong cho chi\u1ebfc \u00e1o. N\u1ebfu c\u1ea7n thi\u1ebft t\u1ea1o th\u00eam s\u1ef1 sang tr\u1ecdng h\u01a1n n\u1eefa, b\u1ea1n c\u00f3 th\u1ec3 \u0111\u1eb7t may th\u00eam 1 chi\u1ebfc \u00e1o Jile 5 khuy. \u0110\u1ed1i v\u1edbi qu\u1ea7n, lo\u1ea1i g\u1ea5u l\u01a1-v\u00ea d\u00e0nh cho nh\u1eefng ai y\u00eau th\u00edch s\u1ef1 l\u1ecbch l\u00e3m. C\u00f2n n\u1ebfu \u00a0b\u1ea1n mu\u1ed1n t\u1ea1o s\u1ef1 tr\u1ebb trung h\u01a1n th\u00ec b\u1ea1n n\u00ean y\u00eau c\u1ea7u may g\u1ea5u qu\u1ea7n b\u00ecnh th\u01b0\u1eddng.<\/strong><\/p>\n<p><strong>Khi \u0111\u1eb7t may s\u1ea3n ph\u1ea9m n\u00e0y c\u1ee7a HQ, b\u1ea1n c\u1ea7n ph\u1ea3i qua 29 Nguy\u1ec5n H\u1eefu Hu\u00e2n, H\u00e0 N\u1ed9i\u00a0\u0111\u1ec3 ch\u1ecdn m\u1eabu v\u1ea3i, khi b\u1ea1n quy\u1ebft \u0111\u1ecbnh ch\u00fang t\u00f4i s\u1ebd \u0111\u1eb7t v\u1ea3i cho b\u1ea1n<em>\u00a0(th\u1eddi gian t\u1eeb 3-5 ng\u00e0y v\u1ea3i s\u1ebd \u0111\u01b0\u1ee3c chuy\u1ec3n v\u1ec1 t\u1eeb ch\u00e2u \u00c2u)<\/em>. Ch\u00fang t\u00f4i s\u1ebd h\u1eb9n b\u1ea1n 8 ng\u00e0y sau qua th\u1eed v\u00e0 sau \u0111\u00f3 ho\u00e0n thi\u1ec7n s\u1ebd m\u1ea5t 7 ng\u00e0y n\u1eefa&#8230;\u00a0Trung b\u00ecnh to\u00e0n b\u1ed9 qu\u00e1 tr\u00ecnh th\u1ef1c hi\u1ec7n m\u1ed9t b\u1ed9 Bespoke Suit cho b\u1ea1n b\u1eb1ng v\u1ea3i n\u00e0y s\u1ebd m\u1ea5t 20 ng\u00e0y.<\/strong><\/p>\n<p><img loading=\"lazy\" decoding=\"async\" class=\"aligncenter wp-image-215 size-full\" src=\"https:\/\/demo.joycathouse.com\/wp-content\/uploads\/2021\/07\/13150862164_fedceb9274_o.jpg\" alt=\"\" width=\"374\" height=\"226\" srcset=\"https:\/\/hq-empire.com\/wp-content\/uploads\/2021\/07\/13150862164_fedceb9274_o.jpg 374w, https:\/\/hq-empire.com\/wp-content\/uploads\/2021\/07\/13150862164_fedceb9274_o-300x181.jpg 300w\" sizes=\"auto, (max-width: 374px) 100vw, 374px\" \/><\/p>\n<p>&nbsp;<\/p>\n<p><strong><em>LABOR\u00a0PRICE\u00a0: USD 150 per 02 pcs suit &amp; USD 50 per gillet\/waistcoat, (2014)<\/em><\/strong><\/p>\n<p><img loading=\"lazy\" decoding=\"async\" class=\"aligncenter wp-image-214 size-full\" src=\"https:\/\/demo.joycathouse.com\/wp-content\/uploads\/2021\/07\/13371808194_96576405eb_o-1.jpg\" alt=\"\" width=\"550\" height=\"188\" srcset=\"https:\/\/hq-empire.com\/wp-content\/uploads\/2021\/07\/13371808194_96576405eb_o-1.jpg 550w, https:\/\/hq-empire.com\/wp-content\/uploads\/2021\/07\/13371808194_96576405eb_o-1-300x103.jpg 300w\" sizes=\"auto, (max-width: 550px) 100vw, 550px\" \/><\/p>\n<p>&nbsp;<\/p>\n<p><strong><img loading=\"lazy\" decoding=\"async\" class=\"aligncenter wp-image-213 size-full\" src=\"https:\/\/demo.joycathouse.com\/wp-content\/uploads\/2021\/07\/OKOK.png\" alt=\"\" width=\"333\" height=\"36\" srcset=\"https:\/\/hq-empire.com\/wp-content\/uploads\/2021\/07\/OKOK.png 333w, https:\/\/hq-empire.com\/wp-content\/uploads\/2021\/07\/OKOK-300x32.png 300w\" sizes=\"auto, (max-width: 333px) 100vw, 333px\" \/><\/strong><\/p>\n<\/div>\n<\/div>\n<\/div>\n<div class=\"product-details\"><\/div>\n<\/div>\n<\/div>\n<\/div>\n<\/div>\n<div class=\"left-column\">\n<div class=\"sidebox-categories-wrapper \">\n<h3 class=\"sidebox-title\"><\/h3>\n<\/div>\n<\/div>\n","protected":false},"excerpt":{"rendered":"<p>Xu th\u1ebf cho nh\u1eefng b\u1ed9 Bespoke suit c\u1ee7a n\u0103m 2014 l\u00e0 b\u1ea3n ve \u0111\u00e3 to h\u01a1n nh\u1eefng n\u0103m tr\u01b0\u1edbc, d\u00e1ng &hellip; <a href=\"https:\/\/hq-empire.com\/?product=212\" class=\"more-link\"><span class=\"more-button\">Read More<span class=\"screen-reader-text\">SUIT c\u1ed5 ve x\u1ebfch &#8211; 1 khuy<\/span><\/span><\/a><\/p>\n","protected":false},"featured_media":217,"comment_status":"closed","ping_status":"closed","template":"","meta":[],"product_cat":[17],"product_tag":[],"class_list":{"0":"post-212","1":"product","2":"type-product","3":"status-publish","4":"has-post-thumbnail","6":"product_cat-business-suits","8":"first","9":"instock","10":"shipping-taxable","11":"product-type-simple"},"_links":{"self":[{"href":"https:\/\/hq-empire.com\/index.php?rest_route=\/wp\/v2\/product\/212","targetHints":{"allow":["GET"]}}],"collection":[{"href":"https:\/\/hq-empire.com\/index.php?rest_route=\/wp\/v2\/product"}],"about":[{"href":"https:\/\/hq-empire.com\/index.php?rest_route=\/wp\/v2\/types\/product"}],"replies":[{"embeddable":true,"href":"https:\/\/hq-empire.com\/index.php?rest_route=%2Fwp%2Fv2%2Fcomments&post=212"}],"wp:featuredmedia":[{"embeddable":true,"href":"https:\/\/hq-empire.com\/index.php?rest_route=\/wp\/v2\/media\/217"}],"wp:attachment":[{"href":"https:\/\/hq-empire.com\/index.php?rest_route=%2Fwp%2Fv2%2Fmedia&parent=212"}],"wp:term":[{"taxonomy":"product_cat","embeddable":true,"href":"https:\/\/hq-empire.com\/index.php?rest_route=%2Fwp%2Fv2%2Fproduct_cat&post=212"},{"taxonomy":"product_tag","embeddable":true,"href":"https:\/\/hq-empire.com\/index.php?rest_route=%2Fwp%2Fv2%2Fproduct_tag&post=212"}],"curies":[{"name":"wp","href":"https:\/\/api.w.org\/{rel}","templated":true}]}}