{"id":222,"date":"2021-07-25T02:02:51","date_gmt":"2021-07-25T02:02:51","guid":{"rendered":"https:\/\/demo.joycathouse.com\/?post_type=product&#038;p=222"},"modified":"2021-07-25T02:02:51","modified_gmt":"2021-07-25T02:02:51","slug":"suit-co-ve-xech-2-hang-khuy-2","status":"publish","type":"product","link":"https:\/\/hq-empire.com\/?product=suit-co-ve-xech-2-hang-khuy-2","title":{"rendered":"SUIT c\u1ed5 ve x\u1ebfch &#8211; 2 h\u00e0ng khuy"},"content":{"rendered":"<div class=\"central-column\">\n<div class=\"central-content\">\n<div class=\"mainbox-container details-page\">\n<div class=\"mainbox-body\">\n<div class=\"product-main-info\">\n<div id=\"tabs_content\" class=\"cm-tabs-content clear\">\n<div id=\"content_block_description\" class=\"wysiwyg-content\">\n<p><strong>Nh\u1eefng b\u1ed9 Bespoke suit \u0111i c\u00f9ng th\u1eddi gian l\u00e0 d\u1ea1ng \u00e1o c\u00f3 ve x\u1ebfch &#8211; 2 h\u00e0ng khuy, d\u00e1ng \u00e1o \u00f4m v\u1eeba v\u1edbi c\u01a1 th\u1ec3 v\u00e0 \u1ed1ng tay nh\u1ecf. T\u00f9y v\u00e0o l\u1ee9a tu\u1ed5i v\u00e0 \u0111\u1ecba v\u1ecb c\u1ee7a b\u1ea1n, b\u1ea1n c\u00f3 th\u1ec3 may qu\u1ea7n kh\u00f4ng ly ho\u1eb7c 1 hay 2 ly&#8230;<\/strong><\/p>\n<p><strong>\u0110\u00e2y l\u00e0 b\u1ed9 suit \u0111\u01b0\u1ee3c may b\u1eb1ng v\u1ea3i\u00a0HOLLAND &amp; SHERRY\u00a0made in England &#8211;\u00a0L\u00e0 lo\u1ea1i v\u1ea3i c\u00f3 th\u00e0nh ph\u1ea7n 100% wool. Khi b\u1ed9 suit \u0111\u01b0\u1ee3c may b\u1eb1ng lo\u1ea1i v\u1ea3i n\u00e0y \u0111\u1ed3ng ngh\u0129a v\u1edbi vi\u1ec7c ch\u00fang ta ph\u1ea3i ch\u1ea5p nh\u1eadn mang ra ti\u1ec7m gi\u1eb7t kh\u00f4 to\u00e0n b\u1ed9 c\u1ea3 \u00e1o v\u00e0 qu\u1ea7n\u00a0sau m\u1ed7i l\u1ea7n\u00a0s\u1eed d\u1ee5ng.<\/strong><\/p>\n<p><strong>Khi b\u1ea1n \u0111\u1eb7t may b\u1eb1ng v\u1ea3i\u00a0HOLLAND &amp; SHERRY\u00a0n\u00e0y, h\u00e3ng v\u1ea3i h\u00e0ng \u0111\u1ea7u c\u1ee7a n\u01b0\u1edbc Anh s\u1ebd cung c\u1ea5p k\u00e8m tem nh\u00e3n c\u1ee7a ch\u1ee7ng lo\u1ea1i v\u1ea3i \u0111\u1ec3 b\u1ea1n c\u00f3 th\u1ec3 g\u1eafn v\u00e0o chi\u1ebfc \u00e1o m\u00e0 m\u00ecnh s\u1edf h\u1eefu. Do \u0111\u00f3, b\u1ea1n c\u00f3 th\u1ec3 t\u1ef1 h\u00e0o l\u00e0 m\u00ecnh \u0111ang s\u1edf h\u1eefu m\u1ed9t b\u1ed9 suit b\u1eb1ng v\u1ea3i ch\u00ednh h\u00e3ng c\u1ee7a Anh Qu\u1ed1c v\u00e0 \u0111\u1ea3m b\u1ea3o l\u00e0 v\u1ea3i nh\u1eadp kh\u1ea9u v\u1ec1 theo y\u00eau c\u1ea7u c\u1ee7a c\u00e1 nh\u00e2n b\u1ea1n<em>.<\/em><\/strong><\/p>\n<p><strong>B\u1ed9 suit c\u00f3 3 t\u00fai \u00e1o \u0111\u01b0\u1ee3c c\u1eaft \u1edf th\u00e2n tr\u01b0\u1edbc t\u1ea1o sang tr\u1ecdng v\u00e0 quy\u1ec1n l\u1ef1c pha ch\u00fat c\u1ed5 \u0111i\u1ec3n cho ng\u01b0\u1eddi m\u1eb7c. B\u1ea1n c\u00f3 th\u1ec3 \u0111\u1eb7t may th\u00eam 1 chi\u1ebfc \u00e1o Jile 5 khuy n\u1eefa \u0111\u1ec3 th\u00eam ph\u1ea7n &#8220;b\u1ec1 th\u1ebf&#8221; khi m\u1eb7c c\u1ea3 b\u1ed9. \u0110\u1ed1i v\u1edbi qu\u1ea7n, lo\u1ea1i g\u1ea5u l\u01a1-v\u00ea d\u00e0nh cho nh\u1eefng ai y\u00eau th\u00edch s\u1ef1 l\u1ecbch l\u00e3m. C\u00f2n n\u1ebfu \u00a0b\u1ea1n mu\u1ed1n t\u1ea1o s\u1ef1 tr\u1ebb trung h\u01a1n th\u00ec b\u1ea1n n\u00ean y\u00eau c\u1ea7u may g\u1ea5u qu\u1ea7n b\u00ecnh th\u01b0\u1eddng.<\/strong><\/p>\n<p><strong>\u0110i\u1ec1u \u0111\u1eb7c bi\u1ec7t l\u00e0 t\u1ea5t c\u1ea3 c\u00e1c b\u1ed9 suit may t\u1ea1i HQ-EMPIRE \u0111\u1ec1u \u0111\u01b0\u1ee3c may \u1ed1ng tay m\u1edf khuy th\u1eadt v\u00e0 kh\u00e2u \u0111\u1ed9t to\u00e0n b\u1ed9 nh\u1eefng chi ti\u1ebft quan tr\u1ecdng tr\u00ean \u00e1o &#8211; \u0110\u00e2y l\u00e0 \u0111i\u1ec1u m\u00e0 kh\u00f4ng ph\u1ea3i n\u01a1i \u0111\u00e2u ng\u01b0\u1eddi ta c\u0169ng l\u00e0m !<\/strong><\/p>\n<p><strong>Khi \u0111\u1eb7t may s\u1ea3n ph\u1ea9m n\u00e0y c\u1ee7a HQ, b\u1ea1n c\u1ea7n bi\u1ebft r\u1eb1ng v\u1ea3i HOLLAND &amp; SHERRY\u00a0made in England\u00a0l\u00e0 m\u1ed9t lo\u1ea1i v\u1ea3i c\u1ee7a Top \u0111\u1ea7u c\u00e1c lo\u1ea1i v\u1ea3i t\u1ed1t nh\u1ea5t th\u1ebf gi\u1edbi.B\u1ea1n c\u1ea7n qua 29 Nguy\u1ec5n H\u1eefu Hu\u00e2n, H\u00e0 N\u1ed9i\u00a0\u0111\u1ec3 ch\u1ecdn m\u1eabu v\u1ea3i. Sau \u0111\u00f3 b\u1ea1n s\u1ebd \u0111\u01b0\u1ee3c t\u01b0 v\u1ea5n c\u1ee5 th\u1ec3, l\u1ea5y s\u1ed1 \u0111o v\u00e0 h\u1eb9n ng\u00e0y qua th\u1eed.\u00a0<\/strong><strong>Trung b\u00ecnh qu\u00e3ng th\u1eddi gian n\u00e0y di\u1ec5n ra m\u1ea5t kho\u1ea3ng t\u1eeb 7-10 ng\u00e0y. Gi\u00e1 m\u1ed9t b\u1ed9 suit khi ho\u00e0n thi\u1ec7n \u0111\u01b0\u1ee3c may b\u1eb1ng lo\u1ea1i \u0111\u00fang m\u00e3 v\u1ea3i n\u00e0y\u00a0<em>(Code : 601030 &#8211;\u00a0Charcoal Cable Stripe 3\/4 inch)<\/em>\u00a0s\u1ebd c\u00f3 gi\u00e1 12 tri\u1ec7u 500 ng\u00e0n \u0111\u00f4ng.<\/strong><\/p>\n<p><img loading=\"lazy\" decoding=\"async\" class=\"aligncenter wp-image-215 size-full\" src=\"https:\/\/demo.joycathouse.com\/wp-content\/uploads\/2021\/07\/13150862164_fedceb9274_o.jpg\" sizes=\"auto, (max-width: 374px) 100vw, 374px\" srcset=\"https:\/\/demo.joycathouse.com\/wp-content\/uploads\/2021\/07\/13150862164_fedceb9274_o.jpg 374w, https:\/\/demo.joycathouse.com\/wp-content\/uploads\/2021\/07\/13150862164_fedceb9274_o-300x181.jpg 300w\" alt=\"\" width=\"374\" height=\"226\" \/><\/p>\n<p><strong>Khi HQ h\u1eb9n b\u1ea1n qua th\u1eed \u0111\u1ed3ng ngh\u0129a v\u1edbi vi\u1ec7c sau 7-10 ng\u00e0y ti\u1ebfp theo b\u1ea1n s\u1ebd nh\u1eadn \u0111\u01b0\u1ee3c s\u1ea3n ph\u1ea9m ho\u00e0n ch\u1ec9nh.<\/strong><\/p>\n<p><strong>Trung b\u00ecnh to\u00e0n b\u1ed9 qu\u00e1 tr\u00ecnh th\u1ef1c hi\u1ec7n m\u1ed9t b\u1ed9 Bespoke Suit cho b\u1ea1n m\u1ea5t 15-20 ng\u00e0y.<\/strong><\/p>\n<p>&nbsp;<\/p>\n<p><strong><em>LABOR\u00a0PRICE\u00a0: USD 150 per 02 pcs suit &amp; USD 50 per gillet\/waistcoat, (2014)<\/em><\/strong><\/p>\n<p><img loading=\"lazy\" decoding=\"async\" class=\"aligncenter wp-image-214 size-full\" src=\"https:\/\/demo.joycathouse.com\/wp-content\/uploads\/2021\/07\/13371808194_96576405eb_o-1.jpg\" sizes=\"auto, (max-width: 550px) 100vw, 550px\" srcset=\"https:\/\/demo.joycathouse.com\/wp-content\/uploads\/2021\/07\/13371808194_96576405eb_o-1.jpg 550w, https:\/\/demo.joycathouse.com\/wp-content\/uploads\/2021\/07\/13371808194_96576405eb_o-1-300x103.jpg 300w\" alt=\"\" width=\"550\" height=\"188\" \/><\/p>\n<p>&nbsp;<\/p>\n<p><strong><img loading=\"lazy\" decoding=\"async\" class=\"aligncenter wp-image-213 size-full\" src=\"https:\/\/demo.joycathouse.com\/wp-content\/uploads\/2021\/07\/OKOK.png\" sizes=\"auto, (max-width: 333px) 100vw, 333px\" srcset=\"https:\/\/demo.joycathouse.com\/wp-content\/uploads\/2021\/07\/OKOK.png 333w, https:\/\/demo.joycathouse.com\/wp-content\/uploads\/2021\/07\/OKOK-300x32.png 300w\" alt=\"\" width=\"333\" height=\"36\" \/><\/strong><\/p>\n<\/div>\n<\/div>\n<\/div>\n<div class=\"product-details\"><\/div>\n<\/div>\n<\/div>\n<\/div>\n<\/div>\n<div class=\"left-column\">\n<div class=\"sidebox-categories-wrapper \">\n<h3 class=\"sidebox-title\"><\/h3>\n<\/div>\n<\/div>\n","protected":false},"excerpt":{"rendered":"<p>Nh\u1eefng b\u1ed9 Bespoke suit \u0111i c\u00f9ng th\u1eddi gian l\u00e0 d\u1ea1ng \u00e1o c\u00f3 ve x\u1ebfch &#8211; 2 h\u00e0ng khuy, d\u00e1ng \u00e1o &hellip; <a href=\"https:\/\/hq-empire.com\/?product=suit-co-ve-xech-2-hang-khuy-2\" class=\"more-link\"><span class=\"more-button\">Read More<span class=\"screen-reader-text\">SUIT c\u1ed5 ve x\u1ebfch &#8211; 2 h\u00e0ng khuy<\/span><\/span><\/a><\/p>\n","protected":false},"featured_media":223,"comment_status":"closed","ping_status":"closed","template":"","meta":[],"product_cat":[17],"product_tag":[],"class_list":{"0":"post-222","1":"product","2":"type-product","3":"status-publish","4":"has-post-thumbnail","6":"product_cat-business-suits","8":"first","9":"instock","10":"shipping-taxable","11":"product-type-simple"},"_links":{"self":[{"href":"https:\/\/hq-empire.com\/index.php?rest_route=\/wp\/v2\/product\/222","targetHints":{"allow":["GET"]}}],"collection":[{"href":"https:\/\/hq-empire.com\/index.php?rest_route=\/wp\/v2\/product"}],"about":[{"href":"https:\/\/hq-empire.com\/index.php?rest_route=\/wp\/v2\/types\/product"}],"replies":[{"embeddable":true,"href":"https:\/\/hq-empire.com\/index.php?rest_route=%2Fwp%2Fv2%2Fcomments&post=222"}],"wp:featuredmedia":[{"embeddable":true,"href":"https:\/\/hq-empire.com\/index.php?rest_route=\/wp\/v2\/media\/223"}],"wp:attachment":[{"href":"https:\/\/hq-empire.com\/index.php?rest_route=%2Fwp%2Fv2%2Fmedia&parent=222"}],"wp:term":[{"taxonomy":"product_cat","embeddable":true,"href":"https:\/\/hq-empire.com\/index.php?rest_route=%2Fwp%2Fv2%2Fproduct_cat&post=222"},{"taxonomy":"product_tag","embeddable":true,"href":"https:\/\/hq-empire.com\/index.php?rest_route=%2Fwp%2Fv2%2Fproduct_tag&post=222"}],"curies":[{"name":"wp","href":"https:\/\/api.w.org\/{rel}","templated":true}]}}